{"id":91,"date":"2021-07-04T04:17:19","date_gmt":"2021-07-04T04:17:19","guid":{"rendered":"https:\/\/bee.vision\/?page_id=91"},"modified":"2024-06-25T05:17:07","modified_gmt":"2024-06-25T05:17:07","slug":"camera-thong-minh","status":"publish","type":"page","link":"https:\/\/bee.vision\/camera-thong-minh\/","title":{"rendered":"CAMERA TH\u00d4NG MINH"},"content":{"rendered":"<ul class=\"wp-block-latest-posts wp-block-latest-posts__list\"><li><a href=\"https:\/\/bee.vision\/2024\/06\/19\/cognex-in-sight-snapp-2800\/\">Cognex In-Sight SnAPP 2800<\/a><div class=\"wp-block-latest-posts__post-excerpt\">B\u1ea1n t\u00f2 m\u00f2 mu\u1ed1n bi\u1ebft c\u1ea3m gi\u00e1c khi v\u1eeba c\u00f3 \u0111\u1ed9 ch\u00ednh x\u00e1c m\u00e0 v\u1eabn gi\u1eef \u0111\u01b0\u1ee3c s\u1ef1 \u0111\u01a1n gi\u1ea3n l\u00e0 nh\u01b0 th\u1ebf n\u00e0o? H\u00e3y ch\u00e0o \u0111\u00f3n ng\u00f4i sao m\u1edbi tr\u00ean s\u00e2n kh\u1ea5u s\u1ea3n xu\u1ea5t t\u1ef1 \u0111\u1ed9ng h\u00f3a &#8211; Cognex In-Sight SnAPP 2800! In-Sight SnAPP 2800 \u0111\u01b0\u1ee3c thi\u1ebft k\u1ebf h\u01b0\u1edbng t\u1edbi s\u1ef1 \u0111\u01a1n gi\u1ea3n. N\u00f3 cho ph\u00e9p b\u1ea5t k\u1ef3 ai c\u0169ng c\u00f3 th\u1ec3 t\u1ef1 \u0111\u1ed9ng h\u00f3a c\u00e1c nhi\u1ec7m v\u1ee5 ki\u1ec3m<br><br><a class=\"more-link\" href=\"https:\/\/bee.vision\/2024\/06\/19\/cognex-in-sight-snapp-2800\/\">Read More<\/a><\/div><\/li>\n<li><div class=\"wp-block-latest-posts__featured-image alignleft\"><img width=\"150\" height=\"112\" src=\"https:\/\/bee.vision\/wp-content\/uploads\/2021\/08\/rsz_insight5k.bmp\" class=\"attachment-thumbnail size-thumbnail wp-post-image\" alt=\"\" loading=\"lazy\" style=\"max-width:150px;max-height:150px;\" \/><\/div><a href=\"https:\/\/bee.vision\/2021\/08\/02\/cognex-in-sight-5600-5705\/\">Cognex In-Sight 5600\/5705<\/a><div class=\"wp-block-latest-posts__post-excerpt\">C\u00e1c t\u00ednh n\u0103ng c\u1ee7a d\u00f2ng In-Sight 5600\/5705 D\u00f2ng In-Sight 5705 cung c\u1ea5p hi\u1ec7u su\u1ea5t cao v\u00e0 \u0111\u1ed9 ph\u00e2n gi\u1ea3i 5 MP khi\u1ebfn n\u00f3 tr\u1edf th\u00e0nh h\u1ec7 th\u1ed1ng th\u1ecb gi\u00e1c kh\u00e9p k\u00edn nhanh nh\u1ea5t tr\u00ean th\u1ebf gi\u1edbi. In-Sight 5705 theo \u0111\u00f3 c\u0169ng l\u00e0 h\u1ec7 th\u1ed1ng x\u1eed l\u00fd h\u00ecnh \u1ea3nh m\u00e0u 5 MP \u0111\u1ed9c l\u1eadp duy nh\u1ea5t tr\u00ean th\u1ebf gi\u1edbi. C\u1ea3 hai h\u1ec7 th\u1ed1ng \u0111\u1ec1u h\u1ed7 tr\u1ee3 Gigabit Ethernet v\u00e0 c\u00f4ng c\u1ee5<br><br><a class=\"more-link\" href=\"https:\/\/bee.vision\/2021\/08\/02\/cognex-in-sight-5600-5705\/\">Read More<\/a><\/div><\/li>\n<li><div class=\"wp-block-latest-posts__featured-image alignleft\"><img width=\"150\" height=\"107\" src=\"https:\/\/bee.vision\/wp-content\/uploads\/2021\/08\/7K.bmp\" class=\"attachment-thumbnail size-thumbnail wp-post-image\" alt=\"\" loading=\"lazy\" style=\"max-width:150px;max-height:150px;\" \/><\/div><a href=\"https:\/\/bee.vision\/2021\/08\/02\/cognex-in-sight-7000\/\">Cognex In-Sight 7000<\/a><div class=\"wp-block-latest-posts__post-excerpt\">T\u00ednh n\u0103ng c\u1ee7a h\u1ec7 th\u1ed1ng In-Sight 7000 D\u00f2ng In-Sight 7000 l\u00e0 m\u1ed9t h\u1ec7 th\u1ed1ng th\u1ecb gi\u00e1c m\u00e1y m\u1ea1nh m\u1ebd v\u1edbi \u0111\u1ea7y \u0111\u1ee7 t\u00ednh n\u0103ng th\u1ef1c hi\u1ec7n vi\u1ec7c ki\u1ec3m tra h\u00e0ng lo\u1ea1t nhanh ch\u00f3ng v\u1edbi \u0111\u1ed9 ch\u00ednh x\u00e1c cao, \u0111\u00e1p \u1ee9ng m\u1ecdi nhu c\u1ea7u ki\u1ec3m tra trong c\u00f4ng nghi\u1ec7p. Thi\u1ebft k\u1ebf nh\u1ecf g\u1ecdn c\u1ee7a n\u00f3 d\u1ec5 d\u00e0ng ph\u00f9 h\u1ee3p v\u1edbi c\u00e1c d\u00e2y chuy\u1ec1n s\u1ea3n xu\u1ea5t h\u1ea1n ch\u1ebf v\u1ec1 kh\u00f4ng gian v\u00e0<br><br><a class=\"more-link\" href=\"https:\/\/bee.vision\/2021\/08\/02\/cognex-in-sight-7000\/\">Read More<\/a><\/div><\/li>\n<li><div class=\"wp-block-latest-posts__featured-image alignleft\"><img width=\"150\" height=\"81\" src=\"https:\/\/bee.vision\/wp-content\/uploads\/2021\/08\/8k.bmp\" class=\"attachment-thumbnail size-thumbnail wp-post-image\" alt=\"\" loading=\"lazy\" style=\"max-width:150px;max-height:150px;\" \/><\/div><a href=\"https:\/\/bee.vision\/2021\/08\/02\/cognex-in-sight-8000\/\">Cognex In-Sight 8000<\/a><div class=\"wp-block-latest-posts__post-excerpt\">T\u00ednh n\u0103ng c\u1ee7a h\u1ec7 th\u1ed1ng In-Sight 8000 D\u00f2ng thi\u1ebft k\u1ebf si\u00eau nh\u1ecf g\u1ecdn, h\u1ec7 th\u1ed1ng th\u1ecb gi\u00e1c m\u00e1y \u0111\u1ed9c l\u1eadp d\u1eabn \u0111\u1ea7u ng\u00e0nh c\u00f4ng nghi\u1ec7p v\u1edbi c\u00e1c c\u00f4ng c\u1ee5 x\u1eed l\u00fd h\u00ecnh \u1ea3nh mang ch\u1ea5t l\u01b0\u1ee3ng h\u00e0ng \u0111\u1ea7u, ch\u1ec9 g\u00f3i g\u1ecdn \u1edf d\u1ea1ng m\u1ed9t camera GigE Vision truy\u1ec1n th\u1ed1ng. V\u1edbi k\u00edch th\u01b0\u1edbc ch\u1ec9 35mm x 32mm x 76mm, t\u1ea5t c\u1ea3 c\u00e1c m\u1eabu In-Sight 8000 series \u0111\u1ec1u c\u00f3 t\u00ednh n\u0103ng c\u1ea5p<br><br><a class=\"more-link\" href=\"https:\/\/bee.vision\/2021\/08\/02\/cognex-in-sight-8000\/\">Read More<\/a><\/div><\/li>\n<li><div class=\"wp-block-latest-posts__featured-image alignleft\"><img width=\"150\" height=\"84\" src=\"https:\/\/bee.vision\/wp-content\/uploads\/2021\/08\/rsz_610a5095ada97.bmp\" class=\"attachment-thumbnail size-thumbnail wp-post-image\" alt=\"\" loading=\"lazy\" style=\"max-width:150px;max-height:150px;\" \/><\/div><a href=\"https:\/\/bee.vision\/2021\/08\/02\/cognex-in-sight-d900\/\">Cognex In-Sight D900<\/a><div class=\"wp-block-latest-posts__post-excerpt\">Gi\u1ea3i quy\u1ebft c\u00e1c v\u1ea5n \u0111\u1ec1 v\u1ec1 \u0111\u1ecdc OCR ki\u1ec3m tra ch\u00ednh t\u1ea3 v\u00e0 c\u00e1c \u1ee9ng d\u1ee5ng v\u1ec1 ki\u1ec3m tra khi\u1ebfm khuy\u1ebft c\u1ee7a s\u1ea3n ph\u1ea9m In-Sight D900 l\u00e0 m\u1ed9t m\u00e1y \u1ea3nh th\u00f4ng minh \u0111\u01b0\u1ee3c h\u1ed7 tr\u1ee3 b\u1edfi ph\u1ea7n m\u1ec1m In-Sight ViDi \u0111\u01b0\u1ee3c thi\u1ebft k\u1ebf \u0111\u1eb7c bi\u1ec7t \u0111\u1ec3 ch\u1ea1y c\u00e1c \u1ee9ng d\u1ee5ng Deep Learning. H\u1ec7 th\u1ed1ng n\u00e0y gi\u00fap nh\u1eefng nh\u00e0 m\u00e1y t\u1ef1 \u0111\u1ed9ng h\u00f3a d\u1ec5 d\u00e0ng gi\u1ea3i quy\u1ebft c\u00e1c \u1ee9ng d\u1ee5ng OCR<br><br><a class=\"more-link\" href=\"https:\/\/bee.vision\/2021\/08\/02\/cognex-in-sight-d900\/\">Read More<\/a><\/div><\/li>\n<li><div class=\"wp-block-latest-posts__featured-image alignleft\"><img width=\"150\" height=\"150\" src=\"https:\/\/bee.vision\/wp-content\/uploads\/2021\/08\/in-sight-9000-in-hand-150x150.jpg\" class=\"attachment-thumbnail size-thumbnail wp-post-image\" alt=\"\" loading=\"lazy\" style=\"max-width:150px;max-height:150px;\" srcset=\"https:\/\/bee.vision\/wp-content\/uploads\/2021\/08\/in-sight-9000-in-hand-150x150.jpg 150w, https:\/\/bee.vision\/wp-content\/uploads\/2021\/08\/in-sight-9000-in-hand-250x250.jpg 250w\" sizes=\"(max-width: 150px) 100vw, 150px\" \/><\/div><a href=\"https:\/\/bee.vision\/2021\/08\/02\/he-thong-thi-giac-may-in-sight-9000\/\">Cognex In-Sight 9000<\/a><div class=\"wp-block-latest-posts__post-excerpt\">T\u00ednh n\u0103ng c\u1ee7a h\u1ec7 th\u1ed1ng In-Sight 9000 In-Sight 9000 l\u00e0 m\u1ed9t d\u00f2ng h\u1ec7 th\u1ed1ng th\u1ecb gi\u00e1c \u0111\u1ed9c l\u1eadp ch\u1eafc ch\u1eafn, c\u00f3 \u0111\u1ed9 ph\u00e2n gi\u1ea3i c\u1ef1c cao. V\u1edbi kh\u1ea3 n\u0103ng ti\u1ebfp thu v\u00e0 x\u1eed l\u00fd h\u00ecnh \u1ea3nh \u0111\u1eb7c bi\u1ec7t chi ti\u1ebft, In-Sight 9000 mang l\u1ea1i \u0111\u1ed9 ch\u00ednh x\u00e1c cao v\u1edbi nh\u1eefng b\u00e0i to\u00e1n ph\u00e1t hi\u1ec7n, \u0111\u1ecbnh v\u1ecb, \u0111o l\u01b0\u1eddng v\u00e0 ki\u1ec3m tra v\u1edbi v\u00f9ng nh\u00ecn l\u1edbn th\u1eadm ch\u00ed khi \u0111\u01b0\u1ee3c g\u1eafn<br><br><a class=\"more-link\" href=\"https:\/\/bee.vision\/2021\/08\/02\/he-thong-thi-giac-may-in-sight-9000\/\">Read More<\/a><\/div><\/li>\n<\/ul>","protected":false},"excerpt":{"rendered":"","protected":false},"author":1,"featured_media":0,"parent":0,"menu_order":0,"comment_status":"closed","ping_status":"closed","template":"","meta":[],"_links":{"self":[{"href":"https:\/\/bee.vision\/wp-json\/wp\/v2\/pages\/91"}],"collection":[{"href":"https:\/\/bee.vision\/wp-json\/wp\/v2\/pages"}],"about":[{"href":"https:\/\/bee.vision\/wp-json\/wp\/v2\/types\/page"}],"author":[{"embeddable":true,"href":"https:\/\/bee.vision\/wp-json\/wp\/v2\/users\/1"}],"replies":[{"embeddable":true,"href":"https:\/\/bee.vision\/wp-json\/wp\/v2\/comments?post=91"}],"version-history":[{"count":8,"href":"https:\/\/bee.vision\/wp-json\/wp\/v2\/pages\/91\/revisions"}],"predecessor-version":[{"id":798,"href":"https:\/\/bee.vision\/wp-json\/wp\/v2\/pages\/91\/revisions\/798"}],"wp:attachment":[{"href":"https:\/\/bee.vision\/wp-json\/wp\/v2\/media?parent=91"}],"curies":[{"name":"wp","href":"https:\/\/api.w.org\/{rel}","templated":true}]}}