{"id":81,"date":"2021-07-04T04:06:27","date_gmt":"2021-07-04T04:06:27","guid":{"rendered":"https:\/\/bee.vision\/vn\/?page_id=81"},"modified":"2021-08-19T09:06:41","modified_gmt":"2021-08-19T09:06:41","slug":"ve-chung-toi","status":"publish","type":"page","link":"https:\/\/bee.vision\/vn\/ve-chung-toi\/","title":{"rendered":"V\u1ec0 CH\u00daNG T\u00d4I"},"content":{"rendered":"\n<p>BeeVision<a href=\"https:\/\/bee.vision\/vn\/\"> <\/a>lu\u00f4n \u0111\u1eb7t m\u1ee5c ti\u00eau ch\u1ea5t l\u01b0\u1ee3ng s\u1ea3n ph\u1ea9m, d\u1ecbch v\u1ee5 l\u00ean h\u00e0ng \u0111\u1ea7u. V\u1edbi \u0111\u1ed9i ng\u0169 k\u1ef9 s\u01b0 nhi\u1ec1u n\u0103m kinh nghi\u1ec7m l\u00e0m vi\u1ec7c trong c\u00e1c nh\u00e0 m\u00e1y l\u1edbn nh\u01b0 <a href=\"https:\/\/www.samsungdisplay.com\/vn\/intro\/loc-country.jsp\">Samsung Display Vietnam<\/a>, Samsung Electronic Vietnam, Nokia, Luxshare ICT,&#8230; \u0111\u01b0\u1ee3c ti\u1ebfp c\u1eadn v\u00e0 l\u00e0m vi\u1ec7c v\u1edbi nh\u1eefng c\u00f4ng ngh\u1ec7 th\u1ecb gi\u00e1c m\u1edbi nh\u1ea5t hi\u1ec7n nay, ch\u00fang t\u00f4i t\u1ef1 tin cam k\u1ebft \u0111em \u0111\u1ebfn ch\u1ea5t l\u01b0\u1ee3ng h\u00e0ng \u0111\u1ea7u trong l\u0129nh v\u1ef1c th\u1ecb gi\u00e1c m\u00e1y.<\/p>\n\n\n\n<p>BeeVision l\u00e0 \u0111\u1ed1i t\u00e1c ch\u00ednh th\u1ee9c c\u1ee7a r\u1ea5t c\u00f4ng ty h\u00e0ng \u0111\u1ea7u trong l\u0129nh v\u1ef1c th\u1ecb gi\u00e1c m\u00e1y nh\u01b0 <a href=\"https:\/\/www.cognex.com\/\">Cognex<\/a>, <a href=\"https:\/\/www.baslerweb.com\/en\/\">Basler<\/a>, <a href=\"https:\/\/en.optmv.com\/\">OPT<\/a>, <a href=\"https:\/\/smartvisionlights.com\/\">Smart Vision Lights<\/a>&#8230; Khi mua s\u1ea3n ph\u1ea9m t\u1eeb ch\u00fang t\u00f4i, kh\u00e1ch h\u00e0ng s\u1ebd \u0111\u01b0\u1ee3c t\u01b0 v\u1ea5n mi\u1ec5n ph\u00ed \u0111\u1ec3 ch\u1ecdn thi\u1ebft b\u1ecb ph\u00f9 h\u1ee3p.<\/p>\n\n\n\n<p>\u0110\u1ed9i ng\u0169 R&amp;D c\u1ee7a ch\u00fang t\u00f4i c\u0169ng \u0111\u00e3 ph\u00e1t tri\u1ec3n th\u00e0nh c\u00f4ng c\u00e1c ph\u1ea7n m\u1ec1m gi\u1ea3i ph\u00e1p v\u00e0 tr\u00ed tu\u1ec7 nh\u00e2n t\u1ea1o, \u1ee9ng d\u1ee5ng th\u1ef1c t\u1ebf t\u1ea1i nh\u00e0 m\u00e1y r\u1ea5t nhi\u1ec1u kh\u00e1ch h\u00e0ng.<\/p>\n","protected":false},"excerpt":{"rendered":"<p>BeeVision lu\u00f4n \u0111\u1eb7t m\u1ee5c ti\u00eau ch\u1ea5t l\u01b0\u1ee3ng s\u1ea3n ph\u1ea9m, d\u1ecbch v\u1ee5 l\u00ean h\u00e0ng \u0111\u1ea7u. V\u1edbi \u0111\u1ed9i ng\u0169 k\u1ef9 s\u01b0 nhi\u1ec1u n\u0103m kinh nghi\u1ec7m l\u00e0m vi\u1ec7c trong c\u00e1c nh\u00e0 m\u00e1y l\u1edbn nh\u01b0 Samsung Display Vietnam, Samsung Electronic Vietnam, Nokia, Luxshare ICT,&#8230; \u0111\u01b0\u1ee3c ti\u1ebfp c\u1eadn v\u00e0 l\u00e0m vi\u1ec7c v\u1edbi nh\u1eefng c\u00f4ng ngh\u1ec7 th\u1ecb gi\u00e1c m\u1edbi nh\u1ea5t hi\u1ec7n nay, ch\u00fang t\u00f4i t\u1ef1 tin cam k\u1ebft \u0111em \u0111\u1ebfn ch\u1ea5t l\u01b0\u1ee3ng h\u00e0ng \u0111\u1ea7u trong l\u0129nh<\/p>\n<p><a class=\"more-link\" href=\"https:\/\/bee.vision\/vn\/ve-chung-toi\/\">Read More<\/a><\/p>\n","protected":false},"author":1,"featured_media":0,"parent":0,"menu_order":0,"comment_status":"closed","ping_status":"closed","template":"","meta":[],"_links":{"self":[{"href":"https:\/\/bee.vision\/vn\/wp-json\/wp\/v2\/pages\/81"}],"collection":[{"href":"https:\/\/bee.vision\/vn\/wp-json\/wp\/v2\/pages"}],"about":[{"href":"https:\/\/bee.vision\/vn\/wp-json\/wp\/v2\/types\/page"}],"author":[{"embeddable":true,"href":"https:\/\/bee.vision\/vn\/wp-json\/wp\/v2\/users\/1"}],"replies":[{"embeddable":true,"href":"https:\/\/bee.vision\/vn\/wp-json\/wp\/v2\/comments?post=81"}],"version-history":[{"count":4,"href":"https:\/\/bee.vision\/vn\/wp-json\/wp\/v2\/pages\/81\/revisions"}],"predecessor-version":[{"id":258,"href":"https:\/\/bee.vision\/vn\/wp-json\/wp\/v2\/pages\/81\/revisions\/258"}],"wp:attachment":[{"href":"https:\/\/bee.vision\/vn\/wp-json\/wp\/v2\/media?parent=81"}],"curies":[{"name":"wp","href":"https:\/\/api.w.org\/{rel}","templated":true}]}}