{"id":752,"date":"2024-05-31T07:08:48","date_gmt":"2024-05-31T07:08:48","guid":{"rendered":"https:\/\/bee.vision\/vn\/?page_id=752"},"modified":"2024-05-31T07:29:37","modified_gmt":"2024-05-31T07:29:37","slug":"line-scan-camera","status":"publish","type":"page","link":"https:\/\/bee.vision\/vn\/line-scan-camera\/","title":{"rendered":"LINE SCAN CAMERA"},"content":{"rendered":"<ul class=\"wp-block-latest-posts wp-block-latest-posts__list has-dates\"><li><a href=\"https:\/\/bee.vision\/vn\/2024\/05\/31\/ral6144-16gm\/\">raL6144-16gm<\/a><time datetime=\"2024-05-31T08:04:27+00:00\" class=\"wp-block-latest-posts__post-date\">May 31, 2024<\/time><div class=\"wp-block-latest-posts__post-excerpt\">Camera line scan Basler raL6144-16gm, s\u1ea3n ph\u1ea9m l\u00fd t\u01b0\u1edfng cho c\u00e1c \u1ee9ng d\u1ee5ng c\u00f4ng nghi\u1ec7p y\u00eau c\u1ea7u \u0111\u1ed9 ch\u00ednh x\u00e1c v\u00e0 t\u1ed1c \u0111\u1ed9 cao.<\/div><\/li>\n<li><a href=\"https:\/\/bee.vision\/vn\/2024\/05\/31\/ral12288-8gm\/\">raL12288-8gm<\/a><time datetime=\"2024-05-31T07:28:05+00:00\" class=\"wp-block-latest-posts__post-date\">May 31, 2024<\/time><div class=\"wp-block-latest-posts__post-excerpt\">Camera line scan Basler raL12288-8gm l\u00e0 m\u1ed9t s\u1ea3n ph\u1ea9m ti\u00ean ti\u1ebfn trong d\u00f2ng camera c\u00f4ng nghi\u1ec7p.<\/div><\/li>\n<\/ul>","protected":false},"excerpt":{"rendered":"","protected":false},"author":4,"featured_media":0,"parent":0,"menu_order":0,"comment_status":"closed","ping_status":"closed","template":"","meta":[],"_links":{"self":[{"href":"https:\/\/bee.vision\/vn\/wp-json\/wp\/v2\/pages\/752"}],"collection":[{"href":"https:\/\/bee.vision\/vn\/wp-json\/wp\/v2\/pages"}],"about":[{"href":"https:\/\/bee.vision\/vn\/wp-json\/wp\/v2\/types\/page"}],"author":[{"embeddable":true,"href":"https:\/\/bee.vision\/vn\/wp-json\/wp\/v2\/users\/4"}],"replies":[{"embeddable":true,"href":"https:\/\/bee.vision\/vn\/wp-json\/wp\/v2\/comments?post=752"}],"version-history":[{"count":2,"href":"https:\/\/bee.vision\/vn\/wp-json\/wp\/v2\/pages\/752\/revisions"}],"predecessor-version":[{"id":760,"href":"https:\/\/bee.vision\/vn\/wp-json\/wp\/v2\/pages\/752\/revisions\/760"}],"wp:attachment":[{"href":"https:\/\/bee.vision\/vn\/wp-json\/wp\/v2\/media?parent=752"}],"curies":[{"name":"wp","href":"https:\/\/api.w.org\/{rel}","templated":true}]}}