{"id":723,"date":"2024-05-28T10:22:50","date_gmt":"2024-05-28T10:22:50","guid":{"rendered":"https:\/\/bee.vision\/vn\/?page_id=723"},"modified":"2024-05-29T06:26:12","modified_gmt":"2024-05-29T06:26:12","slug":"area-camera","status":"publish","type":"page","link":"https:\/\/bee.vision\/vn\/san-pham\/area-camera\/","title":{"rendered":"AREA CAMERA"},"content":{"rendered":"<ul class=\"wp-block-latest-posts wp-block-latest-posts__list\"><li><a href=\"https:\/\/bee.vision\/vn\/2025\/05\/30\/ra-mat-san-pham-moi-cognex-in-sight-8900\/\">S\u1ea2N PH\u1ea8M M\u1edaI: COGNEX IN-SIGHT 8900 &#8211; CAMERA C\u00d4NG NGHI\u1ec6P TH\u1ebe H\u1ec6 M\u1edaI, GI\u1ea2I PH\u00c1P TH\u1eca GI\u00c1C TH\u00d4NG MINH CHO NH\u00c0 M\u00c1Y HI\u1ec6N \u0110\u1ea0I<\/a><div class=\"wp-block-latest-posts__post-excerpt\">In-Sight 8900 \u2013 th\u1ebf h\u1ec7 smart camera m\u1edbi nh\u1ea5t t\u1eeb Cognex, mang \u0111\u1ebfn hi\u1ec7u su\u1ea5t v\u01b0\u1ee3t tr\u1ed9i trong m\u1ed9t thi\u1ebft b\u1ecb c\u00f3 k\u00edch th\u01b0\u1edbc si\u00eau nh\u1ecf g\u1ecdn. \u0110\u00e2y l\u00e0 gi\u1ea3i ph\u00e1p l\u00fd t\u01b0\u1edfng cho c\u00e1c nh\u00e0 m\u00e1y s\u1ea3n xu\u1ea5t, c\u00e1c nh\u00e0 t\u00edch h\u1ee3p h\u1ec7 th\u1ed1ng v\u00e0 OEM c\u1ea7n s\u1ef1 k\u1ebft h\u1ee3p gi\u1eefa s\u1ee9c m\u1ea1nh x\u1eed l\u00fd v\u00e0 t\u00ednh linh ho\u1ea1t v\u1ec1 thi\u1ebft k\u1ebf. \u0110i\u1ec3m n\u1ed5i b\u1eadt c\u1ee7a In-Sight 8900 C\u00f4ng<br><br><a class=\"more-link\" href=\"https:\/\/bee.vision\/vn\/2025\/05\/30\/ra-mat-san-pham-moi-cognex-in-sight-8900\/\">Read More<\/a><\/div><\/li>\n<li><a href=\"https:\/\/bee.vision\/vn\/2024\/12\/25\/a2a4012-glm-gmbas\/\">Camera Basler a2A4012-Glm-gmBas<\/a><div class=\"wp-block-latest-posts__post-excerpt\">Camera Basler a2A4012-Glm-gmBas l\u00e0 m\u1ed9t s\u1ea3n ph\u1ea9m n\u1ed5i b\u1eadt trong d\u00f2ng ace 2 R c\u1ee7a Basler, \u0111\u01b0\u1ee3c trang b\u1ecb c\u1ea3m bi\u1ebfn CMOS Sony IMX545 v\u1edbi nhi\u1ec1u t\u00ednh n\u0103ng v\u01b0\u1ee3t tr\u1ed9i. \u0110\u1eb7c \u0111i\u1ec3m n\u1ed5i b\u1eadt c\u1ee7a camera a2A4012-Glm-gmBas: Ch\u1ea5t l\u01b0\u1ee3ng h\u00ecnh \u1ea3nh cao: V\u1edbi \u0111\u1ed9 ph\u00e2n gi\u1ea3i 12.3 MP v\u00e0 c\u1ea3m bi\u1ebfn Sony IMX545, cung c\u1ea5p h\u00ecnh \u1ea3nh s\u1eafc n\u00e9t v\u00e0 chi ti\u1ebft, ph\u00f9 h\u1ee3p cho c\u00e1c \u1ee9ng d\u1ee5ng y\u00eau c\u1ea7u<br><br><a class=\"more-link\" href=\"https:\/\/bee.vision\/vn\/2024\/12\/25\/a2a4012-glm-gmbas\/\">Read More<\/a><\/div><\/li>\n<li><a href=\"https:\/\/bee.vision\/vn\/2024\/05\/29\/aca5472-5gm\/\">acA5472-5gm<\/a><div class=\"wp-block-latest-posts__post-excerpt\">Camera 20MP Basler v\u1edbi nhi\u1ec1u t\u00ednh n\u0103ng v\u01b0\u1ee3t tr\u1ed9i.<\/div><\/li>\n<li><a href=\"https:\/\/bee.vision\/vn\/2024\/05\/29\/aca1440-73gm\/\">acA1440-73gm<\/a><div class=\"wp-block-latest-posts__post-excerpt\">Camera Basler acA1440-73gm thu\u1ed9c d\u00f2ng s\u1ea3n ph\u1ea9m Ace c\u1ee7a Basler, m\u1ed9t trong nh\u1eefng nh\u00e0 s\u1ea3n xu\u1ea5t h\u00e0ng \u0111\u1ea7u v\u1ec1 camera c\u00f4ng nghi\u1ec7p. V\u1edbi hi\u1ec7u su\u1ea5t cao v\u00e0 gi\u00e1 c\u1ea3 ph\u1ea3i ch\u0103ng, camera n\u00e0y \u0111\u00e1p \u1ee9ng t\u1ed1t nhu c\u1ea7u c\u1ee7a nhi\u1ec1u \u1ee9ng d\u1ee5ng c\u00f4ng nghi\u1ec7p kh\u00e1c nhau, t\u1eeb t\u1ef1 \u0111\u1ed9ng h\u00f3a, ki\u1ec3m tra ch\u1ea5t l\u01b0\u1ee3ng, cho \u0111\u1ebfn nghi\u00ean c\u1ee9u khoa h\u1ecdc. Th\u00f4ng s\u1ed1 k\u1ef9 thu\u1eadt: acA1440-73gm Resolution (H x V Pixels)<br><br><a class=\"more-link\" href=\"https:\/\/bee.vision\/vn\/2024\/05\/29\/aca1440-73gm\/\">Read More<\/a><\/div><\/li>\n<li><a href=\"https:\/\/bee.vision\/vn\/2024\/02\/19\/cameracongnghiep-aca2500-14gm\/\">acA2500-14gm<\/a><div class=\"wp-block-latest-posts__post-excerpt\">Camera c\u00f4ng nghi\u1ec7p acA2500-14gm l\u00e0 m\u1ed9t trong nh\u1eefng s\u1ea3n ph\u1ea9m ti\u00eau bi\u1ec3u c\u1ee7a Basler, \u0111em \u0111\u1ebfn nh\u1eefng ti\u1ec7n \u00edch v\u00e0 kh\u1ea3 n\u0103ng v\u01b0\u1ee3t tr\u1ed9i cho vi\u1ec7c theo d\u00f5i v\u00e0 ghi l\u1ea1i trong m\u00f4i tr\u01b0\u1eddng c\u00f4ng nghi\u1ec7p. BeeVision vinh d\u1ef1 l\u00e0 nh\u00e0 cung c\u1ea5p ch\u00ednh th\u1ee9c c\u00e1c s\u1ea3n ph\u1ea9m c\u1ee7a Basler t\u1ea1i Vi\u1ec7t Nam. \u25c6 Th\u00f4ng S\u1ed1 K\u1ef9 Thu\u1eadt: Model acA2500-14gm Resolution (H x V Pixels) 2592 x 1942 Sensor onsemi<br><br><a class=\"more-link\" href=\"https:\/\/bee.vision\/vn\/2024\/02\/19\/cameracongnghiep-aca2500-14gm\/\">Read More<\/a><\/div><\/li>\n<li><a href=\"https:\/\/bee.vision\/vn\/2021\/08\/31\/aca2440-20gm\/\">acA2440-20gm<\/a><div class=\"wp-block-latest-posts__post-excerpt\">Camera acA2440-20gm &#8211; 5MP c\u1ee7a Basler \u0111\u00e3 tr\u1edf th\u00e0nh m\u1ed9t trong nh\u1eefng l\u1ef1a ch\u1ecdn h\u00e0ng \u0111\u1ea7u cho c\u00e1c nh\u00e0 s\u1ea3n xu\u1ea5t khi t\u00ecm ki\u1ebfm gi\u1ea3i ph\u00e1p nh\u00ecn m\u00e1y ch\u1ea5t l\u01b0\u1ee3ng cao. \u0110\u01b0\u1ee3c trang b\u1ecb c\u1ea3m bi\u1ebfn Sony IMX264 CMOS, camera n\u00e0y cung c\u1ea5p h\u00ecnh \u1ea3nh s\u1eafc n\u00e9t v\u1edbi \u0111\u1ed9 ph\u00e2n gi\u1ea3i 5 megapixel, \u0111\u1ea3m b\u1ea3o r\u1eb1ng m\u1ecdi chi ti\u1ebft \u0111\u1ec1u \u0111\u01b0\u1ee3c ghi l\u1ea1i m\u1ed9t c\u00e1ch ch\u00ednh x\u00e1chttps:\/\/docs.baslerweb.com\/aca2440-20gm. T\u00ednh N\u0103ng N\u1ed5i<br><br><a class=\"more-link\" href=\"https:\/\/bee.vision\/vn\/2021\/08\/31\/aca2440-20gm\/\">Read More<\/a><\/div><\/li>\n<\/ul>","protected":false},"excerpt":{"rendered":"","protected":false},"author":4,"featured_media":0,"parent":62,"menu_order":0,"comment_status":"closed","ping_status":"closed","template":"","meta":[],"_links":{"self":[{"href":"https:\/\/bee.vision\/vn\/wp-json\/wp\/v2\/pages\/723"}],"collection":[{"href":"https:\/\/bee.vision\/vn\/wp-json\/wp\/v2\/pages"}],"about":[{"href":"https:\/\/bee.vision\/vn\/wp-json\/wp\/v2\/types\/page"}],"author":[{"embeddable":true,"href":"https:\/\/bee.vision\/vn\/wp-json\/wp\/v2\/users\/4"}],"replies":[{"embeddable":true,"href":"https:\/\/bee.vision\/vn\/wp-json\/wp\/v2\/comments?post=723"}],"version-history":[{"count":3,"href":"https:\/\/bee.vision\/vn\/wp-json\/wp\/v2\/pages\/723\/revisions"}],"predecessor-version":[{"id":1009,"href":"https:\/\/bee.vision\/vn\/wp-json\/wp\/v2\/pages\/723\/revisions\/1009"}],"up":[{"embeddable":true,"href":"https:\/\/bee.vision\/vn\/wp-json\/wp\/v2\/pages\/62"}],"wp:attachment":[{"href":"https:\/\/bee.vision\/vn\/wp-json\/wp\/v2\/media?parent=723"}],"curies":[{"name":"wp","href":"https:\/\/api.w.org\/{rel}","templated":true}]}}