{"id":688,"date":"2024-05-28T06:33:05","date_gmt":"2024-05-28T06:33:05","guid":{"rendered":"https:\/\/bee.vision\/vn\/?page_id=688"},"modified":"2024-05-29T07:50:59","modified_gmt":"2024-05-29T07:50:59","slug":"tin-cong-ty","status":"publish","type":"page","link":"https:\/\/bee.vision\/vn\/tintuc\/tin-cong-ty\/","title":{"rendered":"TIN C\u00d4NG TY"},"content":{"rendered":"\n<p><\/p>\n\n\n<ul class=\"wp-block-latest-posts wp-block-latest-posts__list\"><li><a href=\"https:\/\/bee.vision\/vn\/2025\/07\/21\/thuc-tap-sinh-ky-thuat\/\">C\u01a0 H\u1ed8I NGH\u1ec0 NGHI\u1ec6P &#8211; BEEVISION TUY\u1ec2N D\u1ee4NG TH\u1ef0C T\u1eacP SINH 2025<\/a><div class=\"wp-block-latest-posts__post-excerpt\">B\u1ea1n l\u00e0 sinh vi\u00ean chuy\u00ean ng\u00e0nh K\u1ef9 thu\u1eadt T\u1ef1 \u0111\u1ed9ng h\u00f3a, K\u1ef9 thu\u1eadt C\u01a1-\u0110i\u1ec7n t\u1eed ho\u1eb7c c\u00e1c l\u0129nh v\u1ef1c li\u00ean quan v\u00e0 b\u1ea1n \u0111ang t\u00ecm ki\u1ebfm m\u1ed9t m\u00f4i tr\u01b0\u1eddng th\u1ef1c t\u1ebf \u0111\u1ec3 h\u1ecdc h\u1ecfi, ph\u00e1t tri\u1ec3n v\u00e0 t\u1ea1o d\u1ea5u \u1ea5n? B\u1ea1n c\u00f3 \u0111am m\u00ea v\u1edbi c\u00f4ng ngh\u1ec7 th\u1ecb gi\u00e1c m\u00e1y t\u00ednh, AI v\u00e0 t\u1ef1 \u0111\u1ed9ng h\u00f3a \u0111\u00e2y ch\u00ednh l\u00e0 c\u01a1 h\u1ed9i d\u00e0nh cho b\u1ea1n. BeeVision \u0111ang t\u00ecm ki\u1ebfm c\u00e1c \u1ee9ng<br><br><a class=\"more-link\" href=\"https:\/\/bee.vision\/vn\/2025\/07\/21\/thuc-tap-sinh-ky-thuat\/\">Read More<\/a><\/div><\/li>\n<li><a href=\"https:\/\/bee.vision\/vn\/2025\/07\/17\/ng-dng-machine-vision-va-iot-trong-sn-xut-thong-minh\/\">MACHINE VISION V\u00c0 IoT TRONG S\u1ea2N XU\u1ea4T<\/a><div class=\"wp-block-latest-posts__post-excerpt\">Trong c\u00e1ch m\u1ea1ng C\u00f4ng nghi\u1ec7p 4.0, c\u00e1c c\u00f4ng ngh\u1ec7 ti\u00ean ti\u1ebfn nh\u01b0\u00a0Machine Vision (th\u1ecb gi\u00e1c m\u00e1y)\u00a0v\u00e0\u00a0Internet of Things (IoT)\u00a0\u0111ang \u0111\u00f3ng vai tr\u00f2 quan tr\u1ecdng trong vi\u1ec7c chuy\u1ec3n \u0111\u1ed5i ng\u00e0nh s\u1ea3n xu\u1ea5t truy\u1ec1n th\u1ed1ng sang\u00a0S\u1ea3n Xu\u1ea5t Th\u00f4ng Minh (Smart Manufacturing). Nh\u1edd s\u1ef1 k\u1ebft h\u1ee3p gi\u1eefa hai c\u00f4ng ngh\u1ec7 n\u00e0y, doanh nghi\u1ec7p c\u00f3 th\u1ec3 n\u00e2ng cao hi\u1ec7u su\u1ea5t, gi\u1ea3m thi\u1ec3u l\u1ed7i v\u00e0 t\u1ed1i \u01b0u h\u00f3a quy tr\u00ecnh s\u1ea3n xu\u1ea5t m\u1ed9t c\u00e1ch hi\u1ec7u<br><br><a class=\"more-link\" href=\"https:\/\/bee.vision\/vn\/2025\/07\/17\/ng-dng-machine-vision-va-iot-trong-sn-xut-thong-minh\/\">Read More<\/a><\/div><\/li>\n<li><a href=\"https:\/\/bee.vision\/vn\/2025\/06\/02\/tre-em-hom-nay-the-gioi-ngay-mai\/\">C\u00d9NG BEEVISION M\u1eeaNG NG\u00c0Y QU\u1ed0C T\u1ebe THI\u1ebeU NHI 1\/6. TR\u1eba EM H\u00d4M NAY &#8211; TH\u1ebe GI\u1edaI NG\u00c0Y MAI<\/a><div class=\"wp-block-latest-posts__post-excerpt\">Ngu\u1ed3n g\u1ed1c ng\u00e0y Qu\u1ed1c t\u1ebf Thi\u1ebfu nhi (1\/6) Ngu\u1ed3n g\u1ed1c ng\u00e0y Qu\u1ed1c t\u1ebf Thi\u1ebfu nhi ra \u0111\u1eddi t\u1eeb n\u0103m 1925. Khi H\u1ed9i ngh\u1ecb Th\u1ebf gi\u1edbi v\u1ec1 Ph\u00fac l\u1ee3i Tr\u1ebb em \u0111\u01b0\u1ee3c t\u1ed5 ch\u1ee9c t\u1ea1i Geneva, Th\u1ee5y S\u0129. N\u0103m 1949, H\u1ed9i ngh\u1ecb Ph\u1ee5 n\u1eef Qu\u1ed1c t\u1ebf t\u1ea1i Moscow ch\u00ednh th\u1ee9c quy\u1ebft \u0111\u1ecbnh l\u1ea5y ng\u00e0y 1\/6 h\u1eb1ng n\u0103m l\u00e0m Ng\u00e0y Qu\u1ed1c t\u1ebf Thi\u1ebfu nhi. M\u1ee5c ti\u00eau l\u00e0 k\u00eau g\u1ecdi c\u00e1c qu\u1ed1c gia<br><br><a class=\"more-link\" href=\"https:\/\/bee.vision\/vn\/2025\/06\/02\/tre-em-hom-nay-the-gioi-ngay-mai\/\">Read More<\/a><\/div><\/li>\n<li><a href=\"https:\/\/bee.vision\/vn\/2025\/05\/30\/tet-doan-ngo-beevision\/\">T\u1ebeT \u0110OAN NG\u1ecc 5\/5 \u2013 C\u00d9NG  BEEVISION  \u201cDI\u1ec6T S\u00c2U B\u1ecc\u201d V\u00c0 G\u1eecI L\u1edcI Y\u00caU TH\u01af\u01a0NG NHAU!<\/a><div class=\"wp-block-latest-posts__post-excerpt\">H\u00e0 N\u1ed9i, ng\u00e0y 4\/5 \u00e2m l\u1ecbch \u2013 T\u1ea1i v\u0103n ph\u00f2ng BeeVision r\u1ed9n r\u00e0ng s\u1eafc m\u00e0u v\u00e0 h\u01b0\u01a1ng v\u1ecb truy\u1ec1n th\u1ed1ng. Kh\u00f4ng kh\u00ed l\u1ec5 T\u1ebft \u0110oan Ng\u1ecd c\u00f9ng nh\u1eefng lo\u1ea1i hoa qu\u1ea3 m\u00f9a h\u00e8 nh\u1eefng m\u00e2m b\u00e1nh tro, ly r\u01b0\u1ee3u n\u1ebfp \u0111\u00e3 th\u1ed5i b\u1eebng l\u00ean b\u1edfi tinh th\u1ea7n g\u1eafn k\u1ebft, s\u1ebb chia gi\u1eefa to\u00e0n th\u1ec3 nh\u00e2n vi\u00ean kh\u1ed1i v\u0103n ph\u00f2ng \u2013 nh\u1eefng ng\u01b0\u1eddi tr\u1ebb hi\u1ec7n \u0111\u1ea1i nh\u01b0ng lu\u00f4n tr\u00e2n qu\u00fd gi\u00e1<br><br><a class=\"more-link\" href=\"https:\/\/bee.vision\/vn\/2025\/05\/30\/tet-doan-ngo-beevision\/\">Read More<\/a><\/div><\/li>\n<li><a href=\"https:\/\/bee.vision\/vn\/2025\/05\/28\/vision-deep-learning\/\">Vision Deep Learning \u2013 C\u1eadp nh\u1eadt xu h\u01b0\u1edbng AI<\/a><div class=\"wp-block-latest-posts__post-excerpt\">C\u00f4ng ngh\u1ec7 tr\u00ed tu\u1ec7 nh\u00e2n t\u1ea1o (AI) \u0111ang thay \u0111\u1ed5i c\u00e1ch c\u00e1c doanh nghi\u1ec7p v\u1eadn h\u00e0nh v\u00e0 t\u1ed1i \u01b0u quy tr\u00ecnh s\u1ea3n xu\u1ea5t, ki\u1ec3m tra ch\u1ea5t l\u01b0\u1ee3ng v\u00e0 ph\u00e2n t\u00edch d\u1eef li\u1ec7u. Trong khu\u00f4n kh\u1ed5 c\u00e1c ho\u1ea1t \u0111\u1ed9ng h\u1ee3p t\u00e1c chi\u1ebfn l\u01b0\u1ee3c, \u0111\u1ed9i ng\u0169 k\u1ef9 s\u01b0 c\u00f4ng ngh\u1ec7 c\u1ee7a BeeVision v\u00e0 Cognex \u0111\u00e3 tr\u1ef1c ti\u1ebfp tri\u1ec3n khai bu\u1ed5i demo gi\u1ea3i ph\u00e1p &#8220;Vision Deep Learning&#8221; t\u1ea1i doanh nghi\u1ec7p kh\u00e1ch h\u00e0ng \u2013<br><br><a class=\"more-link\" href=\"https:\/\/bee.vision\/vn\/2025\/05\/28\/vision-deep-learning\/\">Read More<\/a><\/div><\/li>\n<li><a href=\"https:\/\/bee.vision\/vn\/2025\/04\/25\/mung-sinh-nhat-cong-ty-co-phan-ky-thuat-beevision-7-tuoiz\/\">M\u1eeaNG SINH NH\u1eacT C\u00d4NG TY C\u1ed4 PH\u1ea6N K\u1ef8 THU\u1eacT BEEVISION 7 TU\u1ed4I<\/a><div class=\"wp-block-latest-posts__post-excerpt\">Ng\u00e0y 24\/04\/2025, C\u00f4ng ty c\u1ed5 ph\u1ea7n k\u1ef9 thu\u1eadt BEEVISION \u0111\u00e3 t\u1ed5 ch\u1ee9c bu\u1ed5i th\u1ed5i n\u1ebfn th\u00e2n m\u1eadt nh\u00e2n d\u1ecbp 7 n\u0103m th\u00e0nh l\u1eadp (24\/04\/2018 \u2013 24\/04\/2025). Trong kh\u00f4ng kh\u00ed g\u1ea7n g\u0169i h\u01a1n 20 nh\u00e2n vi\u00ean v\u0103n ph\u00f2ng c\u1ee7a BeeVision c\u00f9ng v\u1edbi nhi\u1ec1u s\u1ef1 chia s\u1ebb v\u00e0 t\u00e2m s\u1ef1 &nbsp;\u00fd ngh\u0129a c\u1ee7a ban l\u00e3nh \u0111\u1ea1o c\u00f4ng ty, \u0111\u00e3 mang l\u1ea1i nhi\u1ec1u c\u1ea3m x\u00fac v\u00e0 k\u1ef7 ni\u1ec7m kh\u00f3 qu\u00ean t\u1edbi nh\u1eefng th\u00e0nh<br><br><a class=\"more-link\" href=\"https:\/\/bee.vision\/vn\/2025\/04\/25\/mung-sinh-nhat-cong-ty-co-phan-ky-thuat-beevision-7-tuoiz\/\">Read More<\/a><\/div><\/li>\n<li><a href=\"https:\/\/bee.vision\/vn\/2025\/04\/11\/buoc-ngoat-moi-beevision-tro-thanh-doi-tac-chien-luoc-cua-inovance-2025\/\">B\u01b0\u1edbc Ngo\u1eb7t M\u1edbi: BeeVision Tr\u1edf Th\u00e0nh \u0110\u1ed1i T\u00e1c Chi\u1ebfn L\u01b0\u1ee3c C\u1ee7a Inovance 2025!<\/a><div class=\"wp-block-latest-posts__post-excerpt\">N\u0103m 2025 s\u1ebd l\u00e0 m\u1ed9t n\u0103m \u0111\u1ea7y chuy\u1ec3n m\u00ecnh \u0111\u1ed1i v\u1edbi BeeVision. C\u00f4ng ty ch\u00ednh th\u1ee9c tr\u1edf th\u00e0nh \u0111\u1ed1i t\u00e1c chi\u1ebfn l\u01b0\u1ee3c v\u1edbi Inovance \u2013 m\u1ed9t trong nh\u1eefng t\u00ean tu\u1ed5i l\u1edbn trong l\u0129nh v\u1ef1c t\u1ef1 \u0111\u1ed9ng h\u00f3a c\u00f4ng nghi\u1ec7p. S\u1ef1 ki\u1ec7n n\u00e0y kh\u00f4ng ch\u1ec9 mang l\u1ea1i c\u01a1 h\u1ed9i l\u1edbn cho c\u1ea3 hai b\u00ean m\u00e0 c\u00f2n h\u1ee9a h\u1eb9n s\u1ebd m\u1edf ra m\u1ed9t k\u1ef7 nguy\u00ean m\u1edbi trong vi\u1ec7c ph\u00e1t tri\u1ec3n c\u00e1c gi\u1ea3i<br><br><a class=\"more-link\" href=\"https:\/\/bee.vision\/vn\/2025\/04\/11\/buoc-ngoat-moi-beevision-tro-thanh-doi-tac-chien-luoc-cua-inovance-2025\/\">Read More<\/a><\/div><\/li>\n<li><a href=\"https:\/\/bee.vision\/vn\/2025\/03\/14\/beevision-cognexs-golden-partner-2024\/\">BeeVision &#8211; Cognex&#8217;s golden partner 2024<\/a><div class=\"wp-block-latest-posts__post-excerpt\">BeeVision l\u00e0 m\u1ed9t trong nh\u1eefng t\u00ean tu\u1ed5i n\u1ed5i b\u1eadt trong l\u0129nh v\u1ef1c Machine Vision. N\u0103m 2024 c\u00f4ng ty \u0111\u00e3 vinh d\u1ef1 khi tr\u1edf th\u00e0nh Cognex&#8217;s golden partner t\u1ea1i Vi\u1ec7t Nam. S\u1ef1 ki\u1ec7n n\u00e0y \u0111\u00e1nh d\u1ea5u m\u1ed9t b\u01b0\u1edbc ngo\u1eb7t quan tr\u1ecdng, kh\u1eb3ng \u0111\u1ecbnh v\u1ecb th\u1ebf c\u1ee7a BeeVision trong ng\u00e0nh c\u00f4ng ngh\u1ec7 th\u1ecb gi\u00e1c m\u00e1y. BeeVision kh\u00f4ng ng\u1eebng m\u1edf r\u1ed9ng kh\u1ea3 n\u0103ng \u1ee9ng d\u1ee5ng Machine Vision v\u00e0o c\u00e1c l\u0129nh v\u1ef1c nh\u01b0 s\u1ea3n<br><br><a class=\"more-link\" href=\"https:\/\/bee.vision\/vn\/2025\/03\/14\/beevision-cognexs-golden-partner-2024\/\">Read More<\/a><\/div><\/li>\n<li><a href=\"https:\/\/bee.vision\/vn\/2025\/03\/13\/co-hoi-nghe-nghiep-tuyet-voi-beevision-tuyen-dung-nhan-vien-ke-toan\/\">C\u01a0 H\u1ed8I NGH\u1ec0 NGHI\u1ec6P TUY\u1ec6T V\u1edcI &#8211; BEEVISION TUY\u1ec2N D\u1ee4NG NH\u00c2N VI\u00caN K\u1ebe TO\u00c1N 2025<\/a><div class=\"wp-block-latest-posts__post-excerpt\">B\u1ea1n l\u00e0 ng\u01b0\u1eddi t\u1ec9 m\u1ec9, c\u00f3 \u0111\u1ea7u \u00f3c t\u00ednh to\u00e1n v\u00e0 \u0111am m\u00ea v\u1edbi l\u0129nh v\u1ef1c t\u00e0i ch\u00ednh? B\u1ea1n \u0111ang t\u00ecm ki\u1ebfm m\u1ed9t c\u01a1 h\u1ed9i \u0111\u1ec3 ph\u00e1t tri\u1ec3n ngh\u1ec1 nghi\u1ec7p trong m\u1ed9t m\u00f4i tr\u01b0\u1eddng n\u0103ng \u0111\u1ed9ng v\u00e0 tr\u1ebb trung? T\u1ea1i BeeVision ch\u00fang t\u00f4i \u0111ang tuy\u1ec3n d\u1ee5ng v\u1ecb tr\u00ed Nh\u00e2n vi\u00ean K\u1ebf to\u00e1n, c\u00f2n ch\u1ea7n ch\u1eeb g\u00ec n\u1eefa, nhanh tay apply ngay th\u00f4i n\u00e0o. M\u00f4 t\u1ea3 c\u00f4ng vi\u1ec7c Ki\u1ec3m tra ch\u1ee9ng<br><br><a class=\"more-link\" href=\"https:\/\/bee.vision\/vn\/2025\/03\/13\/co-hoi-nghe-nghiep-tuyet-voi-beevision-tuyen-dung-nhan-vien-ke-toan\/\">Read More<\/a><\/div><\/li>\n<li><a href=\"https:\/\/bee.vision\/vn\/2025\/03\/13\/tuyn-dng-k-s-t-dng-hoa\/\">C\u01a0 H\u1ed8I NGH\u1ec0 NGHI\u1ec6P H\u1ea4P D\u1eaaN &#8211; BEEVISION TUY\u1ec2N D\u1ee4NG K\u1ef8 S\u01af T\u1ef0 \u0110\u1ed8NG H\u00d3A 2025<\/a><div class=\"wp-block-latest-posts__post-excerpt\">BeeVision &#8211; m\u1ed9t trong nh\u1eefng c\u00f4ng ty h\u00e0ng \u0111\u1ea7u trong l\u0129nh v\u1ef1c machine vision t\u1ea1i Vi\u1ec7t Nam, \u0111ang t\u00ecm ki\u1ebfm nh\u1eefng \u1ee9ng vi\u00ean t\u00e0i n\u0103ng gia nh\u1eadp \u0111\u1ed9i ng\u0169 K\u1ef9 S\u01b0 T\u1ef1 \u0110\u1ed9ng H\u00f3a t\u1ea1i BeeVision M\u1ee9c l\u01b0\u01a1ng: Th\u1ecfa thu\u1eadn theo n\u0103ng l\u1ef1c \u1ee9ng vi\u00ean M\u00f4 t\u1ea3 c\u00f4ng vi\u1ec7c Thi\u1ebft k\u1ebf, l\u1eadp tr\u00ecnh v\u00e0 tri\u1ec3n khai c\u00e1c h\u1ec7 th\u1ed1ng t\u1ef1 \u0111\u1ed9ng h\u00f3a trong c\u00e1c d\u1ef1 \u00e1n kh\u00e1ch h\u00e0ng. C\u00e0i \u0111\u1eb7t,<br><br><a class=\"more-link\" href=\"https:\/\/bee.vision\/vn\/2025\/03\/13\/tuyn-dng-k-s-t-dng-hoa\/\">Read More<\/a><\/div><\/li>\n<li><a href=\"https:\/\/bee.vision\/vn\/2024\/11\/14\/beevision-thong-bao-tuyen-dung-nhan-vien-xuat-nhap-khau\/\">BEEVISION TH\u00d4NG B\u00c1O TUY\u1ec2N D\u1ee4NG NH\u00c2N VI\u00caN XU\u1ea4T NH\u1eacP KH\u1ea8U<\/a><div class=\"wp-block-latest-posts__post-excerpt\">C\u00d4NG TY C\u1ed4 PH\u1ea6N K\u1ef8 THU\u1eacT BEEVISION Chuy\u00ean t\u01b0 v\u1ea5n, cung c\u1ea5p c\u00e1c gi\u1ea3i ph\u00e1p v\u00e0 thi\u1ebft b\u1ecb trong ngh\u00e0nh c\u00f4ng nghi\u1ec7p m\u00e3 v\u1ea1ch, t\u1ef1 \u0111\u1ed9ng h\u00f3a, gi\u1ea3i ph\u00e1p Camera ki\u1ec3m tra ngo\u1ea1i quan s\u1ea3n ph\u1ea9m, machine vision, nh\u00e0 m\u00e1y, khu c\u00f4ng nghi\u1ec7p Nh\u1eb1m \u0111\u00e1p \u1ee9ng quy m\u00f4 ph\u00e1t tri\u1ec3n,&nbsp;C\u00f4ng ty C\u1ed5 ph\u1ea7n K\u1ef9 thu\u1eadt BeeVision c\u1ea7n t\u00ecm ki\u1ebfm nh\u00e2n s\u1ef1 cho v\u1ecb tr\u00ed Nh\u00e2n vi\u00ean Xu\u1ea5t nh\u1eadp kh\u1ea9u. A.<br><br><a class=\"more-link\" href=\"https:\/\/bee.vision\/vn\/2024\/11\/14\/beevision-thong-bao-tuyen-dung-nhan-vien-xuat-nhap-khau\/\">Read More<\/a><\/div><\/li>\n<li><a href=\"https:\/\/bee.vision\/vn\/2024\/10\/10\/ky-niem-70-nam-ngay-giai-phong-thu-do-ha-noi\/\">K\u1ef6 NI\u1ec6M 70 N\u0102M NG\u00c0Y GI\u1ea2I PH\u00d3NG TH\u1ee6 \u0110\u00d4 H\u00c0 N\u1ed8I<\/a><div class=\"wp-block-latest-posts__post-excerpt\">Ng\u00e0y 10\/10\/1954, Th\u1ee7 \u0111\u00f4 H\u00e0 N\u1ed9i r\u1ef1c r\u1ee1 trong ni\u1ec1m vui gi\u1ea3i ph\u00f3ng, \u0111\u00e1nh d\u1ea5u m\u1ed9t trang s\u1eed m\u1edbi cho Th\u1ee7 \u0111\u00f4 ng\u00e0n n\u0103m v\u0103n hi\u1ebfn.H\u00e0 N\u1ed9i, tr\u00e1i tim c\u1ee7a \u0111\u1ea5t n\u01b0\u1edbc, \u0111\u00e3 tr\u1ea3i qua nhi\u1ec1u th\u0103ng tr\u1ea7m l\u1ecbch s\u1eed. Trong su\u1ed1t 70 n\u0103m qua, Th\u1ee7 \u0111\u00f4 kh\u00f4ng ng\u1eebng ph\u00e1t tri\u1ec3n, t\u1eeb m\u1ed9t th\u00e0nh ph\u1ed1 chi\u1ebfn tranh tr\u1edf th\u00e0nh m\u1ed9t trung t\u00e2m v\u0103n h\u00f3a, kinh t\u1ebf v\u00e0 ch\u00ednh tr\u1ecb s\u00f4i<br><br><a class=\"more-link\" href=\"https:\/\/bee.vision\/vn\/2024\/10\/10\/ky-niem-70-nam-ngay-giai-phong-thu-do-ha-noi\/\">Read More<\/a><\/div><\/li>\n<li><a href=\"https:\/\/bee.vision\/vn\/2024\/08\/23\/chao-mung-ngay-quoc-khanh-viet-nam-2-9\/\">Ch\u00e0o M\u1eebng Ng\u00e0y Qu\u1ed1c Kh\u00e1nh Vi\u1ec7t Nam 2\/9<\/a><div class=\"wp-block-latest-posts__post-excerpt\">Ng\u00e0y 2\/9 l\u00e0 m\u1ed9t ng\u00e0y quan tr\u1ecdng \u1edf Vi\u1ec7t Nam, \u0111\u00e1nh d\u1ea5u ng\u00e0y Qu\u1ed1c Kh\u00e1nh. V\u00e0o ng\u00e0y n\u00e0y n\u0103m 1945, Ch\u1ee7 t\u1ecbch H\u1ed3 Ch\u00ed Minh \u0111\u00e3 tuy\u00ean b\u1ed1 \u0111\u1ed9c l\u1eadp, ch\u1ea5m d\u1ee9t \u00e1ch th\u1ed1ng tr\u1ecb th\u1ef1c d\u00e2n v\u00e0 th\u00e0nh l\u1eadp n\u01b0\u1edbc Vi\u1ec7t Nam D\u00e2n ch\u1ee7 C\u1ed9ng h\u00f2a. S\u1ef1 ki\u1ec7n l\u1ecbch s\u1eed n\u00e0y \u0111\u01b0\u1ee3c k\u1ef7 ni\u1ec7m h\u00e0ng n\u0103m v\u1edbi nhi\u1ec1u ho\u1ea1t \u0111\u1ed9ng nh\u01b0 di\u1ec5u h\u00e0nh, bi\u1ec3u di\u1ec5n v\u0103n h\u00f3a v\u00e0 c\u00e1c<br><br><a class=\"more-link\" href=\"https:\/\/bee.vision\/vn\/2024\/08\/23\/chao-mung-ngay-quoc-khanh-viet-nam-2-9\/\">Read More<\/a><\/div><\/li>\n<li><a href=\"https:\/\/bee.vision\/vn\/2024\/06\/19\/cognex-in-sight-snapp-2800\/\">Cognex In-Sight SnAPP 2800<\/a><div class=\"wp-block-latest-posts__post-excerpt\">B\u1ea1n t\u00f2 m\u00f2 mu\u1ed1n bi\u1ebft c\u1ea3m gi\u00e1c khi v\u1eeba c\u00f3 \u0111\u1ed9 ch\u00ednh x\u00e1c m\u00e0 v\u1eabn gi\u1eef \u0111\u01b0\u1ee3c s\u1ef1 \u0111\u01a1n gi\u1ea3n l\u00e0 nh\u01b0 th\u1ebf n\u00e0o? H\u00e3y ch\u00e0o \u0111\u00f3n ng\u00f4i sao m\u1edbi tr\u00ean s\u00e2n kh\u1ea5u s\u1ea3n xu\u1ea5t t\u1ef1 \u0111\u1ed9ng h\u00f3a &#8211; Cognex In-Sight SnAPP 2800! In-Sight SnAPP 2800 \u0111\u01b0\u1ee3c thi\u1ebft k\u1ebf h\u01b0\u1edbng t\u1edbi s\u1ef1 \u0111\u01a1n gi\u1ea3n. N\u00f3 cho ph\u00e9p b\u1ea5t k\u1ef3 ai c\u0169ng c\u00f3 th\u1ec3 t\u1ef1 \u0111\u1ed9ng h\u00f3a c\u00e1c nhi\u1ec7m v\u1ee5 ki\u1ec3m<br><br><a class=\"more-link\" href=\"https:\/\/bee.vision\/vn\/2024\/06\/19\/cognex-in-sight-snapp-2800\/\">Read More<\/a><\/div><\/li>\n<li><a href=\"https:\/\/bee.vision\/vn\/2024\/06\/14\/ngay-quoc-te-hien-mau-the-gioi14-6-mot-hanh-dong-nho-mot-y-nghia-lon\/\">Ng\u00e0y Qu\u1ed1c t\u1ebf Hi\u1ebfn m\u00e1u Th\u1ebf gi\u1edbi(14\/6): M\u1ed9t H\u00e0nh \u0110\u1ed9ng Nh\u1ecf, M\u1ed9t \u00dd Ngh\u0129a L\u1edbn<\/a><div class=\"wp-block-latest-posts__post-excerpt\">Ng\u00e0y 14 th\u00e1ng 6 h\u00e0ng n\u0103m, ch\u00fang ta k\u1ef7 ni\u1ec7m m\u1ed9t s\u1ef1 ki\u1ec7n \u0111\u1eb7c bi\u1ec7t mang t\u1ea7m quan tr\u1ecdng to\u00e0n c\u1ea7u &#8211; Ng\u00e0y Qu\u1ed1c t\u1ebf Hi\u1ebfn m\u00e1u Th\u1ebf gi\u1edbi. \u0110\u00e2y kh\u00f4ng ch\u1ec9 l\u00e0 d\u1ecbp \u0111\u1ec3 tri \u00e2n nh\u1eefng ng\u01b0\u1eddi hi\u1ebfn m\u00e1u kh\u00f4ng v\u1ee5 l\u1ee3i, m\u00e0 c\u00f2n l\u00e0 c\u01a1 h\u1ed9i \u0111\u1ec3 c\u1ea3 th\u1ebf gi\u1edbi c\u00f9ng nhau nh\u00ecn nh\u1eadn l\u1ea1i gi\u00e1 tr\u1ecb c\u1ee7a h\u00e0nh \u0111\u1ed9ng hi\u1ebfn m\u00e1u &#8211; m\u1ed9t h\u00e0nh \u0111\u1ed9ng nh\u1ecf<br><br><a class=\"more-link\" href=\"https:\/\/bee.vision\/vn\/2024\/06\/14\/ngay-quoc-te-hien-mau-the-gioi14-6-mot-hanh-dong-nho-mot-y-nghia-lon\/\">Read More<\/a><\/div><\/li>\n<li><a href=\"https:\/\/bee.vision\/vn\/2024\/06\/05\/basler-ra-mat-san-pham-camera-area-voi-do-phan-giai-128mp-buoc-dot-pha-trong-cong-nghe-hinh-anh\/\">Basler Ra M\u1eaft S\u1ea3n Ph\u1ea9m Camera Area V\u1edbi \u0110\u1ed9 Ph\u00e2n Gi\u1ea3i 128MP: B\u01b0\u1edbc \u0110\u1ed9t Ph\u00e1 Trong C\u00f4ng Ngh\u1ec7 H\u00ecnh \u1ea2nh<\/a><div class=\"wp-block-latest-posts__post-excerpt\">Basler AG, m\u1ed9t trong nh\u1eefng nh\u00e0 s\u1ea3n xu\u1ea5t h\u00e0ng \u0111\u1ea7u th\u1ebf gi\u1edbi v\u1ec1 c\u00e1c gi\u1ea3i ph\u00e1p h\u00ecnh \u1ea3nh k\u1ef9 thu\u1eadt s\u1ed1, v\u1eeba c\u00f4ng b\u1ed1 s\u1ea3n ph\u1ea9m camera area v\u1edbi \u0111\u1ed9 ph\u00e2n gi\u1ea3i l\u00ean \u0111\u1ebfn 128MP. \u0110\u00e2y l\u00e0 m\u1ed9t b\u01b0\u1edbc ti\u1ebfn quan tr\u1ecdng trong l\u0129nh v\u1ef1c c\u00f4ng ngh\u1ec7 h\u00ecnh \u1ea3nh, mang l\u1ea1i nh\u1eefng \u1ee9ng d\u1ee5ng r\u1ed9ng r\u00e3i v\u00e0 ti\u1ec1m n\u0103ng trong nhi\u1ec1u ng\u00e0nh c\u00f4ng nghi\u1ec7p. C\u00f4ng Ngh\u1ec7 Ti\u00ean Ti\u1ebfn Ph\u00eda Sau<br><br><a class=\"more-link\" href=\"https:\/\/bee.vision\/vn\/2024\/06\/05\/basler-ra-mat-san-pham-camera-area-voi-do-phan-giai-128mp-buoc-dot-pha-trong-cong-nghe-hinh-anh\/\">Read More<\/a><\/div><\/li>\n<li><a href=\"https:\/\/bee.vision\/vn\/2024\/05\/29\/cognex-ra-mat-dau-doc-ma-vach-dataman-80\/\">Cognex ra m\u1eaft \u0110\u1ea7u \u0111\u1ecdc m\u00e3 v\u1ea1ch DataMan 80<\/a><div class=\"wp-block-latest-posts__post-excerpt\">Cognex vui m\u1eebng th\u00f4ng b\u00e1o v\u1ec1 vi\u1ec7c ph\u00e1t h\u00e0nh to\u00e0n c\u1ea7u \u0111\u1ea7u \u0111\u1ecdc g\u1eafn c\u1ed1 \u0111\u1ecbnh DataMan 80.<\/div><\/li>\n<li><a href=\"https:\/\/bee.vision\/vn\/2024\/05\/28\/tintuccongty-cong-ty-co-phan-ky-thuat-beevision-tao-an-tuong-manh-tai-ngay-hoi-viec-lam-truong-su-pham-ky-thuat-hung-yen\/\">C\u00f4ng Ty C\u1ed5 Ph\u1ea7n K\u1ef9 Thu\u1eadt BeeVision T\u1ea1o \u1ea4n T\u01b0\u1ee3ng M\u1ea1nh T\u1ea1i &#8221;Ng\u00e0y H\u1ed9i Vi\u1ec7c L\u00e0m&#8221; Tr\u01b0\u1eddng \u0110\u1ea1i H\u1ecdc S\u01b0 Ph\u1ea1m K\u1ef9 Thu\u1eadt H\u01b0ng Y\u00ean<\/a><div class=\"wp-block-latest-posts__post-excerpt\">Trong kh\u00f4ng kh\u00ed n\u00e1o n\u1ee9c c\u1ee7a &#8216;Ng\u00e0y H\u1ed9i Vi\u1ec7c L\u00e0m&#8217;, C\u00f4ng Ty C\u1ed5 Ph\u1ea7n K\u1ef9 Thu\u1eadt BeeVision \u0111\u00e3 \u0111\u1ec3 l\u1ea1i d\u1ea5u \u1ea5n \u0111\u1eadm n\u00e9t t\u1ea1i Tr\u01b0\u1eddng \u0110\u1ea1i H\u1ecdc S\u01b0 Ph\u1ea1m K\u1ef9 Thu\u1eadt H\u01b0ng Y\u00ean v\u1edbi s\u1ef1 tham gia nhi\u1ec7t t\u00ecnh v\u00e0 chu\u1ea9n b\u1ecb chu \u0111\u00e1o. S\u1ef1 ki\u1ec7n n\u00e0y kh\u00f4ng ch\u1ec9 l\u00e0 c\u01a1 h\u1ed9i \u0111\u1ec3 sinh vi\u00ean ti\u1ebfp c\u1eadn v\u1edbi th\u1ecb tr\u01b0\u1eddng lao \u0111\u1ed9ng m\u00e0 c\u00f2n l\u00e0 d\u1ecbp \u0111\u1ec3 BeeVision gi\u1edbi<br><br><a class=\"more-link\" href=\"https:\/\/bee.vision\/vn\/2024\/05\/28\/tintuccongty-cong-ty-co-phan-ky-thuat-beevision-tao-an-tuong-manh-tai-ngay-hoi-viec-lam-truong-su-pham-ky-thuat-hung-yen\/\">Read More<\/a><\/div><\/li>\n<li><a href=\"https:\/\/bee.vision\/vn\/2024\/05\/28\/tintuccongty-beevisionlanhaphanphoibachkimcuacognextaivietnam\/\">C\u00d4NG TY C\u1ed4 PH\u1ea6N K\u1ef8 THU\u1eacT BEEVISION TR\u1ede TH\u00c0NH NH\u00c0 PH\u00c2N PH\u1ed0I B\u1ea0CH KIM C\u1ee6A COGNEX T\u1ea0I VI\u1ec6T NAM<\/a><div class=\"wp-block-latest-posts__post-excerpt\">C\u00f4ng Ty C\u1ed5 Ph\u1ea7n K\u1ef9 Thu\u1eadt BeeVision ch\u00ednh th\u1ee9c tr\u1edf th\u00e0nh Nh\u00e0 Ph\u00e2n Ph\u1ed1i B\u1ea1ch Kim duy nh\u1ea5t c\u1ee7a Cognex t\u1ea1i Vi\u1ec7t Nam. \u0110\u00e2y l\u00e0 m\u1ed9t b\u01b0\u1edbc ti\u1ebfn l\u1edbn cho BeeVision, kh\u1eb3ng \u0111\u1ecbnh v\u1ecb th\u1ebf v\u00e0 uy t\u00edn c\u1ee7a m\u00ecnh trong ng\u00e0nh c\u00f4ng nghi\u1ec7p t\u1ef1 \u0111\u1ed9ng h\u00f3a v\u00e0 nh\u00ecn m\u00e1y. V\u1edbi s\u1ee9 m\u1ec7nh cung c\u1ea5p nh\u1eefng s\u1ea3n ph\u1ea9m v\u00e0 d\u1ecbch v\u1ee5 h\u00e0ng \u0111\u1ea7u, BeeVision lu\u00f4n n\u1ed7 l\u1ef1c kh\u00f4ng ng\u1eebng \u0111\u1ec3<br><br><a class=\"more-link\" href=\"https:\/\/bee.vision\/vn\/2024\/05\/28\/tintuccongty-beevisionlanhaphanphoibachkimcuacognextaivietnam\/\">Read More<\/a><\/div><\/li>\n<\/ul>","protected":false},"excerpt":{"rendered":"","protected":false},"author":4,"featured_media":0,"parent":612,"menu_order":0,"comment_status":"closed","ping_status":"closed","template":"","meta":[],"_links":{"self":[{"href":"https:\/\/bee.vision\/vn\/wp-json\/wp\/v2\/pages\/688"}],"collection":[{"href":"https:\/\/bee.vision\/vn\/wp-json\/wp\/v2\/pages"}],"about":[{"href":"https:\/\/bee.vision\/vn\/wp-json\/wp\/v2\/types\/page"}],"author":[{"embeddable":true,"href":"https:\/\/bee.vision\/vn\/wp-json\/wp\/v2\/users\/4"}],"replies":[{"embeddable":true,"href":"https:\/\/bee.vision\/vn\/wp-json\/wp\/v2\/comments?post=688"}],"version-history":[{"count":2,"href":"https:\/\/bee.vision\/vn\/wp-json\/wp\/v2\/pages\/688\/revisions"}],"predecessor-version":[{"id":744,"href":"https:\/\/bee.vision\/vn\/wp-json\/wp\/v2\/pages\/688\/revisions\/744"}],"up":[{"embeddable":true,"href":"https:\/\/bee.vision\/vn\/wp-json\/wp\/v2\/pages\/612"}],"wp:attachment":[{"href":"https:\/\/bee.vision\/vn\/wp-json\/wp\/v2\/media?parent=688"}],"curies":[{"name":"wp","href":"https:\/\/api.w.org\/{rel}","templated":true}]}}