{"id":68,"date":"2021-07-04T04:00:29","date_gmt":"2021-07-04T04:00:29","guid":{"rendered":"https:\/\/bee.vision\/vn\/?page_id=68"},"modified":"2024-01-31T04:44:52","modified_gmt":"2024-01-31T04:44:52","slug":"camera3d","status":"publish","type":"page","link":"https:\/\/bee.vision\/vn\/camera3d\/","title":{"rendered":"CAMERA 3D"},"content":{"rendered":"\n<p>Camera 3D hay c\u00f2n \u0111\u01b0\u1ee3c g\u1ecdi l\u00e0 Vision camera 3D l\u00e0 m\u1ed9t c\u00f4ng ngh\u1ec7 ti\u00ean ti\u1ebfn trong l\u0129nh v\u1ef1c th\u1ecb gi\u00e1c m\u00e1y, cung c\u1ea5p kh\u1ea3 n\u0103ng thu th\u1eadp d\u1eef li\u1ec7u kh\u00f4ng ch\u1ec9 v\u1ec1 m\u1eb7t ph\u1eb3ng 2D m\u00e0 c\u00f2n v\u1ec1 chi\u1ec1u s\u00e2u trong kh\u00f4ng gian. Th\u00f4ng qua vi\u1ec7c k\u1ebft h\u1ee3p th\u00f4ng tin v\u1ec1 kho\u1ea3ng c\u00e1ch v\u00e0 chi\u1ec1u cao, camera 3D gi\u00fap t\u1ea1o ra m\u00f4 h\u00ecnh 3D ch\u00ednh x\u00e1c c\u1ee7a c\u00e1c \u0111\u1ed1i t\u01b0\u1ee3ng v\u00e0 m\u00f4i tr\u01b0\u1eddng xung quanh.<\/p>\n\n\n\n<figure class=\"wp-block-gallery columns-1 is-cropped\"><ul class=\"blocks-gallery-grid\"><li class=\"blocks-gallery-item\"><figure><img loading=\"lazy\" width=\"300\" height=\"168\" src=\"https:\/\/bee.vision\/vn\/wp-content\/uploads\/2024\/01\/Cognex.jpeg\" alt=\"\" data-id=\"492\" data-full-url=\"https:\/\/bee.vision\/vn\/wp-content\/uploads\/2024\/01\/Cognex.jpeg\" data-link=\"https:\/\/bee.vision\/vn\/camera-3d\/cognex\/\" class=\"wp-image-492\"\/><figcaption class=\"blocks-gallery-item__caption\"><strong><em>Camera Cognex<\/em><\/strong><\/figcaption><\/figure><\/li><\/ul><\/figure>\n\n\n\n<p>Camera 3D c\u00f3 c\u00e1c \u1ee9ng d\u1ee5ng r\u1ea5t \u0111a d\u1ea1ng v\u00e0 bao g\u1ed3m c\u00e1c l\u0129nh v\u1ef1c nh\u01b0 th\u1ecb gi\u00e1c m\u00e1y, th\u1ef1c t\u1ebf \u1ea3o, \u00f4 t\u00f4 t\u1ef1 h\u00e0nh, y t\u1ebf, v\u00e0 nhi\u1ec1u l\u0129nh v\u1ef1c kh\u00e1c. Trong th\u1ef1c t\u1ebf \u1ea3o, v\u00ed d\u1ee5: camera 3D c\u00f3 th\u1ec3 \u0111\u01b0\u1ee3c s\u1eed d\u1ee5ng \u0111\u1ec3 theo d\u00f5i chuy\u1ec3n \u0111\u1ed9ng c\u1ee7a ng\u01b0\u1eddi ch\u01a1i trong kh\u00f4ng gian 3D. Trong l\u0129nh v\u1ef1c y t\u1ebf, ch\u00fang c\u00f3 th\u1ec3 gi\u00fap trong vi\u1ec7c t\u1ea1o ra m\u00f4 h\u00ecnh 3D c\u1ee7a c\u01a1 th\u1ec3 con ng\u01b0\u1eddi \u0111\u1ec3 h\u1ed7 tr\u1ee3 trong c\u00e1c ph\u1eabu thu\u1eadt v\u00e0 ch\u1ea9n \u0111o\u00e1n.<\/p>\n\n\n\n<figure class=\"wp-block-gallery columns-1 is-cropped\"><ul class=\"blocks-gallery-grid\"><li class=\"blocks-gallery-item\"><figure><img loading=\"lazy\" width=\"800\" height=\"450\" src=\"https:\/\/bee.vision\/vn\/wp-content\/uploads\/2024\/01\/image-boost-cxp-xgsxx-mono-color.jpg\" alt=\"\" data-id=\"494\" data-full-url=\"https:\/\/bee.vision\/vn\/wp-content\/uploads\/2024\/01\/image-boost-cxp-xgsxx-mono-color.jpg\" data-link=\"https:\/\/bee.vision\/vn\/camera-3d\/image-boost-cxp-xgsxx-mono-color\/\" class=\"wp-image-494\" srcset=\"https:\/\/bee.vision\/vn\/wp-content\/uploads\/2024\/01\/image-boost-cxp-xgsxx-mono-color.jpg 800w, https:\/\/bee.vision\/vn\/wp-content\/uploads\/2024\/01\/image-boost-cxp-xgsxx-mono-color-300x169.jpg 300w, https:\/\/bee.vision\/vn\/wp-content\/uploads\/2024\/01\/image-boost-cxp-xgsxx-mono-color-768x432.jpg 768w\" sizes=\"(max-width: 800px) 100vw, 800px\" \/><figcaption class=\"blocks-gallery-item__caption\"><strong><em>Camera Basler<\/em><\/strong><\/figcaption><\/figure><\/li><\/ul><\/figure>\n\n\n\n<p><strong>Camera 3D V\u00e0 \u0110\u1eb7c \u0110i\u1ec3m Ch\u00ednh:<\/strong><\/p>\n\n\n\n<ol><li><strong>Thu Th\u1eadp Chi\u1ec1u S\u00e2u (Depth Sensing):<\/strong> Camera 3D s\u1eed d\u1ee5ng c\u00e1c c\u00f4ng ngh\u1ec7  \u0111\u1ec3 \u0111o l\u01b0\u1eddng kho\u1ea3ng c\u00e1ch t\u1eeb camera \u0111\u1ebfn c\u00e1c \u0111i\u1ec3m trong kh\u00f4ng gian, t\u1ea1o ra th\u00f4ng tin chi\u1ec1u s\u00e2u.<\/li><li><strong>M\u00f4 H\u00ecnh H\u00f3a 3D:<\/strong> Th\u00f4ng qua d\u1eef li\u1ec7u thu th\u1eadp \u0111\u01b0\u1ee3c, camera 3D c\u00f3 kh\u1ea3 n\u0103ng t\u1ea1o ra m\u00f4 h\u00ecnh 3D ch\u00ednh x\u00e1c v\u1ec1 h\u00ecnh d\u1ea1ng v\u00e0 v\u1ecb tr\u00ed c\u1ee7a c\u00e1c \u0111\u1ed1i t\u01b0\u1ee3ng trong t\u1ea7m nh\u00ecn c\u1ee7a n\u00f3.<\/li><li><strong>\u1ee8ng D\u1ee5ng \u0110a D\u1ea1ng:<\/strong> Camera 3D \u0111\u01b0\u1ee3c s\u1eed d\u1ee5ng r\u1ed9ng r\u00e3i trong nhi\u1ec1u l\u0129nh v\u1ef1c nh\u01b0 c\u00f4ng nghi\u1ec7p, y t\u1ebf, th\u1ef1c t\u1ebf \u1ea3o, \u00f4 t\u00f4 t\u1ef1 h\u00e0nh, v\u00e0 gi\u00e1m s\u00e1t an ninh.<\/li><li><strong>Ch\u00ednh X\u00e1c v\u00e0 Nhanh Ch\u00f3ng:<\/strong> Kh\u1ea3 n\u0103ng ch\u1ee5p \u1ea3nh v\u00e0 x\u1eed l\u00fd d\u1eef li\u1ec7u nhanh ch\u00f3ng gi\u00fap camera 3D cung c\u1ea5p th\u00f4ng tin ch\u00ednh x\u00e1c v\u1ec1 m\u00f4i tr\u01b0\u1eddng xung quanh.<\/li><li><strong>H\u1ed7 Tr\u1ee3 Trong M\u00f4i Tr\u01b0\u1eddng C\u00f4ng Nghi\u1ec7p<\/strong>:  Trong m\u00f4i tr\u01b0\u1eddng c\u00f4ng nghi\u1ec7p, camera 3D c\u00f3 th\u1ec3 \u0111\u01b0\u1ee3c t\u00edch h\u1ee3p v\u00e0o c\u00e1c h\u1ec7 th\u1ed1ng t\u1ef1 \u0111\u1ed9ng \u0111\u1ec3 gi\u00e1m s\u00e1t s\u1ea3n xu\u1ea5t v\u00e0 t\u1ed1i \u01b0u h\u00f3a quy tr\u00ecnh l\u00e0m vi\u1ec7c.<\/li><\/ol>\n\n\n\n<p><em>T\u00ecm hi\u1ec3u th\u00eam c\u00e1c s\u1ea3n ph\u1ea9m c\u1ee7a ch\u00fang t\u00f4i t\u1ea1i:\u00a0<a href=\"https:\/\/bee.vision\/vn\/san-pham\/\" target=\"_blank\" rel=\"noreferrer noopener\">https:\/\/bee.vision\/vn\/san-pham\/<\/a><\/em><\/p>\n\n\n\n<p><em>T\u00ecm hi\u1ec3u th\u00eam c\u00e1c s\u1ea3n ph\u1ea9m c\u1ee7a Cognex t\u1ea1i:\u00a0<a href=\"https:\/\/www.cognex.com\/\" target=\"_blank\" rel=\"noreferrer noopener\">https:\/\/www.cognex.com\/<\/a><\/em><\/p>\n\n\n\n<p><em>T\u00ecm hi\u1ec3u th\u00eam c\u00e1c s\u1ea3n ph\u1ea9m c\u1ee7a OPT t\u1ea1i:\u00a0<a href=\"https:\/\/en.optmv.com\/\" target=\"_blank\" rel=\"noreferrer noopener\">https:\/\/en.optmv.com\/<\/a><\/em><\/p>\n\n\n\n<p><strong><em>Li\u00ean h\u1ec7 v\u1edbi ch\u00fang t\u00f4i \u0111\u1ec3 \u0111\u01b0\u1ee3c t\u01b0 v\u1ea5n v\u00e0 b\u00e1o gi\u00e1 s\u1ea3n ph\u1ea9m:<\/em><\/strong><\/p>\n\n\n\n<figure class=\"wp-block-table is-style-regular\"><table><tbody><tr><td><img src=\"https:\/\/bee.vision\/vn\/wp-content\/uploads\/2023\/10\/Email-1.jpg\" alt=\"\" style=\"width: 25px;\">\u00a0<a href=\"mailto:hannah@bee.vision\" target=\"_blank\" rel=\"noreferrer noopener\">hannah@bee.vision<\/a>\u00a0\/\u00a0<a href=\"mailto:sales@bee.vision\" target=\"_blank\" rel=\"noreferrer noopener\">sales@bee.vision<\/a><br><img src=\"https:\/\/bee.vision\/vn\/wp-content\/uploads\/2023\/10\/Phone-number.jpg\" alt=\"\" style=\"width: 22px;\">\u00a0039 7320 680<br><img src=\"https:\/\/bee.vision\/vn\/wp-content\/uploads\/2023\/10\/Gioi-thieu-bieu-tuong-phone-svg-doc-dao.jpg\" alt=\"\" style=\"width: 22px;\">\u00a0024 6656 9218<br><img src=\"https:\/\/bee.vision\/vn\/wp-content\/uploads\/2023\/10\/link_12.png\" alt=\"\" style=\"width: 22px;\">\u00a0website:\u00a0<a rel=\"noreferrer noopener\" href=\"http:\/\/bee.vision\/\" target=\"_blank\">Bee.vision<\/a><br><img src=\"https:\/\/bee.vision\/vn\/wp-content\/uploads\/2023\/10\/link_12.png\" alt=\"\" style=\"width: 22px;\">linkedin:\u00a0<a href=\"https:\/\/www.linkedin.com\/company\/beevision\">https:\/\/www.linkedin.com\/company\/beevision<\/a><\/td><\/tr><\/tbody><\/table><\/figure>\n\n\n\n<p><\/p>\n","protected":false},"excerpt":{"rendered":"<p>Camera 3D hay c\u00f2n \u0111\u01b0\u1ee3c g\u1ecdi l\u00e0 Vision camera 3D l\u00e0 m\u1ed9t c\u00f4ng ngh\u1ec7 ti\u00ean ti\u1ebfn trong l\u0129nh v\u1ef1c th\u1ecb gi\u00e1c m\u00e1y, cung c\u1ea5p kh\u1ea3 n\u0103ng thu th\u1eadp d\u1eef li\u1ec7u kh\u00f4ng ch\u1ec9 v\u1ec1 m\u1eb7t ph\u1eb3ng 2D m\u00e0 c\u00f2n v\u1ec1 chi\u1ec1u s\u00e2u trong kh\u00f4ng gian. Th\u00f4ng qua vi\u1ec7c k\u1ebft h\u1ee3p th\u00f4ng tin v\u1ec1 kho\u1ea3ng c\u00e1ch v\u00e0 chi\u1ec1u cao, camera 3D gi\u00fap t\u1ea1o ra m\u00f4 h\u00ecnh 3D ch\u00ednh x\u00e1c c\u1ee7a c\u00e1c \u0111\u1ed1i<\/p>\n<p><a class=\"more-link\" href=\"https:\/\/bee.vision\/vn\/camera3d\/\">Read More<\/a><\/p>\n","protected":false},"author":1,"featured_media":0,"parent":0,"menu_order":0,"comment_status":"closed","ping_status":"closed","template":"","meta":[],"_links":{"self":[{"href":"https:\/\/bee.vision\/vn\/wp-json\/wp\/v2\/pages\/68"}],"collection":[{"href":"https:\/\/bee.vision\/vn\/wp-json\/wp\/v2\/pages"}],"about":[{"href":"https:\/\/bee.vision\/vn\/wp-json\/wp\/v2\/types\/page"}],"author":[{"embeddable":true,"href":"https:\/\/bee.vision\/vn\/wp-json\/wp\/v2\/users\/1"}],"replies":[{"embeddable":true,"href":"https:\/\/bee.vision\/vn\/wp-json\/wp\/v2\/comments?post=68"}],"version-history":[{"count":6,"href":"https:\/\/bee.vision\/vn\/wp-json\/wp\/v2\/pages\/68\/revisions"}],"predecessor-version":[{"id":499,"href":"https:\/\/bee.vision\/vn\/wp-json\/wp\/v2\/pages\/68\/revisions\/499"}],"wp:attachment":[{"href":"https:\/\/bee.vision\/vn\/wp-json\/wp\/v2\/media?parent=68"}],"curies":[{"name":"wp","href":"https:\/\/api.w.org\/{rel}","templated":true}]}}