{"id":650,"date":"2024-03-21T07:52:41","date_gmt":"2024-03-21T07:52:41","guid":{"rendered":"https:\/\/bee.vision\/vn\/?page_id=650"},"modified":"2024-05-29T07:55:48","modified_gmt":"2024-05-29T07:55:48","slug":"tintuc-2","status":"publish","type":"page","link":"https:\/\/bee.vision\/vn\/tintuc-2\/","title":{"rendered":"KI\u1ebeN TH\u1ee8C S\u1ea2N PH\u1ea8M"},"content":{"rendered":"<ul class=\"wp-block-latest-posts wp-block-latest-posts__list has-dates\"><li><a href=\"https:\/\/bee.vision\/vn\/2025\/06\/04\/deep-learning\/\">DEEP LEARNING &#038; MACHINE VISION: \u0110\u00d2N B\u1ea8Y N\u00c2NG T\u1ea6M KI\u1ec2M TRA CH\u1ea4T L\u01af\u1ee2NG TRONG S\u1ea2N XU\u1ea4T<\/a><time datetime=\"2025-06-04T08:53:38+00:00\" class=\"wp-block-latest-posts__post-date\">June 4, 2025<\/time><div class=\"wp-block-latest-posts__post-excerpt\">Trong s\u1ea3n xu\u1ea5t hi\u1ec7n \u0111\u1ea1i, ki\u1ec3m so\u00e1t ch\u1ea5t l\u01b0\u1ee3ng kh\u00f4ng c\u00f2n ch\u1ec9 l\u00e0 y\u00eau c\u1ea7u, n\u00f3 l\u00e0 m\u1ed9t ph\u1ea7n c\u1ed1t l\u00f5i c\u1ee7a chi\u1ebfn l\u01b0\u1ee3c c\u1ea1nh tranh. M\u1ed9t s\u1ea3n ph\u1ea9m l\u1ed7i kh\u00f4ng ch\u1ec9 l\u00e0m m\u1ea5t kh\u00e1ch h\u00e0ng, m\u00e0 c\u00f2n g\u00e2y t\u1ed5n th\u1ea5t d\u00e2y chuy\u1ec1n, l\u00e3ng ph\u00ed t\u00e0i nguy\u00ean v\u00e0 l\u00e0m t\u1ed5n h\u1ea1i uy t\u00edn th\u01b0\u01a1ng hi\u1ec7u. C\u00e1c doanh nghi\u1ec7p ti\u00ean phong \u0111ang t\u00ecm c\u00e1ch bi\u1ebfn ki\u1ec3m tra ch\u1ea5t l\u01b0\u1ee3ng th\u00e0nh l\u1ee3i<br><br><a class=\"more-link\" href=\"https:\/\/bee.vision\/vn\/2025\/06\/04\/deep-learning\/\">Read More<\/a><\/div><\/li>\n<li><a href=\"https:\/\/bee.vision\/vn\/2025\/05\/29\/may-doc-co-dinh-va-cam-tay\/\">M\u00e1y \u0111\u1ecdc m\u00e3 v\u1ea1ch c\u1ed1 \u0111\u1ecbnh v\u00e0 M\u00e1y \u0111\u1ecdc m\u00e3 v\u1ea1ch c\u1ea7m tay  \u2013 \u1ee8ng d\u1ee5ng trong m\u00f4i tr\u01b0\u1eddng c\u00f4ng nghi\u1ec7p<\/a><time datetime=\"2025-05-29T05:13:13+00:00\" class=\"wp-block-latest-posts__post-date\">May 29, 2025<\/time><div class=\"wp-block-latest-posts__post-excerpt\">Trong m\u00f4i tr\u01b0\u1eddng s\u1ea3n xu\u1ea5t hi\u1ec7n \u0111\u1ea1i, vi\u1ec7c thu th\u1eadp v\u00e0 x\u1eed l\u00fd d\u1eef li\u1ec7u nhanh ch\u00f3ng, ch\u00ednh x\u00e1c l\u00e0 y\u1ebfu t\u1ed1 then ch\u1ed1t \u0111\u1ec3 \u0111\u1ea3m b\u1ea3o hi\u1ec7u su\u1ea5t v\u00e0 ch\u1ea5t l\u01b0\u1ee3ng. M\u00e1y \u0111\u1ecdc m\u00e3 v\u1ea1ch \u2013 \u0111\u1eb7c bi\u1ec7t l\u00e0 m\u00e1y \u0111\u1ecdc c\u1ed1 \u0111\u1ecbnh v\u00e0 m\u00e1y \u0111\u1ecdc c\u1ea7m tay \u2013 \u0111ang tr\u1edf th\u00e0nh c\u00f4ng c\u1ee5 kh\u00f4ng th\u1ec3 thi\u1ebfu trong c\u00e1c h\u1ec7 th\u1ed1ng machine vision, t\u1ef1 \u0111\u1ed9ng h\u00f3a v\u00e0 qu\u1ea3n l\u00fd<br><br><a class=\"more-link\" href=\"https:\/\/bee.vision\/vn\/2025\/05\/29\/may-doc-co-dinh-va-cam-tay\/\">Read More<\/a><\/div><\/li>\n<li><a href=\"https:\/\/bee.vision\/vn\/2024\/03\/21\/tintuc-edgelearning\/\">C\u00d4NG NGH\u1ec6 EDGE LEARNING &#8211; M\u1ed8T PH\u01af\u01a0NG PH\u00c1P TI\u1ebeP C\u1eacN M\u1edaI TRONG L\u0128NH V\u1ef0C TR\u00cd TU\u1ec6 NH\u00c2N T\u1ea0O<\/a><time datetime=\"2024-03-21T07:42:36+00:00\" class=\"wp-block-latest-posts__post-date\">March 21, 2024<\/time><div class=\"wp-block-latest-posts__post-excerpt\">Trong th\u1ebf gi\u1edbi c\u00f4ng ngh\u1ec7 hi\u1ec7n \u0111\u1ea1i, Deep Learning \u0111\u00e3 tr\u1edf th\u00e0nh m\u1ed9t thu\u1eadt ng\u1eef quen thu\u1ed9c. \u0110\u01b0\u1ee3c bi\u1ebft \u0111\u1ebfn v\u1edbi kh\u1ea3 n\u0103ng x\u1eed l\u00fd v\u00e0 ph\u00e2n t\u00edch d\u1eef li\u1ec7u ph\u1ee9c t\u1ea1p, m\u1edf ra nh\u1eefng kh\u1ea3 n\u0103ng m\u1edbi trong l\u0129nh v\u1ef1c tr\u00ed tu\u1ec7 nh\u00e2n t\u1ea1o. Tuy nhi\u00ean, m\u1ed9t kh\u00e1i ni\u1ec7m m\u1edbi \u0111ang d\u1ea7n chi\u1ebfm l\u0129nh s\u1ef1 ch\u00fa \u00fd c\u1ee7a gi\u1edbi c\u00f4ng ngh\u1ec7 &#8211; \u0111\u00f3 l\u00e0 Edge Learning, m\u1ed9t ph\u01b0\u01a1ng ph\u00e1p<br><br><a class=\"more-link\" href=\"https:\/\/bee.vision\/vn\/2024\/03\/21\/tintuc-edgelearning\/\">Read More<\/a><\/div><\/li>\n<\/ul>","protected":false},"excerpt":{"rendered":"","protected":false},"author":4,"featured_media":0,"parent":0,"menu_order":0,"comment_status":"closed","ping_status":"closed","template":"","meta":[],"_links":{"self":[{"href":"https:\/\/bee.vision\/vn\/wp-json\/wp\/v2\/pages\/650"}],"collection":[{"href":"https:\/\/bee.vision\/vn\/wp-json\/wp\/v2\/pages"}],"about":[{"href":"https:\/\/bee.vision\/vn\/wp-json\/wp\/v2\/types\/page"}],"author":[{"embeddable":true,"href":"https:\/\/bee.vision\/vn\/wp-json\/wp\/v2\/users\/4"}],"replies":[{"embeddable":true,"href":"https:\/\/bee.vision\/vn\/wp-json\/wp\/v2\/comments?post=650"}],"version-history":[{"count":2,"href":"https:\/\/bee.vision\/vn\/wp-json\/wp\/v2\/pages\/650\/revisions"}],"predecessor-version":[{"id":748,"href":"https:\/\/bee.vision\/vn\/wp-json\/wp\/v2\/pages\/650\/revisions\/748"}],"wp:attachment":[{"href":"https:\/\/bee.vision\/vn\/wp-json\/wp\/v2\/media?parent=650"}],"curies":[{"name":"wp","href":"https:\/\/api.w.org\/{rel}","templated":true}]}}