{"id":64,"date":"2021-07-04T03:59:42","date_gmt":"2021-07-04T03:59:42","guid":{"rendered":"https:\/\/bee.vision\/vn\/?page_id=64"},"modified":"2024-05-28T04:19:23","modified_gmt":"2024-05-28T04:19:23","slug":"camera-cong-nghiep","status":"publish","type":"page","link":"https:\/\/bee.vision\/vn\/camera-cong-nghiep\/","title":{"rendered":"CAMERA C\u00d4NG NGHI\u1ec6P"},"content":{"rendered":"\n<p>Camera c\u00f4ng nghi\u1ec7p l\u00e0 thi\u1ebft b\u1ecb quan tr\u1ecdng trong t\u1ef1 \u0111\u1ed9ng h\u00f3a c\u00f4ng nghi\u1ec7p, \u0111\u01b0\u1ee3c thi\u1ebft k\u1ebf \u0111\u1ec3 ch\u1ecbu \u0111\u1ef1ng m\u00f4i tr\u01b0\u1eddng s\u1ea3n xu\u1ea5t kh\u1eafc nghi\u1ec7t v\u00e0 cung c\u1ea5p h\u00ecnh \u1ea3nh ch\u1ea5t l\u01b0\u1ee3ng cao cho vi\u1ec7c ki\u1ec3m tra v\u00e0 \u0111i\u1ec1u khi\u1ec3n quy tr\u00ecnh s\u1ea3n xu\u1ea5t. Camera c\u00f4ng nghi\u1ec7p \u0111\u00f3ng vai tr\u00f2 quan tr\u1ecdng trong vi\u1ec7c ki\u1ec3m so\u00e1t ch\u1ea5t l\u01b0\u1ee3ng s\u1ea3n ph\u1ea9m v\u00e0 t\u1ed1i \u01b0u h\u00f3a qu\u00e1 tr\u00ecnh s\u1ea3n xu\u1ea5t trong nhi\u1ec1u ng\u00e0nh c\u00f4ng nghi\u1ec7p kh\u00e1c nhau. Nh\u1eefng thi\u1ebft b\u1ecb n\u00e0y kh\u00f4ng ch\u1ec9 gi\u00fap gi\u00e1m s\u00e1t quy tr\u00ecnh s\u1ea3n xu\u1ea5t m\u00e0 c\u00f2n cung c\u1ea5p th\u00f4ng tin chi ti\u1ebft v\u1ec1 ch\u1ea5t l\u01b0\u1ee3ng s\u1ea3n ph\u1ea9m, t\u1eeb \u0111\u00f3 h\u1ed7 tr\u1ee3 doanh nghi\u1ec7p n\u00e2ng cao hi\u1ec7u su\u1ea5t v\u00e0 gi\u1ea3m thi\u1ec3u l\u1ed7i. <\/p>\n\n\n\n<ol><li><strong>T\u00ednh N\u0103ng C\u1ee7a Camera C\u00f4ng nghi\u1ec7p<\/strong>:<\/li><\/ol>\n\n\n\n<p>\u2022 \u0110\u1ed9 Ph\u00e2n Gi\u1ea3i Cao: Cho ph\u00e9p nh\u1eadn di\u1ec7n chi ti\u1ebft nh\u1ecf, c\u1ea7n thi\u1ebft cho vi\u1ec7c ki\u1ec3m tra ch\u1ea5t l\u01b0\u1ee3ng s\u1ea3n ph\u1ea9m.<\/p>\n\n\n\n<p>\u2022 T\u1ed1c \u0110\u1ed9 X\u1eed L\u00fd Nhanh: C\u1ea7n thi\u1ebft \u0111\u1ec3 theo k\u1ecbp v\u1edbi t\u1ed1c \u0111\u1ed9 c\u1ee7a d\u00e2y chuy\u1ec1n s\u1ea3n xu\u1ea5t.<\/p>\n\n\n\n<p>\u2022 \u0110\u1ed9 B\u1ec1n: C\u00f3 kh\u1ea3 n\u0103ng ch\u1ecbu \u0111\u01b0\u1ee3c b\u1ee5i, n\u01b0\u1edbc, rung \u0111\u1ed9ng v\u00e0 nhi\u1ec7t \u0111\u1ed9 cao.<\/p>\n\n\n\n<p>\u2022 Giao Di\u1ec7n Linh Ho\u1ea1t: H\u1ed7 tr\u1ee3 nhi\u1ec1u lo\u1ea1i giao di\u1ec7n nh\u01b0 GigE, Camera Link, USB3.0, v.v., \u0111\u1ec3 d\u1ec5 d\u00e0ng t\u00edch h\u1ee3p v\u00e0o h\u1ec7 th\u1ed1ng t\u1ef1 \u0111\u1ed9ng h\u00f3a.<\/p>\n\n\n\n<p>\u2022 Kh\u1ea3 n\u0103ng ho\u1ea1t \u0111\u1ed9ng 24\/7: \u0110\u1ea3m b\u1ea3o hi\u1ec7u su\u1ea5t li\u00ean t\u1ee5c, \u0111\u00e1ng tin c\u1eady trong c\u00e1c \u1ee9ng d\u1ee5ng \u0111\u00f2i h\u1ecfi cao.<\/p>\n\n\n\n<p><strong>2<\/strong>. <strong>Ph\u00e2n Lo\u1ea1i C\u00e1c D\u00f2ng S\u1ea3n Ph\u1ea9m c\u1ee7a Camera C\u00f4ng nghi\u1ec7p:<\/strong><\/p>\n\n\n\n<p>\u2022 Camera Qu\u00e9t Khu V\u1ef1c (Area Scan): Ch\u1ee5p h\u00ecnh \u1ea3nh to\u00e0n b\u1ed9 v\u00f9ng quan s\u00e1t trong m\u1ed9t khung h\u00ecnh duy nh\u1ea5t, ph\u00f9 h\u1ee3p cho h\u1ea7u h\u1ebft c\u00e1c \u1ee9ng d\u1ee5ng.<\/p>\n\n\n\n<p>\u2022 Camera Qu\u00e9t D\u00f2ng (Line Scan): Ch\u1ee5p h\u00ecnh \u1ea3nh t\u1eebng ph\u1ea7n c\u1ee7a v\u1eadt th\u1ec3 qua m\u1ed9t d\u00f2ng c\u1ea3m bi\u1ebfn, th\u00edch h\u1ee3p cho vi\u1ec7c ki\u1ec3m tra s\u1ea3n ph\u1ea9m li\u00ean t\u1ee5c.<\/p>\n\n\n\n<p><strong>3.<\/strong> <strong>Ph\u00e2n Lo\u1ea1i theo \u0110\u1ed9 Ph\u00e2n Gi\u1ea3i v\u00e0 T\u1ed1c \u0110\u1ed9<\/strong>:<\/p>\n\n\n\n<ul><li>Camera ph\u00e2n gi\u1ea3i th\u1ea5p: Camera 1 MP, ph\u00f9 h\u1ee3p cho c\u00e1c \u1ee9ng d\u1ee5ng kh\u00f4ng y\u00eau c\u1ea7u \u0111\u1ed9 chi ti\u1ebft cao.<\/li><li>Camera ph\u00e2n gi\u1ea3i trung b\u00ecnh: T\u1eeb 2 MP \u0111\u1ebfn 5 MP, c\u00e2n b\u1eb1ng gi\u1eefa ch\u1ea5t l\u01b0\u1ee3ng h\u00ecnh \u1ea3nh v\u00e0 t\u1ed1c \u0111\u1ed9.<\/li><li>Camera ph\u00e2n gi\u1ea3i cao: T\u1eeb 6 MP tr\u1edf l\u00ean, d\u00e0nh cho c\u00e1c \u1ee9ng d\u1ee5ng \u0111\u00f2i h\u1ecfi \u0111\u1ed9 chi ti\u1ebft cao, nh\u01b0 ki\u1ec3m tra b\u1ec1 m\u1eb7t s\u1ea3n ph\u1ea9m.<\/li><\/ul>\n\n\n\n<p>Camera c\u00f4ng nghi\u1ec7p, v\u1edbi s\u1ef1 \u0111a d\u1ea1ng v\u1ec1 ch\u1ee7ng lo\u1ea1i v\u00e0 t\u00ednh n\u0103ng, l\u00e0 c\u00f4ng c\u1ee5 kh\u00f4ng th\u1ec3 thi\u1ebfu trong vi\u1ec7c n\u00e2ng cao hi\u1ec7u qu\u1ea3 v\u00e0 ch\u1ea5t l\u01b0\u1ee3ng c\u1ee7a quy tr\u00ecnh s\u1ea3n xu\u1ea5t c\u00f4ng nghi\u1ec7p hi\u1ec7n \u0111\u1ea1i.<\/p>\n\n\n\n<p>Camera c\u00f4ng nghi\u1ec7p \u0111\u01b0\u1ee3c s\u1eed d\u1ee5ng trong nhi\u1ec1u ng\u00e0nh c\u00f4ng nghi\u1ec7p kh\u00e1c nhau, t\u1eeb s\u1ea3n xu\u1ea5t \u00f4 t\u00f4, d\u01b0\u1ee3c ph\u1ea9m, th\u1ef1c ph\u1ea9m v\u00e0 \u0111\u1ed3 u\u1ed1ng, \u0111\u1ebfn \u0111i\u1ec7n t\u1eed v\u00e0 b\u00e1n d\u1eabn. Camera c\u00f4ng nghi\u1ec7p gi\u00fap t\u1ef1 \u0111\u1ed9ng h\u00f3a quy tr\u00ecnh, t\u0103ng c\u01b0\u1eddng \u0111\u1ed9 ch\u00ednh x\u00e1c v\u00e0 hi\u1ec7u qu\u1ea3 s\u1ea3n xu\u1ea5t, \u0111\u1ed3ng th\u1eddi gi\u1ea3m thi\u1ec3u l\u1ed7i v\u00e0 t\u0103ng c\u01b0\u1eddng ki\u1ec3m so\u00e1t ch\u1ea5t l\u01b0\u1ee3ng.<\/p>\n\n\n\n<p><em>H\u00e3y li\u00ean h\u1ec7 v\u1edbi ch\u00fang t\u00f4i \u0111\u1ec3 bi\u1ebft th\u00eam th\u00f4ng tin v\u00e0 t\u00ecm ra gi\u1ea3i ph\u00e1p ph\u00f9 h\u1ee3p nh\u1ea5t cho doanh nghi\u1ec7p c\u1ee7a b\u1ea1n.<\/em><\/p>\n\n\n\n<figure class=\"wp-block-table is-style-stripes\"><table><tbody><tr><td><strong><em><img src=\"https:\/\/bee.vision\/vn\/wp-content\/uploads\/2023\/10\/Email-1.jpg\" alt=\"\" style=\"width: 24px;\">&nbsp;<a rel=\"noreferrer noopener\" href=\"mailto:hannah@bee.vision\" target=\"_blank\">hannah@bee.vision<\/a>&nbsp;\/&nbsp;<a rel=\"noreferrer noopener\" href=\"mailto:sales@bee.vision\" target=\"_blank\">sales@bee.vision<\/a><br><img src=\"https:\/\/bee.vision\/vn\/wp-content\/uploads\/2023\/10\/Phone-number.jpg\" alt=\"\" style=\"width: 20px;\">&nbsp;039 7320 680<br><img src=\"https:\/\/bee.vision\/vn\/wp-content\/uploads\/2023\/10\/Gioi-thieu-bieu-tuong-phone-svg-doc-dao.jpg\" alt=\"\" style=\"width: 20px;\">&nbsp;024 6656 9218<br><img src=\"https:\/\/bee.vision\/vn\/wp-content\/uploads\/2023\/10\/link_12.png\" alt=\"\" style=\"width: 20px;\">&nbsp;website:&nbsp;<a rel=\"noreferrer noopener\" href=\"http:\/\/bee.vision\/\" target=\"_blank\">Bee.vision<\/a><br><img src=\"https:\/\/bee.vision\/vn\/wp-content\/uploads\/2023\/10\/link_12.png\" alt=\"\" style=\"width: 20px;\">linkedin:&nbsp;<a href=\"https:\/\/www.linkedin.com\/company\/beevision\">https:\/\/www.linkedin.com\/company\/beevision<\/a><\/em><\/strong><\/td><\/tr><\/tbody><\/table><\/figure>\n\n\n\n<p><em>T\u00ecm hi\u1ec3u th\u00eam c\u00e1c s\u1ea3n ph\u1ea9m c\u1ee7a ch\u00fang t\u00f4i t\u1ea1i:&nbsp;<a rel=\"noreferrer noopener\" href=\"https:\/\/bee.vision\/vn\/san-pham\/\" target=\"_blank\">https:\/\/bee.vision\/vn\/san-pham\/<\/a><\/em><\/p>\n\n\n\n<p><em>T\u00ecm hi\u1ec3u th\u00eam c\u00e1c s\u1ea3n ph\u1ea9m c\u1ee7a Cognex t\u1ea1i:&nbsp;<a rel=\"noreferrer noopener\" href=\"https:\/\/www.cognex.com\/\" target=\"_blank\">https:\/\/www.cognex.com\/<\/a><\/em><\/p>\n\n\n\n<p><em>T\u00ecm hi\u1ec3u th\u00eam c\u00e1c s\u1ea3n ph\u1ea9m c\u1ee7a Basler t\u1ea1i:&nbsp;<a href=\"https:\/\/www.baslerweb.com\/en-sg\/\" target=\"_blank\" rel=\"noreferrer noopener\">https:\/\/www.baslerweb.com\/en-sg\/<\/a><\/em><\/p>\n\n\n\n<p><em>T\u00ecm hi\u1ec3u th\u00eam c\u00e1c s\u1ea3n ph\u1ea9m c\u1ee7a OPT t\u1ea1i:&nbsp;<a href=\"https:\/\/en.optmv.com\/\" target=\"_blank\" rel=\"noreferrer noopener\">https:\/\/en.optmv.com\/<\/a><\/em><\/p>\n","protected":false},"excerpt":{"rendered":"<p>Camera c\u00f4ng nghi\u1ec7p l\u00e0 thi\u1ebft b\u1ecb quan tr\u1ecdng trong t\u1ef1 \u0111\u1ed9ng h\u00f3a c\u00f4ng nghi\u1ec7p, \u0111\u01b0\u1ee3c thi\u1ebft k\u1ebf \u0111\u1ec3 ch\u1ecbu \u0111\u1ef1ng m\u00f4i tr\u01b0\u1eddng s\u1ea3n xu\u1ea5t kh\u1eafc nghi\u1ec7t v\u00e0 cung c\u1ea5p h\u00ecnh \u1ea3nh ch\u1ea5t l\u01b0\u1ee3ng cao cho vi\u1ec7c ki\u1ec3m tra v\u00e0 \u0111i\u1ec1u khi\u1ec3n quy tr\u00ecnh s\u1ea3n xu\u1ea5t. Camera c\u00f4ng nghi\u1ec7p \u0111\u00f3ng vai tr\u00f2 quan tr\u1ecdng trong vi\u1ec7c ki\u1ec3m so\u00e1t ch\u1ea5t l\u01b0\u1ee3ng s\u1ea3n ph\u1ea9m v\u00e0 t\u1ed1i \u01b0u h\u00f3a qu\u00e1 tr\u00ecnh s\u1ea3n xu\u1ea5t trong<\/p>\n<p><a class=\"more-link\" href=\"https:\/\/bee.vision\/vn\/camera-cong-nghiep\/\">Read More<\/a><\/p>\n","protected":false},"author":1,"featured_media":0,"parent":0,"menu_order":0,"comment_status":"closed","ping_status":"closed","template":"","meta":[],"_links":{"self":[{"href":"https:\/\/bee.vision\/vn\/wp-json\/wp\/v2\/pages\/64"}],"collection":[{"href":"https:\/\/bee.vision\/vn\/wp-json\/wp\/v2\/pages"}],"about":[{"href":"https:\/\/bee.vision\/vn\/wp-json\/wp\/v2\/types\/page"}],"author":[{"embeddable":true,"href":"https:\/\/bee.vision\/vn\/wp-json\/wp\/v2\/users\/1"}],"replies":[{"embeddable":true,"href":"https:\/\/bee.vision\/vn\/wp-json\/wp\/v2\/comments?post=64"}],"version-history":[{"count":14,"href":"https:\/\/bee.vision\/vn\/wp-json\/wp\/v2\/pages\/64\/revisions"}],"predecessor-version":[{"id":718,"href":"https:\/\/bee.vision\/vn\/wp-json\/wp\/v2\/pages\/64\/revisions\/718"}],"wp:attachment":[{"href":"https:\/\/bee.vision\/vn\/wp-json\/wp\/v2\/media?parent=64"}],"curies":[{"name":"wp","href":"https:\/\/api.w.org\/{rel}","templated":true}]}}