{"id":615,"date":"2024-03-05T03:18:55","date_gmt":"2024-03-05T03:18:55","guid":{"rendered":"https:\/\/bee.vision\/vn\/?page_id=615"},"modified":"2025-03-21T14:36:46","modified_gmt":"2025-03-21T14:36:46","slug":"tuyen-dung","status":"publish","type":"page","link":"https:\/\/bee.vision\/vn\/tuyen-dung\/","title":{"rendered":"TUY\u1ec2N D\u1ee4NG"},"content":{"rendered":"<ul class=\"wp-block-latest-posts wp-block-latest-posts__list has-dates\"><li><a href=\"https:\/\/bee.vision\/vn\/2025\/11\/25\/co-hoi-viec-lam-tai-beevision-2025\/\">C\u01a0 H\u1ed8I VI\u1ec6C L\u00c0M T\u1ea0I BEEVISION 2025<\/a><time datetime=\"2025-11-25T10:39:51+00:00\" class=\"wp-block-latest-posts__post-date\">November 25, 2025<\/time><div class=\"wp-block-latest-posts__post-excerpt\">B\u1ea1n \u0111\u00e3 s\u1eb5n s\u00e0ng \u0111\u1ec3 gia nh\u1eadp \u0111\u1ed9i ng\u0169 h\u00e0ng \u0111\u1ea7u trong l\u0129nh v\u1ef1c Machine Vision? H\u00e3y tham gia \u1ee9ng tuy\u1ec3n t\u1ea1i C\u00f4ng ty C\u1ed5 ph\u1ea7n K\u1ef9 thu\u1eadt BeeVision \u2013 m\u00f4i tr\u01b0\u1eddng l\u00e0m vi\u1ec7c l\u00fd t\u01b0\u1edfng, n\u01a1i b\u1ea1n c\u00f3 th\u1ec3 ph\u00e1t tri\u1ec3n s\u1ef1 nghi\u1ec7p v\u00e0 kh\u00e1m ph\u00e1 nh\u1eefng ti\u1ec1m n\u0103ng m\u1edbi c\u1ee7a b\u1ea3n th\u00e2n! \ud83d\udd27V\u1eca TR\u00cd: NH\u00c2N VI\u00caN K\u1ef8 THU\u1eacT 1\ufe0f\u20e3 M\u00d4 T\u1ea2 C\u00d4NG VI\u1ec6C Thi\u1ebft k\u1ebf, x\u00e2y d\u1ef1ng v\u00e0<br><br><a class=\"more-link\" href=\"https:\/\/bee.vision\/vn\/2025\/11\/25\/co-hoi-viec-lam-tai-beevision-2025\/\">Read More<\/a><\/div><\/li>\n<li><a href=\"https:\/\/bee.vision\/vn\/2025\/11\/20\/tuyen-dung-2025-linh-vuc-machine-vision\/\">[TUY\u1ec2N D\u1ee4NG 2025]                                 L\u0128NH V\u1ef0C MACHINE VISION<\/a><time datetime=\"2025-11-20T07:13:14+00:00\" class=\"wp-block-latest-posts__post-date\">November 20, 2025<\/time><div class=\"wp-block-latest-posts__post-excerpt\">B\u1ea1n y\u00eau th\u00edch c\u00f4ng ngh\u1ec7, mu\u1ed1n l\u00e0m vi\u1ec7c trong m\u00f4i tr\u01b0\u1eddng n\u0103ng \u0111\u1ed9ng v\u00e0 \u0111am m\u00ea k\u1ebft n\u1ed1i gi\u1ea3i ph\u00e1p k\u1ef9 thu\u1eadt v\u1edbi kh\u00e1ch h\u00e0ng?\ud83d\udc49 BeeVision tuy\u1ec3n d\u1ee5ng K\u1ef9 s\u01b0 Kinh doanh (Sales Engineer) \u2013 v\u1ecb tr\u00ed chi\u1ebfn l\u01b0\u1ee3c trong \u0111\u1ed9i ng\u0169 ph\u00e1t tri\u1ec3n th\u1ecb tr\u01b0\u1eddng machine vision v\u00e0 t\u1ef1 \u0111\u1ed9ng h\u00f3a t\u1ea1i Vi\u1ec7t Nam. V\u00ec sao b\u1ea1n n\u00ean ch\u1ecdn BeeVision? C\u00f4ng ngh\u1ec7 ti\u00ean ti\u1ebfn: BeeVision l\u00e0m vi\u1ec7c tr\u1ef1c ti\u1ebfp<br><br><a class=\"more-link\" href=\"https:\/\/bee.vision\/vn\/2025\/11\/20\/tuyen-dung-2025-linh-vuc-machine-vision\/\">Read More<\/a><\/div><\/li>\n<li><a href=\"https:\/\/bee.vision\/vn\/2025\/07\/21\/thuc-tap-sinh-ky-thuat\/\">C\u01a0 H\u1ed8I NGH\u1ec0 NGHI\u1ec6P &#8211; BEEVISION TUY\u1ec2N D\u1ee4NG TH\u1ef0C T\u1eacP SINH 2025<\/a><time datetime=\"2025-07-21T07:43:56+00:00\" class=\"wp-block-latest-posts__post-date\">July 21, 2025<\/time><div class=\"wp-block-latest-posts__post-excerpt\">B\u1ea1n l\u00e0 sinh vi\u00ean chuy\u00ean ng\u00e0nh K\u1ef9 thu\u1eadt T\u1ef1 \u0111\u1ed9ng h\u00f3a, K\u1ef9 thu\u1eadt C\u01a1-\u0110i\u1ec7n t\u1eed ho\u1eb7c c\u00e1c l\u0129nh v\u1ef1c li\u00ean quan v\u00e0 b\u1ea1n \u0111ang t\u00ecm ki\u1ebfm m\u1ed9t m\u00f4i tr\u01b0\u1eddng th\u1ef1c t\u1ebf \u0111\u1ec3 h\u1ecdc h\u1ecfi, ph\u00e1t tri\u1ec3n v\u00e0 t\u1ea1o d\u1ea5u \u1ea5n? B\u1ea1n c\u00f3 \u0111am m\u00ea v\u1edbi c\u00f4ng ngh\u1ec7 th\u1ecb gi\u00e1c m\u00e1y t\u00ednh, AI v\u00e0 t\u1ef1 \u0111\u1ed9ng h\u00f3a \u0111\u00e2y ch\u00ednh l\u00e0 c\u01a1 h\u1ed9i d\u00e0nh cho b\u1ea1n. BeeVision \u0111ang t\u00ecm ki\u1ebfm c\u00e1c \u1ee9ng<br><br><a class=\"more-link\" href=\"https:\/\/bee.vision\/vn\/2025\/07\/21\/thuc-tap-sinh-ky-thuat\/\">Read More<\/a><\/div><\/li>\n<li><a href=\"https:\/\/bee.vision\/vn\/2025\/06\/13\/beevison-tuyen-dung-ky-su-kinh-doanh\/\">[TUY\u1ec2N D\u1ee4NG 2025] BEEVISION TUY\u1ec2N D\u1ee4NG K\u1ef8 S\u01af KINH DOANH<\/a><time datetime=\"2025-06-13T08:32:13+00:00\" class=\"wp-block-latest-posts__post-date\">June 13, 2025<\/time><div class=\"wp-block-latest-posts__post-excerpt\">B\u1ea1n l\u00e0 ng\u01b0\u1eddi \u0111am m\u00ea c\u00f4ng ngh\u1ec7, s\u00e1ng t\u1ea1o v\u00e0 y\u00eau th\u00edch b\u00e1n h\u00e0ng? Ch\u00fang t\u00f4i c\u1ea7n b\u1ea1n \u2013 ng\u01b0\u1eddi s\u1eb5n s\u00e0ng t\u01b0 v\u1ea5n gi\u1ea3i ph\u00e1p k\u1ef9 thu\u1eadt v\u00e0 chinh ph\u1ee5c th\u1ecb tr\u01b0\u1eddng c\u00f4ng nghi\u1ec7p to\u00e0n c\u1ea7u! \ud83d\udd27 M\u00f4 t\u1ea3 ng\u1eafn g\u1ecdn: T\u01b0 v\u1ea5n &amp; b\u00e1n gi\u1ea3i ph\u00e1p c\u00f4ng ngh\u1ec7 (m\u00e1y th\u1ecb gi\u00e1c, c\u1ea3m bi\u1ebfn, IoT\u2026) L\u00e0m vi\u1ec7c tr\u1ef1c ti\u1ebfp v\u1edbi kh\u00e1ch h\u00e0ng nh\u00e0 m\u00e1y, khu c\u00f4ng nghi\u1ec7p Ch\u1ee7 \u0111\u1ed9ng<br><br><a class=\"more-link\" href=\"https:\/\/bee.vision\/vn\/2025\/06\/13\/beevison-tuyen-dung-ky-su-kinh-doanh\/\">Read More<\/a><\/div><\/li>\n<li><a href=\"https:\/\/bee.vision\/vn\/2025\/03\/13\/co-hoi-nghe-nghiep-tuyet-voi-beevision-tuyen-dung-nhan-vien-ke-toan\/\">C\u01a0 H\u1ed8I NGH\u1ec0 NGHI\u1ec6P TUY\u1ec6T V\u1edcI &#8211; BEEVISION TUY\u1ec2N D\u1ee4NG NH\u00c2N VI\u00caN K\u1ebe TO\u00c1N 2025<\/a><time datetime=\"2025-03-13T08:41:45+00:00\" class=\"wp-block-latest-posts__post-date\">March 13, 2025<\/time><div class=\"wp-block-latest-posts__post-excerpt\">B\u1ea1n l\u00e0 ng\u01b0\u1eddi t\u1ec9 m\u1ec9, c\u00f3 \u0111\u1ea7u \u00f3c t\u00ednh to\u00e1n v\u00e0 \u0111am m\u00ea v\u1edbi l\u0129nh v\u1ef1c t\u00e0i ch\u00ednh? B\u1ea1n \u0111ang t\u00ecm ki\u1ebfm m\u1ed9t c\u01a1 h\u1ed9i \u0111\u1ec3 ph\u00e1t tri\u1ec3n ngh\u1ec1 nghi\u1ec7p trong m\u1ed9t m\u00f4i tr\u01b0\u1eddng n\u0103ng \u0111\u1ed9ng v\u00e0 tr\u1ebb trung? T\u1ea1i BeeVision ch\u00fang t\u00f4i \u0111ang tuy\u1ec3n d\u1ee5ng v\u1ecb tr\u00ed Nh\u00e2n vi\u00ean K\u1ebf to\u00e1n, c\u00f2n ch\u1ea7n ch\u1eeb g\u00ec n\u1eefa, nhanh tay apply ngay th\u00f4i n\u00e0o. M\u00f4 t\u1ea3 c\u00f4ng vi\u1ec7c Ki\u1ec3m tra ch\u1ee9ng<br><br><a class=\"more-link\" href=\"https:\/\/bee.vision\/vn\/2025\/03\/13\/co-hoi-nghe-nghiep-tuyet-voi-beevision-tuyen-dung-nhan-vien-ke-toan\/\">Read More<\/a><\/div><\/li>\n<li><a href=\"https:\/\/bee.vision\/vn\/2025\/03\/13\/tuyn-dng-k-s-t-dng-hoa\/\">C\u01a0 H\u1ed8I NGH\u1ec0 NGHI\u1ec6P H\u1ea4P D\u1eaaN &#8211; BEEVISION TUY\u1ec2N D\u1ee4NG K\u1ef8 S\u01af T\u1ef0 \u0110\u1ed8NG H\u00d3A 2025<\/a><time datetime=\"2025-03-13T08:18:47+00:00\" class=\"wp-block-latest-posts__post-date\">March 13, 2025<\/time><div class=\"wp-block-latest-posts__post-excerpt\">BeeVision &#8211; m\u1ed9t trong nh\u1eefng c\u00f4ng ty h\u00e0ng \u0111\u1ea7u trong l\u0129nh v\u1ef1c machine vision t\u1ea1i Vi\u1ec7t Nam, \u0111ang t\u00ecm ki\u1ebfm nh\u1eefng \u1ee9ng vi\u00ean t\u00e0i n\u0103ng gia nh\u1eadp \u0111\u1ed9i ng\u0169 K\u1ef9 S\u01b0 T\u1ef1 \u0110\u1ed9ng H\u00f3a t\u1ea1i BeeVision M\u1ee9c l\u01b0\u01a1ng: Th\u1ecfa thu\u1eadn theo n\u0103ng l\u1ef1c \u1ee9ng vi\u00ean M\u00f4 t\u1ea3 c\u00f4ng vi\u1ec7c Thi\u1ebft k\u1ebf, l\u1eadp tr\u00ecnh v\u00e0 tri\u1ec3n khai c\u00e1c h\u1ec7 th\u1ed1ng t\u1ef1 \u0111\u1ed9ng h\u00f3a trong c\u00e1c d\u1ef1 \u00e1n kh\u00e1ch h\u00e0ng. C\u00e0i \u0111\u1eb7t,<br><br><a class=\"more-link\" href=\"https:\/\/bee.vision\/vn\/2025\/03\/13\/tuyn-dng-k-s-t-dng-hoa\/\">Read More<\/a><\/div><\/li>\n<li><a href=\"https:\/\/bee.vision\/vn\/2024\/11\/14\/beevision-thong-bao-tuyen-dung-nhan-vien-xuat-nhap-khau\/\">BEEVISION TH\u00d4NG B\u00c1O TUY\u1ec2N D\u1ee4NG NH\u00c2N VI\u00caN XU\u1ea4T NH\u1eacP KH\u1ea8U<\/a><time datetime=\"2024-11-14T04:07:55+00:00\" class=\"wp-block-latest-posts__post-date\">November 14, 2024<\/time><div class=\"wp-block-latest-posts__post-excerpt\">C\u00d4NG TY C\u1ed4 PH\u1ea6N K\u1ef8 THU\u1eacT BEEVISION Chuy\u00ean t\u01b0 v\u1ea5n, cung c\u1ea5p c\u00e1c gi\u1ea3i ph\u00e1p v\u00e0 thi\u1ebft b\u1ecb trong ngh\u00e0nh c\u00f4ng nghi\u1ec7p m\u00e3 v\u1ea1ch, t\u1ef1 \u0111\u1ed9ng h\u00f3a, gi\u1ea3i ph\u00e1p Camera ki\u1ec3m tra ngo\u1ea1i quan s\u1ea3n ph\u1ea9m, machine vision, nh\u00e0 m\u00e1y, khu c\u00f4ng nghi\u1ec7p Nh\u1eb1m \u0111\u00e1p \u1ee9ng quy m\u00f4 ph\u00e1t tri\u1ec3n,&nbsp;C\u00f4ng ty C\u1ed5 ph\u1ea7n K\u1ef9 thu\u1eadt BeeVision c\u1ea7n t\u00ecm ki\u1ebfm nh\u00e2n s\u1ef1 cho v\u1ecb tr\u00ed Nh\u00e2n vi\u00ean Xu\u1ea5t nh\u1eadp kh\u1ea9u. A.<br><br><a class=\"more-link\" href=\"https:\/\/bee.vision\/vn\/2024\/11\/14\/beevision-thong-bao-tuyen-dung-nhan-vien-xuat-nhap-khau\/\">Read More<\/a><\/div><\/li>\n<li><a href=\"https:\/\/bee.vision\/vn\/2024\/03\/05\/tuyendung-nhanvienkinhdaonh\/\">BEEVISION TH\u00d4NG B\u00c1O TUY\u1ec2N D\u1ee4NG NH\u00c2N VI\u00caN KINH DOANH<\/a><time datetime=\"2024-03-05T08:05:48+00:00\" class=\"wp-block-latest-posts__post-date\">March 5, 2024<\/time><div class=\"wp-block-latest-posts__post-excerpt\">C\u00d4NG TY C\u1ed4 PH\u1ea6N K\u1ef8 THU\u1eacT BEEVISION Chuy\u00ean t\u01b0 v\u1ea5n, cung c\u1ea5p c\u00e1c gi\u1ea3i ph\u00e1p v\u00e0 thi\u1ebft b\u1ecb trong ngh\u00e0nh c\u00f4ng nghi\u1ec7p m\u00e3 v\u1ea1ch, t\u1ef1 \u0111\u1ed9ng h\u00f3a, gi\u1ea3i ph\u00e1p Camera ki\u1ec3m tra ngo\u1ea1i quan s\u1ea3n ph\u1ea9m, machine vision, nh\u00e0 m\u00e1y, khu c\u00f4ng nghi\u1ec7p Nh\u1eb1m \u0111\u00e1p \u1ee9ng quy m\u00f4 ph\u00e1t tri\u1ec3n,&nbsp;C\u00f4ng ty C\u1ed5 ph\u1ea7n K\u1ef9 thu\u1eadt BeeVision c\u1ea7n t\u00ecm ki\u1ebfm nh\u00e2n s\u1ef1 cho v\u1ecb tr\u00ed Nh\u00e2n vi\u00ean Kinh doanh. M\u1ee9c l\u01b0\u01a1ng:<br><br><a class=\"more-link\" href=\"https:\/\/bee.vision\/vn\/2024\/03\/05\/tuyendung-nhanvienkinhdaonh\/\">Read More<\/a><\/div><\/li>\n<li><a href=\"https:\/\/bee.vision\/vn\/2024\/03\/05\/tuyendung-nhanvienkythuat\/\">BEEVISION TH\u00d4NG B\u00c1O TUY\u1ec2N D\u1ee4NG NH\u00c2N VI\u00caN K\u1ef8 THU\u1eacT<\/a><time datetime=\"2024-03-05T07:55:12+00:00\" class=\"wp-block-latest-posts__post-date\">March 5, 2024<\/time><div class=\"wp-block-latest-posts__post-excerpt\">C\u00d4NG TY C\u1ed4 PH\u1ea6N K\u1ef8 THU\u1eacT BEEVISION Chuy\u00ean t\u01b0 v\u1ea5n, cung c\u1ea5p c\u00e1c gi\u1ea3i ph\u00e1p v\u00e0 thi\u1ebft b\u1ecb trong ngh\u00e0nh c\u00f4ng nghi\u1ec7p m\u00e3 v\u1ea1ch, t\u1ef1 \u0111\u1ed9ng h\u00f3a, gi\u1ea3i ph\u00e1p Camera ki\u1ec3m tra ngo\u1ea1i quan s\u1ea3n ph\u1ea9m, machine vision, nh\u00e0 m\u00e1y, khu c\u00f4ng nghi\u1ec7p Nh\u1eb1m \u0111\u00e1p \u1ee9ng quy m\u00f4 ph\u00e1t tri\u1ec3n,&nbsp;C\u00f4ng ty C\u1ed5 ph\u1ea7n K\u1ef9 thu\u1eadt BeeVision c\u1ea7n t\u00ecm ki\u1ebfm nh\u00e2n s\u1ef1 cho v\u1ecb tr\u00ed Nh\u00e2n vi\u00ean K\u1ef9 thu\u1eadt. M\u1ee9c l\u01b0\u01a1ng:<br><br><a class=\"more-link\" href=\"https:\/\/bee.vision\/vn\/2024\/03\/05\/tuyendung-nhanvienkythuat\/\">Read More<\/a><\/div><\/li>\n<\/ul>","protected":false},"excerpt":{"rendered":"","protected":false},"author":4,"featured_media":0,"parent":0,"menu_order":0,"comment_status":"closed","ping_status":"closed","template":"","meta":[],"_links":{"self":[{"href":"https:\/\/bee.vision\/vn\/wp-json\/wp\/v2\/pages\/615"}],"collection":[{"href":"https:\/\/bee.vision\/vn\/wp-json\/wp\/v2\/pages"}],"about":[{"href":"https:\/\/bee.vision\/vn\/wp-json\/wp\/v2\/types\/page"}],"author":[{"embeddable":true,"href":"https:\/\/bee.vision\/vn\/wp-json\/wp\/v2\/users\/4"}],"replies":[{"embeddable":true,"href":"https:\/\/bee.vision\/vn\/wp-json\/wp\/v2\/comments?post=615"}],"version-history":[{"count":6,"href":"https:\/\/bee.vision\/vn\/wp-json\/wp\/v2\/pages\/615\/revisions"}],"predecessor-version":[{"id":749,"href":"https:\/\/bee.vision\/vn\/wp-json\/wp\/v2\/pages\/615\/revisions\/749"}],"wp:attachment":[{"href":"https:\/\/bee.vision\/vn\/wp-json\/wp\/v2\/media?parent=615"}],"curies":[{"name":"wp","href":"https:\/\/api.w.org\/{rel}","templated":true}]}}