{"id":612,"date":"2024-03-05T03:13:57","date_gmt":"2024-03-05T03:13:57","guid":{"rendered":"https:\/\/bee.vision\/vn\/?page_id=612"},"modified":"2024-03-05T03:13:57","modified_gmt":"2024-03-05T03:13:57","slug":"tintuc","status":"publish","type":"page","link":"https:\/\/bee.vision\/vn\/tintuc\/","title":{"rendered":"TIN T\u1ee8C"},"content":{"rendered":"\n<h3><\/h3>\n\n\n\n<p>BeeVision l\u00e0 c\u00f4ng ty h\u00e0ng \u0111\u1ea7u chuy\u00ean cung c\u1ea5p s\u1ea3n ph\u1ea9m v\u00e0 gi\u1ea3i ph\u00e1p hi\u1ec7n \u0111\u1ea1i trong l\u0129nh v\u1ef1c t\u1ef1 \u0111\u1ed9ng h\u00f3a c\u00f4ng nghi\u1ec7p. V\u1edbi s\u1ef1 chuy\u00ean nghi\u1ec7p v\u00e0 cam k\u1ebft \u0111em \u0111\u1ebfn nh\u1eefng gi\u1ea3i ph\u00e1p ti\u00ean ti\u1ebfn nh\u1ea5t, BeeVision \u0111\u00e3 x\u00e2y d\u1ef1ng v\u1ecb th\u1ebf v\u1eefng m\u1ea1nh trong ng\u00e0nh c\u00f4ng nghi\u1ec7p t\u1ef1 \u0111\u1ed9ng h\u00f3a. <\/p>\n\n\n\n<p>Chuy\u00ean m\u00f4n c\u1ee7a BeeVision kh\u00f4ng ch\u1ec9 gi\u1edbi h\u1ea1n trong vi\u1ec7c cung c\u1ea5p c\u00e1c s\u1ea3n ph\u1ea9m h\u00e0ng \u0111\u1ea7u, ch\u00fang t\u00f4i c\u00f2n cung c\u1ea5p ph\u1ea7n m\u1ec1m chuy\u00ean d\u1ee5ng cho c\u00e1c \u1ee9ng d\u1ee5ng trong m\u00f4i tr\u01b0\u1eddng nh\u00e0 m\u00e1y. BeeVision m\u1edf r\u1ed9ng h\u1ee3p t\u00e1c v\u00e0 tr\u1edf th\u00e0nh nh\u00e0 ph\u00e2n ph\u1ed1i ch\u00ednh th\u1ee9c c\u1ee7a nh\u01b0ng t\u00ean tu\u1ed5i l\u1edbn trong l\u0129nh v\u1ef1c machine vision nh\u01b0 Cognex, Basler, OPT, Computar, Irayple&#8230; Vi\u1ec7c h\u1ee3p t\u00e1c ch\u1eb7t ch\u1ebd n\u00e0y kh\u00f4ng ch\u1ec9 gi\u00fap BeeVision ti\u1ebfp c\u1eadn nh\u1eefng c\u00f4ng ngh\u1ec7 m\u1edbi nh\u1ea5t, m\u00e0 c\u00f2n mang l\u1ea1i cho kh\u00e1ch h\u00e0ng s\u1ef1 tin t\u01b0\u1edfng v\u1edbi s\u1ea3n ph\u1ea9m v\u00e0 d\u1ecbch v\u1ee5.<\/p>\n\n\n\n<p>V\u1edbi \u0111\u1ed9i ng\u0169 chuy\u00ean gia gi\u00e0u kinh nghi\u1ec7m, BeeVision cam k\u1ebft \u0111em \u0111\u1ebfn gi\u1ea3i ph\u00e1p to\u00e0n di\u1ec7n v\u00e0 linh ho\u1ea1t, ph\u1ee5c v\u1ee5 m\u1ecdi nhu c\u1ea7u \u0111\u1eb7c bi\u1ec7t c\u1ee7a kh\u00e1ch h\u00e0ng trong l\u0129nh v\u1ef1c t\u1ef1 \u0111\u1ed9ng h\u00f3a c\u00f4ng nghi\u1ec7p.<\/p>\n\n\n\n<p><\/p>\n","protected":false},"excerpt":{"rendered":"<p>BeeVision l\u00e0 c\u00f4ng ty h\u00e0ng \u0111\u1ea7u chuy\u00ean cung c\u1ea5p s\u1ea3n ph\u1ea9m v\u00e0 gi\u1ea3i ph\u00e1p hi\u1ec7n \u0111\u1ea1i trong l\u0129nh v\u1ef1c t\u1ef1 \u0111\u1ed9ng h\u00f3a c\u00f4ng nghi\u1ec7p. V\u1edbi s\u1ef1 chuy\u00ean nghi\u1ec7p v\u00e0 cam k\u1ebft \u0111em \u0111\u1ebfn nh\u1eefng gi\u1ea3i ph\u00e1p ti\u00ean ti\u1ebfn nh\u1ea5t, BeeVision \u0111\u00e3 x\u00e2y d\u1ef1ng v\u1ecb th\u1ebf v\u1eefng m\u1ea1nh trong ng\u00e0nh c\u00f4ng nghi\u1ec7p t\u1ef1 \u0111\u1ed9ng h\u00f3a. Chuy\u00ean m\u00f4n c\u1ee7a BeeVision kh\u00f4ng ch\u1ec9 gi\u1edbi h\u1ea1n trong vi\u1ec7c cung c\u1ea5p c\u00e1c s\u1ea3n ph\u1ea9m h\u00e0ng<\/p>\n<p><a class=\"more-link\" href=\"https:\/\/bee.vision\/vn\/tintuc\/\">Read More<\/a><\/p>\n","protected":false},"author":4,"featured_media":0,"parent":0,"menu_order":0,"comment_status":"closed","ping_status":"closed","template":"","meta":[],"_links":{"self":[{"href":"https:\/\/bee.vision\/vn\/wp-json\/wp\/v2\/pages\/612"}],"collection":[{"href":"https:\/\/bee.vision\/vn\/wp-json\/wp\/v2\/pages"}],"about":[{"href":"https:\/\/bee.vision\/vn\/wp-json\/wp\/v2\/types\/page"}],"author":[{"embeddable":true,"href":"https:\/\/bee.vision\/vn\/wp-json\/wp\/v2\/users\/4"}],"replies":[{"embeddable":true,"href":"https:\/\/bee.vision\/vn\/wp-json\/wp\/v2\/comments?post=612"}],"version-history":[{"count":1,"href":"https:\/\/bee.vision\/vn\/wp-json\/wp\/v2\/pages\/612\/revisions"}],"predecessor-version":[{"id":613,"href":"https:\/\/bee.vision\/vn\/wp-json\/wp\/v2\/pages\/612\/revisions\/613"}],"wp:attachment":[{"href":"https:\/\/bee.vision\/vn\/wp-json\/wp\/v2\/media?parent=612"}],"curies":[{"name":"wp","href":"https:\/\/api.w.org\/{rel}","templated":true}]}}