{"id":58,"date":"2021-07-03T10:43:25","date_gmt":"2021-07-03T10:43:25","guid":{"rendered":"https:\/\/bee.vision\/vn\/?page_id=58"},"modified":"2024-05-31T07:04:07","modified_gmt":"2024-05-31T07:04:07","slug":"thiet-bi-doc-ma-vach","status":"publish","type":"page","link":"https:\/\/bee.vision\/vn\/san-pham\/thiet-bi-doc-ma-vach\/","title":{"rendered":"\u0110\u1ea6U \u0110\u1eccC M\u00c3 V\u1ea0CH"},"content":{"rendered":"<p>\u0110\u1ea7u \u0111\u1ecdc m\u00e3 v\u1ea1ch c\u00f4ng nghi\u1ec7p c\u1ee7a Cognex, d\u1ef1a tr\u00ean h\u00ecnh \u1ea3nh \u0111\u1ec3 gi\u1ea3i m\u00e3 c\u00e1c m\u00e3 1D v\u00e0 2D, t\u1eeb c\u00e1c nh\u00e3n in \u0111\u1ebfn c\u00e1c m\u00e3 \u0111\u00e1nh d\u1ea5u b\u1ed9 ph\u1eadn tr\u1ef1c ti\u1ebfp (DPM) kh\u00f3 \u0111\u1ecdc nh\u1ea5t trong c\u00e1c \u1ee9ng d\u1ee5ng s\u1ea3n xu\u1ea5t v\u00e0 v\u1eadn chuy\u1ec3n. T\u1ef7 l\u1ec7 \u0111\u1ecdc h\u00e0ng \u0111\u1ea7u trong ng\u00e0nh, c\u00f4ng ngh\u1ec7 ti\u00ean ti\u1ebfn, t\u00f9y ch\u1ecdn m\u00f4-\u0111un v\u00e0 thi\u1ebft l\u1eadp d\u1ec5 d\u00e0ng gi\u00fap gi\u1ea3m chi ph\u00ed, t\u1ed1i \u01b0u h\u00f3a hi\u1ec7u su\u1ea5t, t\u0103ng th\u00f4ng l\u01b0\u1ee3ng v\u00e0 ki\u1ec3m so\u00e1t kh\u1ea3 n\u0103ng truy xu\u1ea5t ngu\u1ed3n g\u1ed1c.<\/p>\n<p>\u00a0<\/p>\n\n<ul class=\"wp-block-latest-posts wp-block-latest-posts__list\"><li><a href=\"https:\/\/bee.vision\/vn\/2025\/03\/24\/dataman-290\/\">GI\u1edaI THI\u1ec6U S\u1ea2N PH\u1ea8M M\u1edaI &#8211; COGNEX DM290<\/a><div class=\"wp-block-latest-posts__post-excerpt\">Lu\u00f4n \u0111i \u0111\u1ea7u v\u1ec1 thi\u1ebft b\u1ecb \u0111\u1ecdc m\u00e3 v\u1ea1ch, Cognex v\u1eeba ra m\u1eaft s\u1ea3n ph\u1ea9m m\u1edbi \u2013 DataMan 290. Thi\u1ebft b\u1ecb n\u00e0y mang \u0111\u1ebfn c\u1ea3i ti\u1ebfn v\u01b0\u1ee3t tr\u1ed9i v\u1ec1 hi\u1ec7u su\u1ea5t v\u00e0 kh\u1ea3 n\u0103ng \u1ee9ng d\u1ee5ng trong c\u00f4ng nghi\u1ec7p. Cognex DataMan 290 l\u00e0 \u0111\u1ea7u \u0111\u1ecdc m\u00e3 v\u1ea1ch \u0111\u01b0\u1ee3c h\u1ed7 tr\u1ee3 b\u1edfi AI ph\u00f9 h\u1ee3p cho nhi\u1ec1u \u1ee9ng d\u1ee5ng. DM290 c\u00f3 t\u1ed1c \u0111\u1ed9 \u0111\u1ecdc nhanh ch\u00f3ng trong m\u1ecdi m\u00f4i tr\u01b0\u1eddng nh\u1edd<br><br><a class=\"more-link\" href=\"https:\/\/bee.vision\/vn\/2025\/03\/24\/dataman-290\/\">Read More<\/a><\/div><\/li>\n<li><a href=\"https:\/\/bee.vision\/vn\/2024\/01\/22\/dataman280\/\">COGNEX DATAMAN 280<\/a><div class=\"wp-block-latest-posts__post-excerpt\">T\u00ednh n\u0103ng: Hi\u1ec7u su\u1ea5t cao: C\u1ea3i thi\u1ec7n th\u00f4ng l\u01b0\u1ee3ng v\u00e0 n\u0103ng su\u1ea5t tr\u00ean nhi\u1ec1u \u1ee9ng d\u1ee5ng b\u1eb1ng c\u00e1ch s\u1eed d\u1ee5ng thu\u1eadt to\u00e1n 1D\/2D h\u00e0ng \u0111\u1ea7u trong ng\u00e0nh v\u00e0 \u00e1nh s\u00e1ng \u0111\u1ed3ng \u0111\u1ec1u. \u0110\u1ecdc m\u1ea1nh m\u1ebd: Ho\u1ea1t \u0111\u1ed9ng trong m\u00f4i tr\u01b0\u1eddng \u0111\u1ecdc m\u00e3 kh\u00f3 kh\u0103n nh\u1ea5t v\u1edbi t\u00ednh n\u0103ng t\u1ef1 \u0111\u1ed9ng l\u1ea5y n\u00e9t \u0111\u1ed9ng v\u00e0 h\u00ecnh \u1ea3nh d\u1ea3i \u0111\u1ed9ng cao ti\u00ean ti\u1ebfn. Ch\u1ee9c n\u0103ng d\u00f9ng ngay: M\u1edf h\u1ed9p, c\u00e0i \u0111\u1eb7t v\u00e0<br><br><a class=\"more-link\" href=\"https:\/\/bee.vision\/vn\/2024\/01\/22\/dataman280\/\">Read More<\/a><\/div><\/li>\n<li><div class=\"wp-block-latest-posts__featured-image alignleft\"><img width=\"150\" height=\"150\" src=\"https:\/\/bee.vision\/vn\/wp-content\/uploads\/2021\/07\/dataman8050-150x150.png\" class=\"attachment-thumbnail size-thumbnail wp-post-image\" alt=\"dataman8050\" loading=\"lazy\" style=\"max-width:150px;max-height:150px;\" srcset=\"https:\/\/bee.vision\/vn\/wp-content\/uploads\/2021\/07\/dataman8050-150x150.png 150w, https:\/\/bee.vision\/vn\/wp-content\/uploads\/2021\/07\/dataman8050-250x250.png 250w\" sizes=\"(max-width: 150px) 100vw, 150px\" \/><\/div><a href=\"https:\/\/bee.vision\/vn\/2021\/07\/09\/cognex-dataman\/\">Cognex DataMan 8050<\/a><div class=\"wp-block-latest-posts__post-excerpt\">\u0110\u1ea7u \u0111\u1ecdc m\u00e3 v\u1ea1ch c\u1ea7m tay D\u00f2ng DataMan 8050 \u0111\u01b0\u1ee3c trang b\u1ecb c\u00e1c thu\u1eadt to\u00e1n gi\u1ea3i m\u00e3 \u0111\u01b0\u1ee3c c\u1ea5p b\u1eb1ng s\u00e1ng ch\u1ebf \u0111\u1ec3 \u0111\u1ecdc m\u00e3 v\u1ea1ch 1D v\u00e0 2D \u0111\u01b0\u1ee3c \u0111\u00e1nh d\u1ea5u t\u1ed1t, bao g\u1ed3m m\u00e3 kh\u1eafc tr\u1ef1c ti\u1ebfp (DPM), trong m\u00f4i tr\u01b0\u1eddng s\u1ea3n xu\u1ea5t kh\u1eafc nghi\u1ec7t nh\u1ea5t. Thi\u1ebft k\u1ebf m\u00f4-\u0111un linh ho\u1ea1t \u0111\u1ea3m b\u1ea3o \u0111\u1ea7u \u0111\u1ecdc d\u00f2ng DataMan 8050 s\u1eb5n s\u00e0ng \u0111\u00e1p \u1ee9ng nhu c\u1ea7u giao ti\u1ebfp truy\u1ec1n th\u00f4ng<br><br><a class=\"more-link\" href=\"https:\/\/bee.vision\/vn\/2021\/07\/09\/cognex-dataman\/\">Read More<\/a><\/div><\/li>\n<li><div class=\"wp-block-latest-posts__featured-image alignleft\"><img width=\"150\" height=\"150\" src=\"https:\/\/bee.vision\/vn\/wp-content\/uploads\/2021\/07\/dm8070-150x150.png\" class=\"attachment-thumbnail size-thumbnail wp-post-image\" alt=\"dm8070\" loading=\"lazy\" style=\"max-width:150px;max-height:150px;\" srcset=\"https:\/\/bee.vision\/vn\/wp-content\/uploads\/2021\/07\/dm8070-150x150.png 150w, https:\/\/bee.vision\/vn\/wp-content\/uploads\/2021\/07\/dm8070-250x250.png 250w\" sizes=\"(max-width: 150px) 100vw, 150px\" \/><\/div><a href=\"https:\/\/bee.vision\/vn\/2021\/07\/09\/cognex-dataman-8070\/\">Cognex DataMan 8070<\/a><div class=\"wp-block-latest-posts__post-excerpt\">D\u00f2ng DataMan 8070 cung c\u1ea5p hi\u1ec7u su\u1ea5t \u0111\u1ecdc m\u00e3 v\u1ea1ch m\u1ea1nh m\u1ebd cho c\u00e1c \u1ee9ng d\u1ee5ng DPM v\u00e0 nh\u00e3n d\u00e1n tr\u00ean nhi\u1ec1u b\u1ec1 m\u1eb7t v\u00e0 v\u1eadt li\u1ec7u kh\u00f3 \u0111\u00e1nh d\u1ea5u nh\u1ea5t. V\u1edbi c\u00f4ng ngh\u1ec7 \u0111\u01b0\u1ee3c c\u1ea5p b\u1eb1ng s\u00e1ng ch\u1ebf m\u1edbi nh\u1ea5t, c\u00e1c t\u00f9y ch\u1ecdn chi\u1ebfu s\u00e1ng ti\u00ean ti\u1ebfn v\u00e0 truy\u1ec1n th\u00f4ng m\u00f4-\u0111un, d\u00f2ng DataMan 8070 l\u00fd t\u01b0\u1edfng cho c\u00e1c \u1ee9ng d\u1ee5ng \u00f4 t\u00f4, h\u00e0ng kh\u00f4ng v\u0169 tr\u1ee5, thi\u1ebft b\u1ecb y<br><br><a class=\"more-link\" href=\"https:\/\/bee.vision\/vn\/2021\/07\/09\/cognex-dataman-8070\/\">Read More<\/a><\/div><\/li>\n<li><div class=\"wp-block-latest-posts__featured-image alignleft\"><img width=\"150\" height=\"150\" src=\"https:\/\/bee.vision\/vn\/wp-content\/uploads\/2021\/07\/dataman-8700dx-150x150.png\" class=\"attachment-thumbnail size-thumbnail wp-post-image\" alt=\"dataman-8700dx\" loading=\"lazy\" style=\"max-width:150px;max-height:150px;\" srcset=\"https:\/\/bee.vision\/vn\/wp-content\/uploads\/2021\/07\/dataman-8700dx-150x150.png 150w, https:\/\/bee.vision\/vn\/wp-content\/uploads\/2021\/07\/dataman-8700dx-250x250.png 250w\" sizes=\"(max-width: 150px) 100vw, 150px\" \/><\/div><a href=\"https:\/\/bee.vision\/vn\/2021\/07\/09\/cognex-dataman-8700\/\">Cognex DataMan 8700<\/a><div class=\"wp-block-latest-posts__post-excerpt\">M\u00f4i tr\u01b0\u1eddng s\u1ea3n xu\u1ea5t trong c\u00e1c ng\u00e0nh c\u00f4ng nghi\u1ec7p \u00f4 t\u00f4, thi\u1ebft b\u1ecb y t\u1ebf, \u0111i\u1ec7n t\u1eed, h\u00e0ng kh\u00f4ng v\u0169 tr\u1ee5 v\u00e0 b\u1ea3o m\u1eadt s\u1ea3n ph\u1ea9m \u0111\u00f2i h\u1ecfi c\u00f4ng ngh\u1ec7 \u0111\u1ecdc m\u00e3 v\u1ea1ch ch\u1eafc ch\u1eafn, hi\u1ec7u su\u1ea5t cao v\u00e0 d\u1ec5 s\u1eed d\u1ee5ng \u0111\u1ec3 \u0111\u1ea3m b\u1ea3o truy xu\u1ea5t ngu\u1ed3n g\u1ed1c v\u00e0 n\u0103ng su\u1ea5t linh ki\u1ec7n h\u00e0ng \u0111\u1ea7u. \u0110\u1ea7u \u0111\u1ecdc m\u00e3 v\u1ea1ch c\u1ea7m tay Cognex DataMan 8700 gi\u1ea3i m\u00e3\u00a0 tr\u1ef1c ti\u1ebfp kh\u00f3<br><br><a class=\"more-link\" href=\"https:\/\/bee.vision\/vn\/2021\/07\/09\/cognex-dataman-8700\/\">Read More<\/a><\/div><\/li>\n<li><div class=\"wp-block-latest-posts__featured-image alignleft\"><img width=\"150\" height=\"150\" src=\"https:\/\/bee.vision\/vn\/wp-content\/uploads\/2021\/07\/dataman70-homepage-150x150.png\" class=\"attachment-thumbnail size-thumbnail wp-post-image\" alt=\"dataman70\" loading=\"lazy\" style=\"max-width:150px;max-height:150px;\" srcset=\"https:\/\/bee.vision\/vn\/wp-content\/uploads\/2021\/07\/dataman70-homepage-150x150.png 150w, https:\/\/bee.vision\/vn\/wp-content\/uploads\/2021\/07\/dataman70-homepage-250x250.png 250w\" sizes=\"(max-width: 150px) 100vw, 150px\" \/><\/div><a href=\"https:\/\/bee.vision\/vn\/2021\/07\/07\/cognex-dataman-70\/\">Cognex DataMan 70<\/a><div class=\"wp-block-latest-posts__post-excerpt\">Cognex DataMan 70 l\u00e0 m\u1ed9t \u0111\u1ea7u \u0111\u1ecdc m\u00e3 v\u1ea1ch g\u1eafn c\u1ed1 \u0111\u1ecbnh nh\u1ecf g\u1ecdn cung c\u1ea5p t\u1ef7 l\u1ec7 \u0111\u1ecdc cao nh\u1ea5t cho m\u00e3 v\u1ea1ch d\u1ef1a tr\u00ean nh\u00e3n 1D v\u00e0 2D.V\u1edbi s\u1ef1 h\u00ecnh th\u00e0nh h\u00ecnh \u1ea3nh ti\u00ean ti\u1ebfn v\u00e0 m\u1ed9t d\u1ea5u ch\u00e2n nh\u1ecf, DataMan 70 l\u00e0 gi\u1ea3i ph\u00e1p l\u00fd t\u01b0\u1edfng cho c\u00e1c \u1ee9ng d\u1ee5ng s\u1ea3n xu\u1ea5t t\u1ed1c \u0111\u1ed9 cao v\u00e0 c\u00e1c \u1ee9ng d\u1ee5ng cho logistics. \u0110\u1ecdc m\u00e3 1D v\u00e0 2D m\u1ed9t<br><br><a class=\"more-link\" href=\"https:\/\/bee.vision\/vn\/2021\/07\/07\/cognex-dataman-70\/\">Read More<\/a><\/div><\/li>\n<li><div class=\"wp-block-latest-posts__featured-image alignleft\"><img width=\"150\" height=\"150\" src=\"https:\/\/bee.vision\/vn\/wp-content\/uploads\/2021\/07\/dm152-262-left-hand-150x150.jpg\" class=\"attachment-thumbnail size-thumbnail wp-post-image\" alt=\"dataman 150\/260\" loading=\"lazy\" style=\"max-width:150px;max-height:150px;\" srcset=\"https:\/\/bee.vision\/vn\/wp-content\/uploads\/2021\/07\/dm152-262-left-hand-150x150.jpg 150w, https:\/\/bee.vision\/vn\/wp-content\/uploads\/2021\/07\/dm152-262-left-hand-250x250.jpg 250w\" sizes=\"(max-width: 150px) 100vw, 150px\" \/><\/div><a href=\"https:\/\/bee.vision\/vn\/2021\/07\/07\/cognex-dataman-150-260\/\">Cognex DataMan 150\/260<\/a><div class=\"wp-block-latest-posts__post-excerpt\">\u0110\u1ed1i v\u1edbi m\u00e3 v\u1ea1ch tuy\u1ebfn t\u00ednh 1D, m\u00e3 ma tr\u1eadn 2D m\u1eadt \u0111\u1ed9 cao ho\u1eb7c m\u00e3 \u0111\u00e1nh d\u1ea5u tr\u1ef1c ti\u1ebfp (DPM), DataMan 150\/260 series g\u1eafn c\u1ed1 \u0111\u1ecbnh, \u0111\u1ea7u \u0111\u1ecdc m\u00e3 v\u1ea1ch d\u1ef1a tr\u00ean h\u00ecnh \u1ea3nh mang l\u1ea1i hi\u1ec7u su\u1ea5t ch\u01b0a t\u1eebng c\u00f3, t\u00ednh linh ho\u1ea1t v\u00e0 d\u1ec5 s\u1eed d\u1ee5ng. T\u1ef7 l\u1ec7 \u0111\u1ecdc th\u00e0nh c\u00f4ng cao \u0110\u1ea7u \u0111\u1ecdc m\u00e3 v\u1ea1ch g\u1eafn c\u1ed1 \u0111\u1ecbnh d\u00f2ng DataMan 150\/260 \u0111\u1ea1t \u0111\u01b0\u1ee3c t\u1ed1c \u0111\u1ed9 \u0111\u1ecdc<br><br><a class=\"more-link\" href=\"https:\/\/bee.vision\/vn\/2021\/07\/07\/cognex-dataman-150-260\/\">Read More<\/a><\/div><\/li>\n<li><div class=\"wp-block-latest-posts__featured-image alignleft\"><img width=\"150\" height=\"150\" src=\"https:\/\/bee.vision\/vn\/wp-content\/uploads\/2021\/07\/products-dm470-2-150x150.png\" class=\"attachment-thumbnail size-thumbnail wp-post-image\" alt=\"dm470\" loading=\"lazy\" style=\"max-width:150px;max-height:150px;\" srcset=\"https:\/\/bee.vision\/vn\/wp-content\/uploads\/2021\/07\/products-dm470-2-150x150.png 150w, https:\/\/bee.vision\/vn\/wp-content\/uploads\/2021\/07\/products-dm470-2-250x250.png 250w\" sizes=\"(max-width: 150px) 100vw, 150px\" \/><\/div><a href=\"https:\/\/bee.vision\/vn\/2021\/07\/06\/cognex-dataman-470\/\">Cognex DataMan 470<\/a><div class=\"wp-block-latest-posts__post-excerpt\">\u0110\u1ea7u \u0111\u1ecdc m\u00e3 v\u1ea1ch g\u1eafn c\u1ed1 \u0111\u1ecbnh d\u00f2ng DataMan 470 gi\u1ea3i quy\u1ebft c\u00e1c \u1ee9ng d\u1ee5ng s\u1ea3n xu\u1ea5t v\u00e0 logistics ph\u1ee9c t\u1ea1p, th\u00f4ng l\u01b0\u1ee3ng cao m\u1ed9t c\u00e1ch d\u1ec5 d\u00e0ng. S\u1ee9c m\u1ea1nh x\u1eed l\u00fd \u0111a l\u00f5i, c\u00f4ng ngh\u1ec7 h\u00ecnh \u1ea3nh, c\u1ea3m bi\u1ebfn \u0111\u1ed9 ph\u00e2n gi\u1ea3i cao, thu\u1eadt to\u00e1n gi\u1ea3i m\u00e3 ti\u00ean ti\u1ebfn v\u00e0 thi\u1ebft l\u1eadp \u0111\u01a1n gi\u1ea3n c\u1ee7a DataMan 470 mang l\u1ea1i ph\u1ea1m vi bao ph\u1ee7 t\u1ed1i \u0111a, t\u1ed1c \u0111\u1ed9 v\u00e0 t\u00ednh<br><br><a class=\"more-link\" href=\"https:\/\/bee.vision\/vn\/2021\/07\/06\/cognex-dataman-470\/\">Read More<\/a><\/div><\/li>\n<li><div class=\"wp-block-latest-posts__featured-image alignleft\"><img width=\"150\" height=\"150\" src=\"https:\/\/bee.vision\/vn\/wp-content\/uploads\/2021\/07\/dm370-product-tile-150x150.png\" class=\"attachment-thumbnail size-thumbnail wp-post-image\" alt=\"dm370\" loading=\"lazy\" style=\"max-width:150px;max-height:150px;\" srcset=\"https:\/\/bee.vision\/vn\/wp-content\/uploads\/2021\/07\/dm370-product-tile-150x150.png 150w, https:\/\/bee.vision\/vn\/wp-content\/uploads\/2021\/07\/dm370-product-tile-250x250.png 250w\" sizes=\"(max-width: 150px) 100vw, 150px\" \/><\/div><a href=\"https:\/\/bee.vision\/vn\/2021\/07\/05\/cognex-dataman-370\/\">Cognex DataMan 370<\/a><div class=\"wp-block-latest-posts__post-excerpt\">D\u00f2ng s\u1ea3n ph\u1ea9m Cognex DataMan 370 \u0111\u01b0\u1ee3c s\u1eed d\u1ee5ng \u0111\u1ec3 gi\u1ea3i quy\u1ebft c\u00e1c \u1ee9ng d\u1ee5ng \u0111\u1ecdc code v\u1edbi \u0111\u1ed9 ph\u1ee9c t\u1ea1p cao. V\u1edbi kh\u1ea3 n\u0103ng t\u00ednh to\u00e1n g\u1ea5p \u0111\u00f4i so v\u1edbi c\u00e1c \u0111\u1ea7u \u0111\u1ecdc th\u00f4ng th\u01b0\u1eddng c\u00f9ng lo\u1ea1i, DataMan 370 mang l\u1ea1i t\u1ed1c \u0111\u1ed9 gi\u1ea3i m\u00e3 nhanh h\u01a1n \u0111\u1ec3 \u0111\u1ea1t \u0111\u01b0\u1ee3c th\u00f4ng l\u01b0\u1ee3ng l\u1edbn h\u01a1n tr\u00ean m\u1ed7i c\u01a1 s\u1edf, ngay c\u1ea3 khi c\u00e1c \u1ee9ng d\u1ee5ng c\u00f3 nhi\u1ec1u m\u00e3 v\u00e0 k\u00fd<br><br><a class=\"more-link\" href=\"https:\/\/bee.vision\/vn\/2021\/07\/05\/cognex-dataman-370\/\">Read More<\/a><\/div><\/li>\n<\/ul>","protected":false},"excerpt":{"rendered":"<p>\u0110\u1ea7u \u0111\u1ecdc m\u00e3 v\u1ea1ch c\u00f4ng nghi\u1ec7p c\u1ee7a Cognex, d\u1ef1a tr\u00ean h\u00ecnh \u1ea3nh \u0111\u1ec3 gi\u1ea3i m\u00e3 c\u00e1c m\u00e3 1D v\u00e0 2D, t\u1eeb c\u00e1c nh\u00e3n in \u0111\u1ebfn c\u00e1c m\u00e3 \u0111\u00e1nh d\u1ea5u b\u1ed9 ph\u1eadn tr\u1ef1c ti\u1ebfp (DPM) kh\u00f3 \u0111\u1ecdc nh\u1ea5t trong c\u00e1c \u1ee9ng d\u1ee5ng s\u1ea3n xu\u1ea5t v\u00e0 v\u1eadn chuy\u1ec3n. T\u1ef7 l\u1ec7 \u0111\u1ecdc h\u00e0ng \u0111\u1ea7u trong ng\u00e0nh, c\u00f4ng ngh\u1ec7 ti\u00ean ti\u1ebfn, t\u00f9y ch\u1ecdn m\u00f4-\u0111un v\u00e0 thi\u1ebft l\u1eadp d\u1ec5 d\u00e0ng gi\u00fap gi\u1ea3m chi ph\u00ed, t\u1ed1i<\/p>\n<p><a class=\"more-link\" href=\"https:\/\/bee.vision\/vn\/san-pham\/thiet-bi-doc-ma-vach\/\">Read More<\/a><\/p>\n","protected":false},"author":1,"featured_media":0,"parent":62,"menu_order":0,"comment_status":"closed","ping_status":"closed","template":"","meta":[],"_links":{"self":[{"href":"https:\/\/bee.vision\/vn\/wp-json\/wp\/v2\/pages\/58"}],"collection":[{"href":"https:\/\/bee.vision\/vn\/wp-json\/wp\/v2\/pages"}],"about":[{"href":"https:\/\/bee.vision\/vn\/wp-json\/wp\/v2\/types\/page"}],"author":[{"embeddable":true,"href":"https:\/\/bee.vision\/vn\/wp-json\/wp\/v2\/users\/1"}],"replies":[{"embeddable":true,"href":"https:\/\/bee.vision\/vn\/wp-json\/wp\/v2\/comments?post=58"}],"version-history":[{"count":23,"href":"https:\/\/bee.vision\/vn\/wp-json\/wp\/v2\/pages\/58\/revisions"}],"predecessor-version":[{"id":751,"href":"https:\/\/bee.vision\/vn\/wp-json\/wp\/v2\/pages\/58\/revisions\/751"}],"up":[{"embeddable":true,"href":"https:\/\/bee.vision\/vn\/wp-json\/wp\/v2\/pages\/62"}],"wp:attachment":[{"href":"https:\/\/bee.vision\/vn\/wp-json\/wp\/v2\/media?parent=58"}],"curies":[{"name":"wp","href":"https:\/\/api.w.org\/{rel}","templated":true}]}}