{"id":30,"date":"2021-07-03T08:10:12","date_gmt":"2021-07-03T08:10:12","guid":{"rendered":"https:\/\/bee.vision\/vn\/?page_id=30"},"modified":"2021-07-03T08:10:13","modified_gmt":"2021-07-03T08:10:13","slug":"dieu-chinh-do-lech","status":"publish","type":"page","link":"https:\/\/bee.vision\/vn\/dieu-chinh-do-lech\/","title":{"rendered":"\u0110I\u1ec0U CH\u1ec8NH \u0110\u1ed8 L\u1ec6CH"},"content":{"rendered":"\n<p>Nh\u1eefng nh\u00e0 s\u1ea3n xu\u1ea5t y\u00eau c\u1ea7u s\u1ef1 c\u0103n ch\u1ec9nh ch\u00ednh x\u00e1c th\u01b0\u1eddng s\u1eed d\u1ee5ng h\u1ec7 th\u1ed1ng th\u1ecb gi\u00e1c m\u00e1y \u0111\u1ec3 \u0111\u1ea1t \u0111\u01b0\u1ee3c y\u00eau c\u1ea7u sai s\u1ed1 k\u1ef9 thu\u1eadt c\u1ee7a s\u1ea3n ph\u1ea9m. Gi\u1ea3i ph\u00e1p c\u1ee7a ch\u00fang t\u00f4i cho ph\u00e9p nh\u1eadn d\u1ea1ng m\u1eabu, t\u00ecm ki\u1ebfm khuy\u1ebft \u0111i\u1ec3m, ki\u1ec3m tra s\u1ef1 xu\u1ea5t hi\u1ec7n, \u0111o b\u1eb1ng quang h\u1ecdc. Ph\u1ea7n m\u1ec1m c\u1ee7a ch\u00fang t\u00f4i s\u1ebd ph\u00e2n t\u00edch h\u00ecnh \u1ea3nh nh\u1eadn \u0111\u01b0\u1ee3c t\u1eeb hai camera \u0111\u01b0\u1ee3c trang b\u1ecb \u1ed1ng k\u00ednh ph\u00f9 h\u1ee3p. K\u1ebft qu\u1ea3 c\u1ee7a ph\u1ea7n m\u1ec1m \u0111\u01b0a ra t\u00edn hi\u1ec7u g\u1eedi \u0111\u1ebfn b\u1ed9 \u0111i\u1ec1u khi\u1ec3n \u0111\u1ed9ng c\u01a1 servo c\u00f3 encoder. V\u00e0 sau \u0111\u00f3 c\u01a1 c\u1ea5u ch\u1ea5p h\u00e0nh s\u1ebd \u0111o v\u00e0 c\u0103n ch\u1ec9nh v\u1eadt th\u1ec3 ch\u00ednh x\u00e1c v\u00e0 li\u00ean t\u1ee5c.<\/p>\n\n\n\n<p>\u1ee8ng d\u1ee5ng c\u1ee7a h\u1ec7 th\u1ed1ng c\u0103n ch\u1ec9nh s\u1eed d\u1ee5ng th\u1ecb gi\u00e1c m\u00e1y \u0111\u00e3 \u0111\u01b0\u1ee3c ch\u1ee9ng minh trong c\u00f4ng ngh\u1ec7 s\u1ea3n xu\u1ea5t m\u00e0n h\u00ecnh OLED v\u00e0 thi\u1ebft k\u1ebf m\u1ea1ch nhi\u1ec1u l\u1edbp. Ch\u00fang \u0111\u00e3 \u0111\u01b0\u1ee3c ph\u00e1t tri\u1ec3n nh\u01b0 l\u00e0 m\u1ed9t ph\u1ea7n quan tr\u1ecdng c\u1ee7a ng\u00e0nh c\u00f4ng nghi\u1ec7p 4.0 trong t\u01b0\u01a1ng lai. Vi\u1ec7c y\u00eau c\u1ea7u s\u1ef1 ch\u00ednh x\u00e1c \u0111\u1ebfn t\u1eebng micro cho m\u1ed7i quy tr\u00ecnh s\u1ea3n xu\u1ea5t v\u1edbi s\u1ef1 tr\u1ee3 gi\u00fap t\u1eeb h\u1ec7 th\u1ed1ng th\u1ecb gi\u00e1c m\u00e1y c\u1ee7a ch\u00fang t\u00f4i, b\u1ea1n c\u00f3 th\u1ec3 \u0111\u1ea1t \u0111\u01b0\u1ee3c y\u00eau c\u1ea7u \u0111\u00f3 ho\u1eb7c c\u00f3 th\u1ec3 \u0111\u1ea1t \u0111\u01b0\u1ee3c \u0111\u1ed9 ch\u00ednh x\u00e1c h\u01a1n n\u1eefa. H\u1ec7 th\u1ed1ng th\u1ecb gi\u00e1c m\u00e1y s\u1ebd h\u01b0\u1edbng d\u1eabn v\u00e0 \u0111i\u1ec1u ch\u1ec9nh tr\u01b0\u1edbc khi \u00e9p v\u00e0 d\u00e1n c\u00e1c l\u1edbp l\u1ea1i v\u1edbi nhau.<\/p>\n","protected":false},"excerpt":{"rendered":"<p>Nh\u1eefng nh\u00e0 s\u1ea3n xu\u1ea5t y\u00eau c\u1ea7u s\u1ef1 c\u0103n ch\u1ec9nh ch\u00ednh x\u00e1c th\u01b0\u1eddng s\u1eed d\u1ee5ng h\u1ec7 th\u1ed1ng th\u1ecb gi\u00e1c m\u00e1y \u0111\u1ec3 \u0111\u1ea1t \u0111\u01b0\u1ee3c y\u00eau c\u1ea7u sai s\u1ed1 k\u1ef9 thu\u1eadt c\u1ee7a s\u1ea3n ph\u1ea9m. Gi\u1ea3i ph\u00e1p c\u1ee7a ch\u00fang t\u00f4i cho ph\u00e9p nh\u1eadn d\u1ea1ng m\u1eabu, t\u00ecm ki\u1ebfm khuy\u1ebft \u0111i\u1ec3m, ki\u1ec3m tra s\u1ef1 xu\u1ea5t hi\u1ec7n, \u0111o b\u1eb1ng quang h\u1ecdc. Ph\u1ea7n m\u1ec1m c\u1ee7a ch\u00fang t\u00f4i s\u1ebd ph\u00e2n t\u00edch h\u00ecnh \u1ea3nh nh\u1eadn \u0111\u01b0\u1ee3c t\u1eeb hai camera \u0111\u01b0\u1ee3c<\/p>\n<p><a class=\"more-link\" href=\"https:\/\/bee.vision\/vn\/dieu-chinh-do-lech\/\">Read More<\/a><\/p>\n","protected":false},"author":1,"featured_media":0,"parent":0,"menu_order":0,"comment_status":"closed","ping_status":"closed","template":"","meta":[],"_links":{"self":[{"href":"https:\/\/bee.vision\/vn\/wp-json\/wp\/v2\/pages\/30"}],"collection":[{"href":"https:\/\/bee.vision\/vn\/wp-json\/wp\/v2\/pages"}],"about":[{"href":"https:\/\/bee.vision\/vn\/wp-json\/wp\/v2\/types\/page"}],"author":[{"embeddable":true,"href":"https:\/\/bee.vision\/vn\/wp-json\/wp\/v2\/users\/1"}],"replies":[{"embeddable":true,"href":"https:\/\/bee.vision\/vn\/wp-json\/wp\/v2\/comments?post=30"}],"version-history":[{"count":1,"href":"https:\/\/bee.vision\/vn\/wp-json\/wp\/v2\/pages\/30\/revisions"}],"predecessor-version":[{"id":31,"href":"https:\/\/bee.vision\/vn\/wp-json\/wp\/v2\/pages\/30\/revisions\/31"}],"wp:attachment":[{"href":"https:\/\/bee.vision\/vn\/wp-json\/wp\/v2\/media?parent=30"}],"curies":[{"name":"wp","href":"https:\/\/api.w.org\/{rel}","templated":true}]}}