{"id":297,"date":"2023-10-04T04:19:02","date_gmt":"2023-10-04T04:19:02","guid":{"rendered":"https:\/\/bee.vision\/vn\/?page_id=297"},"modified":"2026-03-19T07:46:17","modified_gmt":"2026-03-19T07:46:17","slug":"phu-kien-machine-vision","status":"publish","type":"page","link":"https:\/\/bee.vision\/vn\/phu-kien-machine-vision\/","title":{"rendered":"PH\u1ee4 KI\u1ec6N MACHINE VISION"},"content":{"rendered":"<ul class=\"wp-block-latest-posts wp-block-latest-posts__list\"><li><a href=\"https:\/\/bee.vision\/vn\/2026\/03\/19\/pc-cong-nghiep-ipc-ap610t-4ug-bv01\/\">PC C\u00f4ng nghi\u1ec7p IPC-AP610T-4UG-BV01<\/a><div class=\"wp-block-latest-posts__post-excerpt\">PC C\u00f4ng nghi\u1ec7p IPC-AP610T-4UG-BV01 b\u1ed9 vi x\u1eed l\u00fd Intel\u00ae Core\u2122 th\u1ebf h\u1ec7 12\/13\/14 (i3\/i5\/i7\/i9), Pentium\u00ae v\u00e0 Celeron\u00ae socket LGA1700 \u0110\u1eb7c \u0111i\u1ec3m: Khung v\u1ecf ti\u00eau chu\u1ea9n 19 inch H\u1ed7 tr\u1ee3 bo m\u1ea1ch ch\u1ee7 c\u00f4ng nghi\u1ec7p ATX v\u00e0 ngu\u1ed3n ATX ti\u00eau chu\u1ea9n H\u1ed7 tr\u1ee3 1 khay \u1ed5 quang 5.25 inch ho\u1eb7c 1 khay \u1ed5 c\u1ee9ng 3.5 inch 1 khay \u1ed5 c\u1ee9ng 3.5 inch Khay \u1ed5 c\u1ee9ng \u0111\u01b0\u1ee3c thi\u1ebft k\u1ebf ch\u1ed1ng rung M\u1eb7t<br><br><a class=\"more-link\" href=\"https:\/\/bee.vision\/vn\/2026\/03\/19\/pc-cong-nghiep-ipc-ap610t-4ug-bv01\/\">Read More<\/a><\/div><\/li>\n<li><a href=\"https:\/\/bee.vision\/vn\/2026\/02\/26\/pc-cong-nghiep-ipc-ap610t-4ug-cim\/\">PC C\u00f4ng nghi\u1ec7p IPC-AP610T-4UG-CIM<\/a><div class=\"wp-block-latest-posts__post-excerpt\">PC C\u00f4ng nghi\u1ec7p IPC-AP610T-4UG-CIM h\u1ed7 tr\u1ee3 b\u1ed9 vi x\u1eed l\u00fd Intel\u00ae Core\u2122 th\u1ebf h\u1ec7 12\/13\/14 (i3\/i5\/i7\/i9), Pentium\u00ae v\u00e0 Celeron\u00ae socket LGA1700 \u0110\u1eb7c \u0111i\u1ec3m: Khung v\u1ecf ti\u00eau chu\u1ea9n 19 inch H\u1ed7 tr\u1ee3 bo m\u1ea1ch ch\u1ee7 c\u00f4ng nghi\u1ec7p ATX v\u00e0 ngu\u1ed3n ATX ti\u00eau chu\u1ea9n H\u1ed7 tr\u1ee3 1 khay \u1ed5 quang 5.25 inch ho\u1eb7c 1 khay \u1ed5 c\u1ee9ng 3.5 inch 1 khay \u1ed5 c\u1ee9ng 3.5 inch Khay \u1ed5 c\u1ee9ng \u0111\u01b0\u1ee3c thi\u1ebft k\u1ebf ch\u1ed1ng<br><br><a class=\"more-link\" href=\"https:\/\/bee.vision\/vn\/2026\/02\/26\/pc-cong-nghiep-ipc-ap610t-4ug-cim\/\">Read More<\/a><\/div><\/li>\n<li><a href=\"https:\/\/bee.vision\/vn\/2026\/02\/26\/phan-mem-vpro-max-kr-04-bv01\/\">Ph\u1ea7n m\u1ec1m VPRO-MAX-KR-04-BV01 ver 9.0<\/a><div class=\"wp-block-latest-posts__post-excerpt\">Ph\u1ea7n m\u1ec1m VPRO-MAX-KR-04-BV01 d\u1ef1a tr\u00ean PC, k\u1ebft h\u1ee3p c\u00e1c c\u00f4ng ngh\u1ec7 th\u1ecb gi\u00e1c h\u00e0ng \u0111\u1ea7u trong m\u1ed9t m\u00f4i tr\u01b0\u1eddng ph\u00e1t tri\u1ec3n d\u1ec5 s\u1eed d\u1ee5ng. \u0110\u1ee7 m\u1ea1nh m\u1ebd \u0111\u1ec3 t\u1ef1 \u0111\u1ed9ng h\u00f3a m\u1ecdi t\u00e1c v\u1ee5 th\u1ecb gi\u00e1c, VPRO-MAX-KR-04-BV01 t\u1eadn d\u1ee5ng kh\u1ea3 n\u0103ng t\u1ea1o m\u1eabu c\u00f4ng c\u1ee5 r\u1ed9ng r\u00e3i \u0111\u1ec3 cho ph\u00e9p tri\u1ec3n khai nhanh ch\u00f3ng c\u00e1c \u1ee9ng d\u1ee5ng c\u00f3 kh\u1ea3 n\u0103ng t\u00f9y ch\u1ec9nh cao. V\u1edbi c\u00e1c c\u00f4ng c\u1ee5 d\u1ef1a tr\u00ean quy<br><br><a class=\"more-link\" href=\"https:\/\/bee.vision\/vn\/2026\/02\/26\/phan-mem-vpro-max-kr-04-bv01\/\">Read More<\/a><\/div><\/li>\n<li><a href=\"https:\/\/bee.vision\/vn\/2026\/02\/26\/ong-kinh-bvs-c16m10\/\">\u1ed0ng k\u00ednh BVS-C16M10<\/a><div class=\"wp-block-latest-posts__post-excerpt\">\u1ed0ng k\u00ednh BVS-C16M10 c\u00f3 thi\u1ebft k\u1ebf quang h\u1ecdc \u0111\u1ed9 ph\u00e2n gi\u1ea3i cao, t\u01b0\u01a1ng th\u00edch v\u1edbi camera c\u00f4ng nghi\u1ec7p 10MP ph\u1ed5 bi\u1ebfn. Thi\u1ebft k\u1ebf l\u1ea5y n\u00e9t n\u1ed5i. Duy tr\u00ec ch\u1ea5t l\u01b0\u1ee3ng h\u00ecnh \u1ea3nh \u1ed5n \u0111\u1ecbnh. Tr\u01b0\u1eddng h\u1ee3p \u1ee9ng d\u1ee5ng Ki\u1ec3m tra \u0111\u1ed9 ph\u1eb3ng c\u1ee7a m\u1ea3nh kim lo\u1ea1i Ph\u00e1t hi\u1ec7n v\u1ebft n\u1ee9t k\u00ednh D\u00e1n keo ki\u1ec3m tra b\u1ec1 m\u1eb7t pin Ki\u1ec3m tra silicon Optical Specification&nbsp; Model BVS-C16M10&nbsp; Focal Length (mm)&nbsp; 16 Adjustion<br><br><a class=\"more-link\" href=\"https:\/\/bee.vision\/vn\/2026\/02\/26\/ong-kinh-bvs-c16m10\/\">Read More<\/a><\/div><\/li>\n<\/ul>","protected":false},"excerpt":{"rendered":"","protected":false},"author":6,"featured_media":0,"parent":0,"menu_order":0,"comment_status":"closed","ping_status":"closed","template":"","meta":[],"_links":{"self":[{"href":"https:\/\/bee.vision\/vn\/wp-json\/wp\/v2\/pages\/297"}],"collection":[{"href":"https:\/\/bee.vision\/vn\/wp-json\/wp\/v2\/pages"}],"about":[{"href":"https:\/\/bee.vision\/vn\/wp-json\/wp\/v2\/types\/page"}],"author":[{"embeddable":true,"href":"https:\/\/bee.vision\/vn\/wp-json\/wp\/v2\/users\/6"}],"replies":[{"embeddable":true,"href":"https:\/\/bee.vision\/vn\/wp-json\/wp\/v2\/comments?post=297"}],"version-history":[{"count":6,"href":"https:\/\/bee.vision\/vn\/wp-json\/wp\/v2\/pages\/297\/revisions"}],"predecessor-version":[{"id":1346,"href":"https:\/\/bee.vision\/vn\/wp-json\/wp\/v2\/pages\/297\/revisions\/1346"}],"wp:attachment":[{"href":"https:\/\/bee.vision\/vn\/wp-json\/wp\/v2\/media?parent=297"}],"curies":[{"name":"wp","href":"https:\/\/api.w.org\/{rel}","templated":true}]}}