{"id":26,"date":"2021-07-03T08:07:18","date_gmt":"2021-07-03T08:07:18","guid":{"rendered":"https:\/\/bee.vision\/vn\/?page_id=26"},"modified":"2021-07-03T08:07:18","modified_gmt":"2021-07-03T08:07:18","slug":"kiem-tra-ngoai-quan","status":"publish","type":"page","link":"https:\/\/bee.vision\/vn\/kiem-tra-ngoai-quan\/","title":{"rendered":"KI\u1ec2M TRA NGO\u1ea0I QUAN"},"content":{"rendered":"\n<p>Gi\u1ea3i ph\u00e1p ki\u1ec3m tra ngo\u1ea1i quan l\u00e0 m\u1ed9t h\u1ec7 th\u1ed1ng th\u00f4ng minh t\u00edch h\u1ee3p b\u1edfi camera, h\u00ecnh \u1ea3nh v\u00e0 \u00e1nh s\u00e1ng. H\u1ec7 th\u1ed1ng vision n\u00e0y c\u00f3 kh\u1ea3 n\u0103ng \u0111o \u0111\u1ea1c, ki\u1ec3m tra c\u00e1c v\u1eadt t\u1ea1i v\u1ecb tr\u00ed c\u1ed1 \u0111\u1ecbnh v\u00e0 ph\u00e1t hi\u1ec7n m\u00e0u s\u1eafc ho\u1eb7c h\u00ecnh d\u00e1ng c\u1ee7a v\u1eadt. H\u1ec7 th\u1ed1ng n\u00e0y c\u00f2n c\u00f3 th\u1ec3 \u0111o c\u00e1c v\u1eadt nh\u1ecf \u1edf t\u1ed1c \u0111\u1ed9 cao. Ph\u1ea7n m\u1ec1m s\u1ebd x\u1eed l\u00fd nh\u1eefng h\u00ecnh \u1ea3nh l\u1ea5y \u0111\u01b0\u1ee3c trong qu\u00e1 tr\u00ecnh \u0111\u1ec3 thu th\u1eadp d\u1eef li\u1ec7u c\u1ea7n thi\u1ebft. H\u1ec7 th\u1ed1ng Vision c\u1ee7a ch\u00fang t\u00f4i \u0111\u01b0\u1ee3c trang b\u1ecb tr\u00ean m\u00e1y mang c\u00f4ng ngh\u1ec7 th\u00f4ng minh \u0111\u1ec3 quy\u1ebft \u0111\u1ecbnh ch\u1ea5t l\u01b0\u1ee3ng s\u1ea3n ph\u1ea9m \u0111\u00e3 \u0111\u1ea1t hay ch\u01b0a. K\u1ebft qu\u1ea3 \u0111\u1ea1t hay kh\u00f4ng s\u1ebd g\u1eedi t\u00edn hi\u1ec7u \u0111\u1ebfn b\u1ed9 \u0111i\u1ec1u khi\u1ec3n \u0111\u1ec3 x\u1eed l\u00fd. H\u1ec7 th\u1ed1ng n\u00e0y c\u00f3 th\u1ec3 k\u1ebft h\u1ee3p v\u1edbi h\u1ec7 th\u1ed1ng Vision Guide Robot \u0111\u1ec3 g\u1eafp nh\u1eefng s\u1ea3n ph\u1ea9m l\u1ed7i \u0111\u1ec3 \u0111\u01b0a v\u00e0o khay ch\u1ec9nh l\u00e0m l\u1ea1i ho\u1eb7c h\u1ee7y.<\/p>\n\n\n\n<p>H\u1ec7 th\u1ed1ng ki\u1ec3m tra ngo\u1ea1i quan c\u00f3 th\u1ec3 \u0111\u01b0\u1ee3c s\u1eed d\u1ee5ng trong nhi\u1ec1u ng\u00e0nh c\u00f4ng nghi\u1ec7p m\u00e0 ch\u1ea5t l\u01b0\u1ee3ng s\u1ea3n ph\u1ea9m c\u1ea7n \u0111\u01b0\u1ee3c ki\u1ec3m so\u00e1t. Gi\u1ea3i ph\u00e1p c\u1ee7a ch\u00fang t\u00f4i c\u00f3 th\u1ec3 t\u00f9y ch\u1ec9nh \u0111\u1ec3 ph\u00f9 h\u1ee3p nh\u1ea5t v\u1edbi c\u00e1c y\u00eau c\u1ea7u c\u1ee7a nhi\u1ec1u ng\u00e0nh nh\u01b0: t\u1ef1 \u0111\u1ed9ng h\u00f3a, d\u01b0\u1ee3c ph\u1ea9m, bao b\u00ec, t\u1ef1 \u0111\u1ed9ng, th\u1ef1c ph\u1ea9m v\u00e0 \u0111\u1ed3 u\u1ed1ng, b\u00e1n d\u1eabn, thi\u1ebft b\u1ecb \u0111i\u1ec7n t\u1eed, h\u00e0ng ti\u00eau d\u00f9ng.<\/p>\n\n\n\n<p>Nh\u1eefng \u01b0u \u0111i\u1ec3m c\u1ee7a h\u1ec7 th\u1ed1ng ki\u1ec3m tra ngo\u1ea1i quan c\u1ee7a ch\u00fang t\u00f4i bao g\u1ed3m nh\u1eefng ng\u00e0nh kh\u00f4ng b\u1ecb gi\u1edbi h\u1ea1n nh\u01b0: c\u1ea3i ti\u1ebfn s\u1ea3n ph\u1ea9m, t\u0103ng th\u1eddi gian ho\u1ea1t \u0111\u1ed9ng, gi\u1ea3m thi\u1ec3u chi ph\u00ed. D\u1eef li\u1ec7u thu th\u1eadp \u0111\u01b0\u1ee3c b\u1edfi h\u1ec7 th\u1ed1ng Vision c\u00f3 th\u1ec3 gi\u00fap c\u1ea3i thi\u1ec7n hi\u1ec7u n\u0103ng trong d\u00e2y chuy\u1ec1n s\u1ea3n xu\u1ea5t. Ngo\u00e0i ra, th\u00f4ng tin l\u1ea5y \u0111\u01b0\u1ee3c b\u1eb1ng h\u1ec7 th\u1ed1ng vision c\u00f3 th\u1ec3 nh\u1eadn ra v\u1ea5n \u0111\u1ec1 v\u1edbi d\u00e2y truy\u1ec1n s\u1ea3n xu\u1ea5t ho\u1eb7c t\u00ednh n\u0103ng kh\u00e1c b\u1ea1n c\u1ea7n \u0111\u1ec3 c\u1ea3i thi\u1ec7n hi\u1ec7u qu\u1ea3, d\u1eebng nh\u1eefng ho\u1ea1t \u0111\u1ed9ng thi\u1ebfu hi\u1ec7u qu\u1ea3 hay l\u00e0 x\u00e1c \u0111\u1ecbnh nh\u1eefng s\u1ea3n ph\u1ea9m kh\u00f4ng \u0111\u1ea1t.<\/p>\n","protected":false},"excerpt":{"rendered":"<p>Gi\u1ea3i ph\u00e1p ki\u1ec3m tra ngo\u1ea1i quan l\u00e0 m\u1ed9t h\u1ec7 th\u1ed1ng th\u00f4ng minh t\u00edch h\u1ee3p b\u1edfi camera, h\u00ecnh \u1ea3nh v\u00e0 \u00e1nh s\u00e1ng. H\u1ec7 th\u1ed1ng vision n\u00e0y c\u00f3 kh\u1ea3 n\u0103ng \u0111o \u0111\u1ea1c, ki\u1ec3m tra c\u00e1c v\u1eadt t\u1ea1i v\u1ecb tr\u00ed c\u1ed1 \u0111\u1ecbnh v\u00e0 ph\u00e1t hi\u1ec7n m\u00e0u s\u1eafc ho\u1eb7c h\u00ecnh d\u00e1ng c\u1ee7a v\u1eadt. H\u1ec7 th\u1ed1ng n\u00e0y c\u00f2n c\u00f3 th\u1ec3 \u0111o c\u00e1c v\u1eadt nh\u1ecf \u1edf t\u1ed1c \u0111\u1ed9 cao. Ph\u1ea7n m\u1ec1m s\u1ebd x\u1eed l\u00fd nh\u1eefng h\u00ecnh<\/p>\n<p><a class=\"more-link\" href=\"https:\/\/bee.vision\/vn\/kiem-tra-ngoai-quan\/\">Read More<\/a><\/p>\n","protected":false},"author":1,"featured_media":0,"parent":0,"menu_order":0,"comment_status":"closed","ping_status":"closed","template":"","meta":[],"_links":{"self":[{"href":"https:\/\/bee.vision\/vn\/wp-json\/wp\/v2\/pages\/26"}],"collection":[{"href":"https:\/\/bee.vision\/vn\/wp-json\/wp\/v2\/pages"}],"about":[{"href":"https:\/\/bee.vision\/vn\/wp-json\/wp\/v2\/types\/page"}],"author":[{"embeddable":true,"href":"https:\/\/bee.vision\/vn\/wp-json\/wp\/v2\/users\/1"}],"replies":[{"embeddable":true,"href":"https:\/\/bee.vision\/vn\/wp-json\/wp\/v2\/comments?post=26"}],"version-history":[{"count":1,"href":"https:\/\/bee.vision\/vn\/wp-json\/wp\/v2\/pages\/26\/revisions"}],"predecessor-version":[{"id":27,"href":"https:\/\/bee.vision\/vn\/wp-json\/wp\/v2\/pages\/26\/revisions\/27"}],"wp:attachment":[{"href":"https:\/\/bee.vision\/vn\/wp-json\/wp\/v2\/media?parent=26"}],"curies":[{"name":"wp","href":"https:\/\/api.w.org\/{rel}","templated":true}]}}