{"id":24,"date":"2021-07-03T08:06:41","date_gmt":"2021-07-03T08:06:41","guid":{"rendered":"https:\/\/bee.vision\/vn\/?page_id=24"},"modified":"2021-07-03T09:03:23","modified_gmt":"2021-07-03T09:03:23","slug":"dan-huong-robot","status":"publish","type":"page","link":"https:\/\/bee.vision\/vn\/dan-huong-robot\/","title":{"rendered":"D\u1eaaN H\u01af\u1edaNG ROBOT"},"content":{"rendered":"\n<p>H\u1ec7 th\u1ed1ng d\u1eabn h\u01b0\u1edbng robot bao g\u1ed3m m\u1ed9t hay nhi\u1ec1u robot \u0111\u01b0\u1ee3c trang b\u1ecb m\u1ed9t hay nhi\u1ec1u camera c\u00f3 t\u00ednh n\u0103ng nh\u01b0 c\u00e1c c\u1ea3m bi\u1ebfn cung c\u1ea5p t\u00edn hi\u1ec7u ph\u1ea3n h\u1ed3i th\u1ee9 hai cho b\u1ed9 \u0111i\u1ec1u khi\u1ec3n robot. Camera v\u00e0 ph\u1ea7n m\u1ec1m (h\u1ec7 th\u1ed1ng th\u1ecb gi\u00e1c m\u00e1y) s\u1ebd x\u00e1c \u0111\u1ecbnh v\u1ecb tr\u00ed ng\u1eabu nhi\u00ean c\u1ee7a c\u00e1c s\u1ea3n ph\u1ea9m tr\u00ean b\u0103ng truy\u1ec1n. H\u1ec7 th\u1ed1ng th\u1ecb gi\u00e1c m\u00e1y s\u1ebd cung c\u1ea5p v\u1ecb tr\u00ed ch\u00ednh x\u00e1c c\u00e1c s\u1ea3n ph\u1ea9m \u0111\u01b0\u1ee3c ph\u00e2n b\u1ed5 m\u1ed9t c\u00e1ch ng\u1eabu nhi\u00ean trong v\u00f9ng l\u00e0m vi\u1ec7c c\u1ee7a camera \u0111\u1ebfn robot. Nh\u1eefng th\u00f4ng tin t\u1eeb camera s\u1ebd gi\u00fap c\u00e1nh tay robot di chuy\u1ec3n \u0111\u1ebfn v\u1ecb tr\u00ed ch\u00ednh x\u00e1c c\u1ee7a v\u1eadt th\u1ec3 v\u00e0 cho ph\u00e9p g\u1eafp v\u1eadt th\u1ec3 tr\u00ean b\u0103ng t\u1ea3i.<\/p>\n\n\n\n<p>C\u00f4ng ngh\u1ec7 th\u1ecb gi\u00e1c m\u00e1y cho th\u1ea5y hi\u1ec7u qu\u1ea3 r\u00f5 r\u1ec7t trong ng\u00e0nh s\u1ea3n xu\u1ea5t nguy\u00ean v\u1eadt li\u1ec7u v\u00e0 l\u1eafp r\u00e1p t\u1ef1 \u0111\u1ed9ng. Gi\u1ea3i ph\u00e1p c\u1ee7a ch\u00fang t\u00f4i \u1ee9ng d\u1ee5ng \u0111\u01b0\u1ee3c trong \u0111a ho\u00e0n c\u1ea3nh nh\u01b0: g\u1eafp v\u1eadt \u1edf v\u1ecb tr\u00ed ng\u1eabu nhi\u00ean, t\u1ed5 ch\u1ee9c th\u1ed1ng k\u00ea v\u00e0 qu\u1ea3n l\u00fd, ph\u00e1t hi\u1ec7n chuy\u1ec3n \u0111\u1ed9ng, theo d\u00f5i v\u00e0 \u0111i\u1ec1u khi\u1ec3n c\u00e1c ph\u1ea7n di chuy\u1ec3n theo \u0111\u01b0\u1eddng, t\u1ef1 \u0111\u1ed9ng h\u00f3a qu\u00e1 tr\u00ecnh \u0111i\u1ec1u khi\u1ec3n v\u00e0 l\u1eafp r\u00e1p.<\/p>\n\n\n\n<p>H\u1ec7 th\u1ed1ng d\u1eabn h\u01b0\u1edbng robot cung c\u1ea5p chuy\u1ec3n \u0111\u1ed9ng ch\u00ednh x\u00e1c h\u01a1n t\u1edbi v\u1ecb tr\u00ed v\u1eadt \u0111\u1ecbnh s\u1eb5n. Robot th\u00edch nghi t\u1ed1t h\u01a1n v\u00e0 d\u1ec5 d\u00e0ng tri\u1ec3n trai h\u01a1n trong khi gi\u00e1 th\u00e0nh th\u1ea5p h\u01a1n v\u00e0 \u0111\u01a1n gi\u1ea3n h\u00f3a ph\u1ea7n c\u1ee9ng. Th\u00f4ng th\u01b0\u1eddng khi c\u00f3 m\u1ed9t thi\u1ebft k\u1ebf c\u1ea7n c\u00f3 c\u00e1c c\u01a1 c\u1ea5u m\u1edbi v\u00e0 m\u1ea5t nhi\u1ec1u th\u1eddi gian \u0111\u1ec3 l\u1eafp \u0111\u1eb7t, v\u1edbi c\u00f4ng ngh\u1ec7 th\u1ecb gi\u00e1c m\u00e1y c\u00e1c b\u1ea1n kh\u00f4ng c\u1ea7n nh\u1eefng thi\u1ebft b\u1ecb \u0111\u1eaft ti\u1ec1n \u0111\u1ec3 thay \u0111\u1ed5i m\u1eabu s\u1ea3n ph\u1ea9m trong d\u00e2y chuy\u1ec1n s\u1ea3n xu\u1ea5t n\u1eefa. Gi\u1ea3i ph\u00e1p c\u1ee7a ch\u00fang t\u00f4i cho ph\u00e9p robot g\u1eafp c\u00e1c s\u1ea3n ph\u1ea9m v\u1edbi th\u1eddi gian ch\u1edd x\u1eed l\u00fd ng\u1eafn nh\u1ea5t.<\/p>\n","protected":false},"excerpt":{"rendered":"<p>H\u1ec7 th\u1ed1ng d\u1eabn h\u01b0\u1edbng robot bao g\u1ed3m m\u1ed9t hay nhi\u1ec1u robot \u0111\u01b0\u1ee3c trang b\u1ecb m\u1ed9t hay nhi\u1ec1u camera c\u00f3 t\u00ednh n\u0103ng nh\u01b0 c\u00e1c c\u1ea3m bi\u1ebfn cung c\u1ea5p t\u00edn hi\u1ec7u ph\u1ea3n h\u1ed3i th\u1ee9 hai cho b\u1ed9 \u0111i\u1ec1u khi\u1ec3n robot. Camera v\u00e0 ph\u1ea7n m\u1ec1m (h\u1ec7 th\u1ed1ng th\u1ecb gi\u00e1c m\u00e1y) s\u1ebd x\u00e1c \u0111\u1ecbnh v\u1ecb tr\u00ed ng\u1eabu nhi\u00ean c\u1ee7a c\u00e1c s\u1ea3n ph\u1ea9m tr\u00ean b\u0103ng truy\u1ec1n. H\u1ec7 th\u1ed1ng th\u1ecb gi\u00e1c m\u00e1y s\u1ebd cung c\u1ea5p v\u1ecb<\/p>\n<p><a class=\"more-link\" href=\"https:\/\/bee.vision\/vn\/dan-huong-robot\/\">Read More<\/a><\/p>\n","protected":false},"author":1,"featured_media":0,"parent":0,"menu_order":0,"comment_status":"closed","ping_status":"closed","template":"","meta":[],"_links":{"self":[{"href":"https:\/\/bee.vision\/vn\/wp-json\/wp\/v2\/pages\/24"}],"collection":[{"href":"https:\/\/bee.vision\/vn\/wp-json\/wp\/v2\/pages"}],"about":[{"href":"https:\/\/bee.vision\/vn\/wp-json\/wp\/v2\/types\/page"}],"author":[{"embeddable":true,"href":"https:\/\/bee.vision\/vn\/wp-json\/wp\/v2\/users\/1"}],"replies":[{"embeddable":true,"href":"https:\/\/bee.vision\/vn\/wp-json\/wp\/v2\/comments?post=24"}],"version-history":[{"count":1,"href":"https:\/\/bee.vision\/vn\/wp-json\/wp\/v2\/pages\/24\/revisions"}],"predecessor-version":[{"id":25,"href":"https:\/\/bee.vision\/vn\/wp-json\/wp\/v2\/pages\/24\/revisions\/25"}],"wp:attachment":[{"href":"https:\/\/bee.vision\/vn\/wp-json\/wp\/v2\/media?parent=24"}],"curies":[{"name":"wp","href":"https:\/\/api.w.org\/{rel}","templated":true}]}}