{"id":21,"date":"2021-07-03T08:01:47","date_gmt":"2021-07-03T08:01:47","guid":{"rendered":"https:\/\/bee.vision\/vn\/?page_id=21"},"modified":"2021-07-03T08:01:47","modified_gmt":"2021-07-03T08:01:47","slug":"giai-phap","status":"publish","type":"page","link":"https:\/\/bee.vision\/vn\/giai-phap\/","title":{"rendered":"GI\u1ea2I PH\u00c1P"},"content":{"rendered":"\n<p>Th\u1ecb gi\u00e1c m\u00e1y l\u00e0 m\u1ed9t nh\u00e1nh t\u1eeb khoa h\u1ecdc m\u00e1y t\u00ednh \u0111\u01b0\u1ee3c ph\u00e1t tri\u1ec3n t\u1eeb kho\u1ea3ng 20 n\u0103m v\u1ec1 tr\u01b0\u1edbc v\u00e0 \u0111\u00e3 tr\u1edf th\u00e0nh m\u1ed9t t\u00ednh n\u0103ng kh\u00f4ng th\u1ec3 thi\u1ebfu c\u1ee7a ng\u00e0nh s\u1ea3n xu\u1ea5t. Ng\u00e0y nay h\u1ec7 th\u1ed1ng th\u1ecb gi\u00e1c m\u00e1y cung c\u1ea5p m\u1ed9t c\u00e1ch linh ho\u1ea1t h\u01a1n v\u00e0 nhi\u1ec1u h\u01a1n c\u00e1c gi\u1ea3i ph\u00e1p t\u1ef1 \u0111\u1ed9ng h\u00f3a cho c\u00e1c nh\u00e0 s\u1ea3n xu\u1ea5t, gi\u00fap ch\u00fang ta ph\u00e1t hi\u1ec7n nh\u1eefng khi\u1ebfm khuy\u1ebft, ph\u00e2n lo\u1ea1i s\u1ea3n ph\u1ea9m v\u00e0 ho\u00e0n th\u00e0nh m\u1ed9t kh\u1ed1i l\u01b0\u1ee3ng c\u00f4ng vi\u1ec7c hi\u1ec7u qu\u1ea3 h\u01a1n v\u00e0 nhanh h\u01a1n nh\u1eefng g\u00ec nh\u00e2n c\u00f4ng c\u00f3 th\u1ec3 l\u00e0m. Ch\u00fang t\u00f4i c\u00f3 r\u1ea5t nhi\u1ec1u s\u1ea3n ph\u1ea9m, gi\u1ea3i ph\u00e1p t\u1eadp trung v\u00e0o h\u1ed7 tr\u1ee3 ph\u00e1t tri\u1ec3n ng\u00e0nh c\u00f4ng nghi\u1ec7p 4.0 hi\u1ec7n nay.<\/p>\n\n\n\n<p>C\u00e1c ph\u1ea7n m\u1ec1m d\u00e0nh cho th\u1ecb gi\u00e1c m\u00e1y r\u1ea5t kh\u00e1c nhau d\u1ef1a tr\u00ean m\u00f4i tr\u01b0\u1eddng c\u00f4ng nghi\u1ec7p v\u00e0 \u0111\u1eb7c t\u00ednh s\u1ea3n ph\u1ea9m. Ch\u00fang t\u00f4i t\u1eadp trung v\u00e0o nh\u1eefng l\u0129nh v\u1ef1c ch\u00ednh sau:<\/p>\n\n\n\n<ul><li>D\u1eabn h\u01b0\u1edbng robot<\/li><li>\u0110o l\u01b0\u1eddng<\/li><li>Ki\u1ec3m tra ngo\u1ea1i quan<\/li><li>C\u0103n ch\u1ec9nh<\/li><\/ul>\n\n\n\n<p>Ch\u00fang t\u00f4i cung c\u1ea5p \u0111a d\u1ea1ng c\u00e1c gi\u1ea3i ph\u00e1p th\u1ecb gi\u00e1c m\u00e1y t\u1eeb nh\u1eefng v\u1ea5n \u0111\u1ec1 \u0111\u01a1n gi\u1ea3n \u0111\u1ebfn nh\u1eefng v\u1ea5n \u0111\u1ec1 ph\u1ee9c t\u1ea1p nh\u1ea5t \u0111\u1ec3 ph\u1ee5c v\u1ee5 cho ng\u00e0nh c\u00f4ng nghi\u1ec7p s\u1ea3n xu\u1ea5t.<\/p>\n","protected":false},"excerpt":{"rendered":"<p>Th\u1ecb gi\u00e1c m\u00e1y l\u00e0 m\u1ed9t nh\u00e1nh t\u1eeb khoa h\u1ecdc m\u00e1y t\u00ednh \u0111\u01b0\u1ee3c ph\u00e1t tri\u1ec3n t\u1eeb kho\u1ea3ng 20 n\u0103m v\u1ec1 tr\u01b0\u1edbc v\u00e0 \u0111\u00e3 tr\u1edf th\u00e0nh m\u1ed9t t\u00ednh n\u0103ng kh\u00f4ng th\u1ec3 thi\u1ebfu c\u1ee7a ng\u00e0nh s\u1ea3n xu\u1ea5t. Ng\u00e0y nay h\u1ec7 th\u1ed1ng th\u1ecb gi\u00e1c m\u00e1y cung c\u1ea5p m\u1ed9t c\u00e1ch linh ho\u1ea1t h\u01a1n v\u00e0 nhi\u1ec1u h\u01a1n c\u00e1c gi\u1ea3i ph\u00e1p t\u1ef1 \u0111\u1ed9ng h\u00f3a cho c\u00e1c nh\u00e0 s\u1ea3n xu\u1ea5t, gi\u00fap ch\u00fang ta ph\u00e1t hi\u1ec7n nh\u1eefng khi\u1ebfm khuy\u1ebft,<\/p>\n<p><a class=\"more-link\" href=\"https:\/\/bee.vision\/vn\/giai-phap\/\">Read More<\/a><\/p>\n","protected":false},"author":1,"featured_media":0,"parent":0,"menu_order":0,"comment_status":"closed","ping_status":"closed","template":"","meta":[],"_links":{"self":[{"href":"https:\/\/bee.vision\/vn\/wp-json\/wp\/v2\/pages\/21"}],"collection":[{"href":"https:\/\/bee.vision\/vn\/wp-json\/wp\/v2\/pages"}],"about":[{"href":"https:\/\/bee.vision\/vn\/wp-json\/wp\/v2\/types\/page"}],"author":[{"embeddable":true,"href":"https:\/\/bee.vision\/vn\/wp-json\/wp\/v2\/users\/1"}],"replies":[{"embeddable":true,"href":"https:\/\/bee.vision\/vn\/wp-json\/wp\/v2\/comments?post=21"}],"version-history":[{"count":1,"href":"https:\/\/bee.vision\/vn\/wp-json\/wp\/v2\/pages\/21\/revisions"}],"predecessor-version":[{"id":22,"href":"https:\/\/bee.vision\/vn\/wp-json\/wp\/v2\/pages\/21\/revisions\/22"}],"wp:attachment":[{"href":"https:\/\/bee.vision\/vn\/wp-json\/wp\/v2\/media?parent=21"}],"curies":[{"name":"wp","href":"https:\/\/api.w.org\/{rel}","templated":true}]}}